{"id":86,"date":"2016-02-16T14:40:03","date_gmt":"2016-02-16T13:40:03","guid":{"rendered":"http:\/\/demo.athemes.com\/astrid\/?page_id=86"},"modified":"2022-01-07T18:47:25","modified_gmt":"2022-01-07T17:47:25","slug":"opaline","status":"publish","type":"page","link":"https:\/\/muditasanctuary.org\/fr\/departed\/opaline\/","title":{"rendered":"Opaline"},"content":{"rendered":"<div data-elementor-type=\"wp-page\" data-elementor-id=\"86\" class=\"elementor elementor-86\">\n\t\t\t\t\t\t<div class=\"elementor-inner\">\n\t\t\t\t<div class=\"elementor-section-wrap\">\n\t\t\t\t\t\t\t\t\t<section class=\"elementor-section elementor-top-section elementor-element elementor-element-12d5539d elementor-section-boxed elementor-section-height-default elementor-section-height-default\" data-id=\"12d5539d\" data-element_type=\"section\">\n\t\t\t\t\t\t<div class=\"elementor-container elementor-column-gap-default\">\n\t\t\t\t\t\t\t<div class=\"elementor-row\">\n\t\t\t\t\t<div class=\"elementor-column elementor-col-100 elementor-top-column elementor-element elementor-element-72b4a453\" data-id=\"72b4a453\" data-element_type=\"column\">\n\t\t\t<div class=\"elementor-column-wrap elementor-element-populated\">\n\t\t\t\t\t\t\t<div class=\"elementor-widget-wrap\">\n\t\t\t\t\t\t<div class=\"elementor-element elementor-element-7782dcc4 elementor-widget elementor-widget-heading\" data-id=\"7782dcc4\" data-element_type=\"widget\" data-widget_type=\"heading.default\">\n\t\t\t\t<div class=\"elementor-widget-container\">\n\t\t\t<h2 class=\"elementor-heading-title elementor-size-xxl\">Opaline<\/h2>\t\t<\/div>\n\t\t\t\t<\/div>\n\t\t\t\t<div class=\"elementor-element elementor-element-3e715fde elementor-widget elementor-widget-image\" data-id=\"3e715fde\" data-element_type=\"widget\" data-widget_type=\"image.default\">\n\t\t\t\t<div class=\"elementor-widget-container\">\n\t\t\t\t\t\t\t\t<div class=\"elementor-image\">\n\t\t\t\t\t\t\t\t\t\t\t\t<img decoding=\"async\" width=\"1024\" height=\"683\" src=\"https:\/\/muditasanctuary.org\/wp-content\/uploads\/2019\/11\/IMG_0558-1024x683.jpg\" class=\"attachment-large size-large wp-image-1931\" alt=\"\" loading=\"lazy\" srcset=\"https:\/\/muditasanctuary.org\/wp-content\/uploads\/2019\/11\/IMG_0558-1024x683.jpg 1024w, https:\/\/muditasanctuary.org\/wp-content\/uploads\/2019\/11\/IMG_0558-300x200.jpg 300w, https:\/\/muditasanctuary.org\/wp-content\/uploads\/2019\/11\/IMG_0558-768x512.jpg 768w, https:\/\/muditasanctuary.org\/wp-content\/uploads\/2019\/11\/IMG_0558.jpg 2048w\" sizes=\"(max-width: 1024px) 100vw, 1024px\" \/>\t\t\t\t\t\t\t\t\t\t\t\t\t\t<\/div>\n\t\t\t\t\t\t<\/div>\n\t\t\t\t<\/div>\n\t\t\t\t<section class=\"elementor-section elementor-inner-section elementor-element elementor-element-36d20971 elementor-section-boxed elementor-section-height-default elementor-section-height-default\" data-id=\"36d20971\" data-element_type=\"section\">\n\t\t\t\t\t\t<div class=\"elementor-container elementor-column-gap-default\">\n\t\t\t\t\t\t\t<div class=\"elementor-row\">\n\t\t\t\t\t<div class=\"elementor-column elementor-col-50 elementor-inner-column elementor-element elementor-element-e4ae6a9\" data-id=\"e4ae6a9\" data-element_type=\"column\">\n\t\t\t<div class=\"elementor-column-wrap elementor-element-populated\">\n\t\t\t\t\t\t\t<div class=\"elementor-widget-wrap\">\n\t\t\t\t\t\t<div class=\"elementor-element elementor-element-fe1100f elementor-widget elementor-widget-text-editor\" data-id=\"fe1100f\" data-element_type=\"widget\" data-widget_type=\"text-editor.default\">\n\t\t\t\t<div class=\"elementor-widget-container\">\n\t\t\t\t\t\t\t\t<div class=\"elementor-text-editor elementor-clearfix\">\n\t\t\t\t<p><strong>Date de Naissance:<\/strong> 01\/01\/1991<\/p><p><strong>Sexe:<\/strong>\u00a0Femelle<\/p>\t\t\t\t\t<\/div>\n\t\t\t\t\t\t<\/div>\n\t\t\t\t<\/div>\n\t\t\t\t\t\t<\/div>\n\t\t\t\t\t<\/div>\n\t\t<\/div>\n\t\t\t\t<div class=\"elementor-column elementor-col-50 elementor-inner-column elementor-element elementor-element-21a8ede9\" data-id=\"21a8ede9\" data-element_type=\"column\">\n\t\t\t<div class=\"elementor-column-wrap elementor-element-populated\">\n\t\t\t\t\t\t\t<div class=\"elementor-widget-wrap\">\n\t\t\t\t\t\t<div class=\"elementor-element elementor-element-4b27cbca elementor-widget elementor-widget-text-editor\" data-id=\"4b27cbca\" data-element_type=\"widget\" data-widget_type=\"text-editor.default\">\n\t\t\t\t<div class=\"elementor-widget-container\">\n\t\t\t\t\t\t\t\t<div class=\"elementor-text-editor elementor-clearfix\">\n\t\t\t\t<p><strong>Accueil le:<\/strong>\u00a028\/02\/2015<\/p>\n<p><strong>Race:<\/strong> Demi-Sang Belge<\/p>\t\t\t\t\t<\/div>\n\t\t\t\t\t\t<\/div>\n\t\t\t\t<\/div>\n\t\t\t\t\t\t<\/div>\n\t\t\t\t\t<\/div>\n\t\t<\/div>\n\t\t\t\t\t\t\t\t<\/div>\n\t\t\t\t\t<\/div>\n\t\t<\/section>\n\t\t\t\t<section class=\"elementor-section elementor-inner-section elementor-element elementor-element-2c3cc21a elementor-section-boxed elementor-section-height-default elementor-section-height-default\" data-id=\"2c3cc21a\" data-element_type=\"section\">\n\t\t\t\t\t\t<div class=\"elementor-container elementor-column-gap-default\">\n\t\t\t\t\t\t\t<div class=\"elementor-row\">\n\t\t\t\t\t<div class=\"elementor-column elementor-col-50 elementor-inner-column elementor-element elementor-element-31baabd3\" data-id=\"31baabd3\" data-element_type=\"column\">\n\t\t\t<div class=\"elementor-column-wrap elementor-element-populated\">\n\t\t\t\t\t\t\t<div class=\"elementor-widget-wrap\">\n\t\t\t\t\t\t<div class=\"elementor-element elementor-element-3342b740 elementor-widget elementor-widget-image\" data-id=\"3342b740\" data-element_type=\"widget\" data-widget_type=\"image.default\">\n\t\t\t\t<div class=\"elementor-widget-container\">\n\t\t\t\t\t\t\t\t<div class=\"elementor-image\">\n\t\t\t\t\t\t\t\t\t\t\t\t<img decoding=\"async\" width=\"683\" height=\"1024\" src=\"https:\/\/muditasanctuary.org\/wp-content\/uploads\/2019\/11\/Opaline-2-683x1024.jpg\" class=\"attachment-large size-large wp-image-1944\" alt=\"\" loading=\"lazy\" srcset=\"https:\/\/muditasanctuary.org\/wp-content\/uploads\/2019\/11\/Opaline-2-683x1024.jpg 683w, https:\/\/muditasanctuary.org\/wp-content\/uploads\/2019\/11\/Opaline-2-200x300.jpg 200w, https:\/\/muditasanctuary.org\/wp-content\/uploads\/2019\/11\/Opaline-2-768x1152.jpg 768w, https:\/\/muditasanctuary.org\/wp-content\/uploads\/2019\/11\/Opaline-2.jpg 1148w\" sizes=\"(max-width: 683px) 100vw, 683px\" \/>\t\t\t\t\t\t\t\t\t\t\t\t\t\t<\/div>\n\t\t\t\t\t\t<\/div>\n\t\t\t\t<\/div>\n\t\t\t\t\t\t<\/div>\n\t\t\t\t\t<\/div>\n\t\t<\/div>\n\t\t\t\t<div class=\"elementor-column elementor-col-50 elementor-inner-column elementor-element elementor-element-93cdc15\" data-id=\"93cdc15\" data-element_type=\"column\">\n\t\t\t<div class=\"elementor-column-wrap elementor-element-populated\">\n\t\t\t\t\t\t\t<div class=\"elementor-widget-wrap\">\n\t\t\t\t\t\t<div class=\"elementor-element elementor-element-50f2255a elementor-widget elementor-widget-text-editor\" data-id=\"50f2255a\" data-element_type=\"widget\" data-widget_type=\"text-editor.default\">\n\t\t\t\t<div class=\"elementor-widget-container\">\n\t\t\t\t\t\t\t\t<div class=\"elementor-text-editor elementor-clearfix\">\n\t\t\t\t<p class=\"p1\">Le mode de vie d\u2019Opaline est tre\u0300s commun pour des chevaux de sport. Ses proprie\u0301taires s'occupaient d'elle, mais elle resterait confine\u0301e dans son e\u0301curie, environ 23 heures par jour, dans un club hippique. Cela n'est pas fait par indiffe\u0301rence pour le cheval, bien au contraire, la plupart des proprie\u0301taires de chevaux veulent ce qu'il y a de mieux pour leur partenaire a\u0300 quatre pattes, mais la re\u0301alite\u0301 est qu'ils ressemblent davantage a\u0300 des prisonniers qui ne sont autorise\u0301s a\u0300 sortir que pendant une infime partie de la journe\u0301e.\u00a0<\/p><p>La proprie\u0301taire allait a\u0300 l'universite\u0301 a\u0300 l'e\u0301tranger et cherchait quelqu'un pour s'occuper de son cheval car elle ne pouvait plus le faire. Comme Opaline e\u0301tait de\u0301ja\u0300 une jument plus a\u0302ge\u0301e, personne ne souhaitait en prendre soin. Il a donc e\u0301te\u0301 de\u0301cide\u0301 qu'elle resterait avec nous.\u00a0<\/p><p class=\"p1\">\u00a0<\/p>\t\t\t\t\t<\/div>\n\t\t\t\t\t\t<\/div>\n\t\t\t\t<\/div>\n\t\t\t\t\t\t<\/div>\n\t\t\t\t\t<\/div>\n\t\t<\/div>\n\t\t\t\t\t\t\t\t<\/div>\n\t\t\t\t\t<\/div>\n\t\t<\/section>\n\t\t\t\t<div class=\"elementor-element elementor-element-d30b524 elementor-widget elementor-widget-text-editor\" data-id=\"d30b524\" data-element_type=\"widget\" data-widget_type=\"text-editor.default\">\n\t\t\t\t<div class=\"elementor-widget-container\">\n\t\t\t\t\t\t\t\t<div class=\"elementor-text-editor elementor-clearfix\">\n\t\t\t\t<p class=\"p1\">Au cours des premie\u0300res semaines suivant l\u2019arrive\u0301e d\u2019Opaline au sanctuaire, elle restait dans un coin du pre\u0301, pre\u0300s des barrie\u0300res, comme dans un box pour chevaux. Nous pensions qu\u2019elle ne savait pas quoi faire de toute cette liberte\u0301 retrouve\u0301e et de cette abondance d\u2019espace, craignant apparemment d\u2019e\u0302tre libre. Nous avons placer sa nourriture et son eau dans ce coin sinon elle n\u2019aurait pas mange\u0301 du tout.<\/p>\n<p class=\"p1\"><span style=\"font-size: 16px;\">Elle e\u0301tait seule dans le pre\u0301 adjacent a\u0300 celui du reste de la famille des e\u0301quide\u0301s, afin de s'acclimater a\u0300 son nouvel environnement. Il n'est pas recommande\u0301 de mettre un nouveau cheval directement dans le me\u0302me espace qu\u2019un groupe existant. Les de\u0301buts n\u2019e\u0301taient pas prometteurs, elle mordait tous les chevaux qui s\u2019approchaient trop pre\u0300s. Ses proprie\u0301taires nous avaient pre\u0301venus qu'elle e\u0301tait assez asociale.<\/span><\/p>\t\t\t\t\t<\/div>\n\t\t\t\t\t\t<\/div>\n\t\t\t\t<\/div>\n\t\t\t\t<div class=\"elementor-element elementor-element-63e8612f elementor-widget elementor-widget-image\" data-id=\"63e8612f\" data-element_type=\"widget\" data-widget_type=\"image.default\">\n\t\t\t\t<div class=\"elementor-widget-container\">\n\t\t\t\t\t\t\t\t<div class=\"elementor-image\">\n\t\t\t\t\t\t\t\t\t<figure class=\"wp-caption\">\n\t\t\t\t\t\t\t\t\t\t<img decoding=\"async\" width=\"1024\" height=\"683\" src=\"https:\/\/muditasanctuary.org\/wp-content\/uploads\/2019\/11\/IMG_0217-1024x683.jpg\" class=\"attachment-large size-large wp-image-1928\" alt=\"\" loading=\"lazy\" srcset=\"https:\/\/muditasanctuary.org\/wp-content\/uploads\/2019\/11\/IMG_0217-1024x683.jpg 1024w, https:\/\/muditasanctuary.org\/wp-content\/uploads\/2019\/11\/IMG_0217-300x200.jpg 300w, https:\/\/muditasanctuary.org\/wp-content\/uploads\/2019\/11\/IMG_0217-768x512.jpg 768w, https:\/\/muditasanctuary.org\/wp-content\/uploads\/2019\/11\/IMG_0217.jpg 2048w\" sizes=\"(max-width: 1024px) 100vw, 1024px\" \/>\t\t\t\t\t\t\t\t\t\t\t<figcaption class=\"widget-image-caption wp-caption-text\">Charly n'est jamais tr\u00e8s loin<\/figcaption>\n\t\t\t\t\t\t\t\t\t\t<\/figure>\n\t\t\t\t\t\t\t\t<\/div>\n\t\t\t\t\t\t<\/div>\n\t\t\t\t<\/div>\n\t\t\t\t<div class=\"elementor-element elementor-element-3b9c137c elementor-widget elementor-widget-text-editor\" data-id=\"3b9c137c\" data-element_type=\"widget\" data-widget_type=\"text-editor.default\">\n\t\t\t\t<div class=\"elementor-widget-container\">\n\t\t\t\t\t\t\t\t<div class=\"elementor-text-editor elementor-clearfix\">\n\t\t\t\t<p>Nous avons remarque\u0301 que\u00a0<a href=\"https:\/\/muditasanctuary.org\/fr\/guests\/charly\/\">Charly<\/a>, notre shetland nain, semblait tre\u0300s inte\u0301resse\u0301e par cette belle et grande jument et nous lui avons rapidement permis de se rendre dans le me\u0302me pre\u0301. Deux jours plus tard, Opaline ne se tenait plus dans le coin, elle avait finalement commence\u0301 a\u0300 brouter aux co\u0302te\u0301s de\u00a0<a href=\"https:\/\/muditasanctuary.org\/fr\/guests\/charly\/\">Charly<\/a>. Quelques jours plus tard, nous avons ouvert le portail du pre\u0301 principal ou\u0300 se trouvaient tous les autres chevaux. Non seulement elle ne mordait plus les autres, elle s'entendait bien avec eux. A\u0300 tel point qu'elle est maintenant la jument de te\u0302te du troupeau.<\/p>\n<p><span style=\"font-family: Roboto, sans-serif; font-size: 16px; font-style: normal; font-variant-ligatures: normal; font-variant-caps: normal; font-weight: 300;\">Opaline doit \u00eatre la premi\u00e8re \u00e0 entrer dans son box le matin quand le troupeau est nourrit, sinon c'est le chaos.\u00a0<\/span><\/p>\n<p>Sous le regard de\u00a0<a href=\"https:\/\/muditasanctuary.org\/fr\/guests\/charly\/\">Charly<\/a>, personne ne met Opaline dans le coin. Pas me\u0302me elle-me\u0302me. Le petit poney et le grand cheval sont toujours les meilleurs amis.\u00a0<a href=\"https:\/\/muditasanctuary.org\/fr\/guests\/charly\/\">Charly<\/a>\u00a0est e\u0301galement le seul autorise\u0301 par Opaline dans son box.\u00a0<\/p>\n<p>\u00a0<\/p>\n<p>\u00a0<\/p>\n<p style=\"text-align: center;\"><em>Les chevaux doivent pouvoir trotter, galoper librement et ne sont pas conc\u0327us pour e\u0302tre confine\u0301s dans un box pendant la majeure partie de la journe\u0301e. Si vous avez des chevaux, assurez-vous de leur donner suffisamment de temps a\u0300 l'exte\u0301rieur. Si possible, donnez-leur la possibilite\u0301 d'entrer et de sortir a\u0300 leur guise.<\/em><\/p>\t\t\t\t\t<\/div>\n\t\t\t\t\t\t<\/div>\n\t\t\t\t<\/div>\n\t\t\t\t<section class=\"elementor-section elementor-inner-section elementor-element elementor-element-77b2f5d4 elementor-section-height-min-height elementor-section-boxed elementor-section-height-default\" data-id=\"77b2f5d4\" data-element_type=\"section\">\n\t\t\t\t\t\t<div class=\"elementor-container elementor-column-gap-default\">\n\t\t\t\t\t\t\t<div class=\"elementor-row\">\n\t\t\t\t\t<div class=\"elementor-column elementor-col-33 elementor-inner-column elementor-element elementor-element-47b62132\" data-id=\"47b62132\" data-element_type=\"column\" data-settings=\"{&quot;background_background&quot;:&quot;classic&quot;}\">\n\t\t\t<div class=\"elementor-column-wrap elementor-element-populated\">\n\t\t\t\t\t\t\t<div class=\"elementor-widget-wrap\">\n\t\t\t\t\t\t<div class=\"elementor-element elementor-element-5cd4b342 elementor-widget elementor-widget-spacer\" data-id=\"5cd4b342\" data-element_type=\"widget\" data-widget_type=\"spacer.default\">\n\t\t\t\t<div class=\"elementor-widget-container\">\n\t\t\t\t\t<div class=\"elementor-spacer\">\n\t\t\t<div class=\"elementor-spacer-inner\"><\/div>\n\t\t<\/div>\n\t\t\t\t<\/div>\n\t\t\t\t<\/div>\n\t\t\t\t\t\t<\/div>\n\t\t\t\t\t<\/div>\n\t\t<\/div>\n\t\t\t\t<div class=\"elementor-column elementor-col-33 elementor-inner-column elementor-element elementor-element-1aa17006\" data-id=\"1aa17006\" data-element_type=\"column\" data-settings=\"{&quot;background_background&quot;:&quot;classic&quot;}\">\n\t\t\t<div class=\"elementor-column-wrap elementor-element-populated\">\n\t\t\t\t\t\t\t<div class=\"elementor-widget-wrap\">\n\t\t\t\t\t\t<div class=\"elementor-element elementor-element-134779ec elementor-widget elementor-widget-spacer\" data-id=\"134779ec\" data-element_type=\"widget\" data-widget_type=\"spacer.default\">\n\t\t\t\t<div class=\"elementor-widget-container\">\n\t\t\t\t\t<div class=\"elementor-spacer\">\n\t\t\t<div class=\"elementor-spacer-inner\"><\/div>\n\t\t<\/div>\n\t\t\t\t<\/div>\n\t\t\t\t<\/div>\n\t\t\t\t\t\t<\/div>\n\t\t\t\t\t<\/div>\n\t\t<\/div>\n\t\t\t\t<div class=\"elementor-column elementor-col-33 elementor-inner-column elementor-element elementor-element-b326250\" data-id=\"b326250\" data-element_type=\"column\" data-settings=\"{&quot;background_background&quot;:&quot;classic&quot;}\">\n\t\t\t<div class=\"elementor-column-wrap elementor-element-populated\">\n\t\t\t\t\t\t\t<div class=\"elementor-widget-wrap\">\n\t\t\t\t\t\t<div class=\"elementor-element elementor-element-519f1bd elementor-widget elementor-widget-spacer\" data-id=\"519f1bd\" data-element_type=\"widget\" data-widget_type=\"spacer.default\">\n\t\t\t\t<div class=\"elementor-widget-container\">\n\t\t\t\t\t<div class=\"elementor-spacer\">\n\t\t\t<div class=\"elementor-spacer-inner\"><\/div>\n\t\t<\/div>\n\t\t\t\t<\/div>\n\t\t\t\t<\/div>\n\t\t\t\t\t\t<\/div>\n\t\t\t\t\t<\/div>\n\t\t<\/div>\n\t\t\t\t\t\t\t\t<\/div>\n\t\t\t\t\t<\/div>\n\t\t<\/section>\n\t\t\t\t\t\t<\/div>\n\t\t\t\t\t<\/div>\n\t\t<\/div>\n\t\t\t\t\t\t\t\t<\/div>\n\t\t\t\t\t<\/div>\n\t\t<\/section>\n\t\t\t\t\t\t\t\t\t<\/div>\n\t\t\t<\/div>\n\t\t\t\t\t<\/div>","protected":false},"excerpt":{"rendered":"<p>Opaline Date of Birth: 01\/01\/1991 Gender:\u00a0Female Gotcha Day:\u00a028\/02\/2015 Breed: Belgian Warmblood Opaline&#8217;s way of life is one that is all too common. She was cared for by her owners but she would be confined inside her stall in a horse club for roughly 23 hours a day. This is not done out of spite for [&hellip;]<\/p>","protected":false},"author":2,"featured_media":857,"parent":2276,"menu_order":1,"comment_status":"closed","ping_status":"closed","template":"","meta":{"_mi_skip_tracking":false,"_monsterinsights_sitenote_active":false,"_monsterinsights_sitenote_note":"","_monsterinsights_sitenote_category":0,"_wp_rev_ctl_limit":""},"aioseo_notices":[],"_links":{"self":[{"href":"https:\/\/muditasanctuary.org\/fr\/wp-json\/wp\/v2\/pages\/86"}],"collection":[{"href":"https:\/\/muditasanctuary.org\/fr\/wp-json\/wp\/v2\/pages"}],"about":[{"href":"https:\/\/muditasanctuary.org\/fr\/wp-json\/wp\/v2\/types\/page"}],"author":[{"embeddable":true,"href":"https:\/\/muditasanctuary.org\/fr\/wp-json\/wp\/v2\/users\/2"}],"replies":[{"embeddable":true,"href":"https:\/\/muditasanctuary.org\/fr\/wp-json\/wp\/v2\/comments?post=86"}],"version-history":[{"count":1,"href":"https:\/\/muditasanctuary.org\/fr\/wp-json\/wp\/v2\/pages\/86\/revisions"}],"predecessor-version":[{"id":3503,"href":"https:\/\/muditasanctuary.org\/fr\/wp-json\/wp\/v2\/pages\/86\/revisions\/3503"}],"up":[{"embeddable":true,"href":"https:\/\/muditasanctuary.org\/fr\/wp-json\/wp\/v2\/pages\/2276"}],"wp:featuredmedia":[{"embeddable":true,"href":"https:\/\/muditasanctuary.org\/fr\/wp-json\/wp\/v2\/media\/857"}],"wp:attachment":[{"href":"https:\/\/muditasanctuary.org\/fr\/wp-json\/wp\/v2\/media?parent=86"}],"curies":[{"name":"wp","href":"https:\/\/api.w.org\/{rel}","templated":true}]}}