{"id":502,"date":"2019-02-02T17:30:39","date_gmt":"2019-02-02T16:30:39","guid":{"rendered":"http:\/\/muditasanctuary.org\/?page_id=502"},"modified":"2019-12-01T12:47:17","modified_gmt":"2019-12-01T11:47:17","slug":"celine","status":"publish","type":"page","link":"https:\/\/muditasanctuary.org\/fr\/guests\/celine\/","title":{"rendered":"Celine"},"content":{"rendered":"<div data-elementor-type=\"wp-page\" data-elementor-id=\"502\" class=\"elementor elementor-502\">\n\t\t\t\t\t\t<div class=\"elementor-inner\">\n\t\t\t\t<div class=\"elementor-section-wrap\">\n\t\t\t\t\t\t\t\t\t<section class=\"elementor-section elementor-top-section elementor-element elementor-element-225f8a0 elementor-section-boxed elementor-section-height-default elementor-section-height-default\" data-id=\"225f8a0\" data-element_type=\"section\">\n\t\t\t\t\t\t<div class=\"elementor-container elementor-column-gap-default\">\n\t\t\t\t\t\t\t<div class=\"elementor-row\">\n\t\t\t\t\t<div class=\"elementor-column elementor-col-100 elementor-top-column elementor-element elementor-element-2fb3dde3\" data-id=\"2fb3dde3\" data-element_type=\"column\">\n\t\t\t<div class=\"elementor-column-wrap elementor-element-populated\">\n\t\t\t\t\t\t\t<div class=\"elementor-widget-wrap\">\n\t\t\t\t\t\t<div class=\"elementor-element elementor-element-2e69e9da elementor-widget elementor-widget-heading\" data-id=\"2e69e9da\" data-element_type=\"widget\" data-widget_type=\"heading.default\">\n\t\t\t\t<div class=\"elementor-widget-container\">\n\t\t\t<h2 class=\"elementor-heading-title elementor-size-xxl\">Celine<\/h2>\t\t<\/div>\n\t\t\t\t<\/div>\n\t\t\t\t<div class=\"elementor-element elementor-element-75211c0 elementor-widget elementor-widget-image\" data-id=\"75211c0\" data-element_type=\"widget\" data-widget_type=\"image.default\">\n\t\t\t\t<div class=\"elementor-widget-container\">\n\t\t\t\t\t\t\t\t<div class=\"elementor-image\">\n\t\t\t\t\t\t\t\t\t\t\t\t<img decoding=\"async\" width=\"1024\" height=\"684\" src=\"https:\/\/muditasanctuary.org\/wp-content\/uploads\/2019\/11\/DSF3611-1024x684.jpg\" class=\"attachment-large size-large wp-image-2052\" alt=\"\" loading=\"lazy\" srcset=\"https:\/\/muditasanctuary.org\/wp-content\/uploads\/2019\/11\/DSF3611-1024x684.jpg 1024w, https:\/\/muditasanctuary.org\/wp-content\/uploads\/2019\/11\/DSF3611-300x200.jpg 300w, https:\/\/muditasanctuary.org\/wp-content\/uploads\/2019\/11\/DSF3611-768x513.jpg 768w, https:\/\/muditasanctuary.org\/wp-content\/uploads\/2019\/11\/DSF3611.jpg 2048w\" sizes=\"(max-width: 1024px) 100vw, 1024px\" \/>\t\t\t\t\t\t\t\t\t\t\t\t\t\t<\/div>\n\t\t\t\t\t\t<\/div>\n\t\t\t\t<\/div>\n\t\t\t\t<section class=\"elementor-section elementor-inner-section elementor-element elementor-element-7e8ef79e elementor-section-boxed elementor-section-height-default elementor-section-height-default\" data-id=\"7e8ef79e\" data-element_type=\"section\">\n\t\t\t\t\t\t<div class=\"elementor-container elementor-column-gap-default\">\n\t\t\t\t\t\t\t<div class=\"elementor-row\">\n\t\t\t\t\t<div class=\"elementor-column elementor-col-50 elementor-inner-column elementor-element elementor-element-38e7d0ae\" data-id=\"38e7d0ae\" data-element_type=\"column\">\n\t\t\t<div class=\"elementor-column-wrap elementor-element-populated\">\n\t\t\t\t\t\t\t<div class=\"elementor-widget-wrap\">\n\t\t\t\t\t\t<div class=\"elementor-element elementor-element-52f16b93 elementor-widget elementor-widget-text-editor\" data-id=\"52f16b93\" data-element_type=\"widget\" data-widget_type=\"text-editor.default\">\n\t\t\t\t<div class=\"elementor-widget-container\">\n\t\t\t\t\t\t\t\t<div class=\"elementor-text-editor elementor-clearfix\">\n\t\t\t\t<p><strong>Date de Naissance:<\/strong> \u00b1 2013<\/p><p><strong>Sexe:<\/strong>\u00a0Femelle<\/p>\t\t\t\t\t<\/div>\n\t\t\t\t\t\t<\/div>\n\t\t\t\t<\/div>\n\t\t\t\t\t\t<\/div>\n\t\t\t\t\t<\/div>\n\t\t<\/div>\n\t\t\t\t<div class=\"elementor-column elementor-col-50 elementor-inner-column elementor-element elementor-element-2747a204\" data-id=\"2747a204\" data-element_type=\"column\">\n\t\t\t<div class=\"elementor-column-wrap elementor-element-populated\">\n\t\t\t\t\t\t\t<div class=\"elementor-widget-wrap\">\n\t\t\t\t\t\t<div class=\"elementor-element elementor-element-4ad9a7c5 elementor-widget elementor-widget-text-editor\" data-id=\"4ad9a7c5\" data-element_type=\"widget\" data-widget_type=\"text-editor.default\">\n\t\t\t\t<div class=\"elementor-widget-container\">\n\t\t\t\t\t\t\t\t<div class=\"elementor-text-editor elementor-clearfix\">\n\t\t\t\t<p><strong>Accueil le:<\/strong> late 2015<\/p>\n<p><strong>Race:<\/strong> Ch\u00e8vre Alpine<\/p>\t\t\t\t\t<\/div>\n\t\t\t\t\t\t<\/div>\n\t\t\t\t<\/div>\n\t\t\t\t\t\t<\/div>\n\t\t\t\t\t<\/div>\n\t\t<\/div>\n\t\t\t\t\t\t\t\t<\/div>\n\t\t\t\t\t<\/div>\n\t\t<\/section>\n\t\t\t\t<section class=\"elementor-section elementor-inner-section elementor-element elementor-element-11ed09b9 elementor-section-boxed elementor-section-height-default elementor-section-height-default\" data-id=\"11ed09b9\" data-element_type=\"section\">\n\t\t\t\t\t\t<div class=\"elementor-container elementor-column-gap-default\">\n\t\t\t\t\t\t\t<div class=\"elementor-row\">\n\t\t\t\t\t<div class=\"elementor-column elementor-col-50 elementor-inner-column elementor-element elementor-element-1bd50438\" data-id=\"1bd50438\" data-element_type=\"column\">\n\t\t\t<div class=\"elementor-column-wrap elementor-element-populated\">\n\t\t\t\t\t\t\t<div class=\"elementor-widget-wrap\">\n\t\t\t\t\t\t<div class=\"elementor-element elementor-element-1ac82243 elementor-widget elementor-widget-image\" data-id=\"1ac82243\" data-element_type=\"widget\" data-widget_type=\"image.default\">\n\t\t\t\t<div class=\"elementor-widget-container\">\n\t\t\t\t\t\t\t\t<div class=\"elementor-image\">\n\t\t\t\t\t\t\t\t\t\t\t\t<img decoding=\"async\" width=\"684\" height=\"1024\" src=\"https:\/\/muditasanctuary.org\/wp-content\/uploads\/2019\/11\/DSF3608-684x1024.jpg\" class=\"attachment-large size-large wp-image-2051\" alt=\"\" loading=\"lazy\" srcset=\"https:\/\/muditasanctuary.org\/wp-content\/uploads\/2019\/11\/DSF3608-684x1024.jpg 684w, https:\/\/muditasanctuary.org\/wp-content\/uploads\/2019\/11\/DSF3608-200x300.jpg 200w, https:\/\/muditasanctuary.org\/wp-content\/uploads\/2019\/11\/DSF3608-768x1150.jpg 768w, https:\/\/muditasanctuary.org\/wp-content\/uploads\/2019\/11\/DSF3608.jpg 1368w\" sizes=\"(max-width: 684px) 100vw, 684px\" \/>\t\t\t\t\t\t\t\t\t\t\t\t\t\t<\/div>\n\t\t\t\t\t\t<\/div>\n\t\t\t\t<\/div>\n\t\t\t\t\t\t<\/div>\n\t\t\t\t\t<\/div>\n\t\t<\/div>\n\t\t\t\t<div class=\"elementor-column elementor-col-50 elementor-inner-column elementor-element elementor-element-7d176d90\" data-id=\"7d176d90\" data-element_type=\"column\">\n\t\t\t<div class=\"elementor-column-wrap elementor-element-populated\">\n\t\t\t\t\t\t\t<div class=\"elementor-widget-wrap\">\n\t\t\t\t\t\t<div class=\"elementor-element elementor-element-76482cf1 elementor-widget elementor-widget-text-editor\" data-id=\"76482cf1\" data-element_type=\"widget\" data-widget_type=\"text-editor.default\">\n\t\t\t\t<div class=\"elementor-widget-container\">\n\t\t\t\t\t\t\t\t<div class=\"elementor-text-editor elementor-clearfix\">\n\t\t\t\t<p style=\"font-variant-ligatures: normal; font-variant-caps: normal; font-family: Roboto, sans-serif; font-size: 16px; font-style: normal; font-weight: 300; text-align: start;\"><span style=\"font-family: Roboto, sans-serif; font-size: 16px; font-style: normal; font-variant-ligatures: normal; font-variant-caps: normal; font-weight: 300; text-align: justify;\">Dans le village voisin, un chevrier avait des proble\u0300mes avec le maire (qui de\u0301teste les animaux) ainsi qu'avec ses voisins. Le proble\u0300me e\u0301tait que ses che\u0300vres s\u2019e\u0301chappaient de sa proprie\u0301te\u0301 et mangeaient les plantes dans les jardins voisins. Il est tre\u0300s difficile de garder les che\u0300vres dans un pre\u0301, car elles sont incroyablement agiles et trouvent toujours un moyen de sauter par-dessus une clo\u0302ture ou de se faufiler pour se nourrir d'arbustes, de roses, d'arbres et de tout ce qui leur tombe sous la patte. Le maire et les voisins l\u2019ont poursuivit en justice et l'ont force\u0301 a\u0300 donner la moitie\u0301 de ses 70 che\u0300vres.<\/span><\/p><p style=\"font-variant-ligatures: normal; font-variant-caps: normal; font-family: Roboto, sans-serif; font-size: 16px; font-style: normal; font-weight: 300; text-align: start;\"><span style=\"font-family: Roboto, sans-serif; font-size: 16px; font-style: normal; font-variant-ligatures: normal; font-variant-caps: normal; font-weight: 300; text-align: justify;\">Le chevrier n\u2019a jamais castre\u0301 ses boucs car il veut laisser faire la nature, es che\u0300vres ont donc continue\u0301 a\u0300 se reproduire. Ce qui n'e\u0301tait qu'une poigne\u0301e de che\u0300vres est vite devenu un troupeau impressionnant.\u00a0<\/span><span style=\"font-family: Roboto, sans-serif; font-size: 16px; font-style: normal; font-variant-ligatures: normal; font-variant-caps: normal; font-weight: 300; text-align: justify;\"><br \/><\/span><\/p>\t\t\t\t\t<\/div>\n\t\t\t\t\t\t<\/div>\n\t\t\t\t<\/div>\n\t\t\t\t\t\t<\/div>\n\t\t\t\t\t<\/div>\n\t\t<\/div>\n\t\t\t\t\t\t\t\t<\/div>\n\t\t\t\t\t<\/div>\n\t\t<\/section>\n\t\t\t\t<div class=\"elementor-element elementor-element-621b7507 elementor-widget elementor-widget-text-editor\" data-id=\"621b7507\" data-element_type=\"widget\" data-widget_type=\"text-editor.default\">\n\t\t\t\t<div class=\"elementor-widget-container\">\n\t\t\t\t\t\t\t\t<div class=\"elementor-text-editor elementor-clearfix\">\n\t\t\t\t<p style=\"font-variant-ligatures: normal; font-variant-caps: normal; font-family: Roboto, sans-serif; font-size: 16px; font-style: normal; font-weight: 300;\"><span style=\"font-family: Roboto, sans-serif; font-size: 16px; font-style: normal; font-variant-ligatures: normal; font-variant-caps: normal; font-weight: 300;\">La nouvelle c\u2019est re\u0301pandue dans les journaux et tout le monde a parle\u0301 de cet homme a\u0300 qui on avait confisque\u0301 la moitie\u0301 du troupeau . Nous sommes alle\u0301s voir si nous pouvions l'aider. Inutile de dire qu'il e\u0301tait ravi de nous confier 10 che\u0300vres. Deux d'entre elles ont accouche\u0301 peu de temps apre\u0300s leur arrive\u0301e. Il y en avait donc douze plus notre bouc,\u00a0<\/span><a style=\"font-family: Roboto, sans-serif; font-size: 16px; font-style: normal; font-variant-ligatures: normal; font-variant-caps: normal; font-weight: 300; background-color: #ffffff;\" href=\"https:\/\/muditasanctuary.org\/fr\/guests\/bucky\/\" target=\"_blank\" rel=\"noopener\">Bucky<\/a><span style=\"font-family: Roboto, sans-serif; font-size: 16px; font-style: normal; font-variant-ligatures: normal; font-variant-caps: normal; font-weight: 300;\">. Nous sommes passe\u0301s de ze\u0301ro a\u0300 13 che\u0300vres en 3 mois.<\/span><\/p>\t\t\t\t\t<\/div>\n\t\t\t\t\t\t<\/div>\n\t\t\t\t<\/div>\n\t\t\t\t<div class=\"elementor-element elementor-element-376d3868 elementor-widget elementor-widget-image\" data-id=\"376d3868\" data-element_type=\"widget\" data-widget_type=\"image.default\">\n\t\t\t\t<div class=\"elementor-widget-container\">\n\t\t\t\t\t\t\t\t<div class=\"elementor-image\">\n\t\t\t\t\t\t\t\t\t<figure class=\"wp-caption\">\n\t\t\t\t\t\t\t\t\t\t<img decoding=\"async\" width=\"1024\" height=\"684\" src=\"https:\/\/muditasanctuary.org\/wp-content\/uploads\/2019\/11\/DSF3534-1024x684.jpg\" class=\"attachment-large size-large wp-image-2047\" alt=\"\" loading=\"lazy\" srcset=\"https:\/\/muditasanctuary.org\/wp-content\/uploads\/2019\/11\/DSF3534-1024x684.jpg 1024w, https:\/\/muditasanctuary.org\/wp-content\/uploads\/2019\/11\/DSF3534-300x200.jpg 300w, https:\/\/muditasanctuary.org\/wp-content\/uploads\/2019\/11\/DSF3534-768x513.jpg 768w, https:\/\/muditasanctuary.org\/wp-content\/uploads\/2019\/11\/DSF3534.jpg 2048w\" sizes=\"(max-width: 1024px) 100vw, 1024px\" \/>\t\t\t\t\t\t\t\t\t\t\t<figcaption class=\"widget-image-caption wp-caption-text\">C\u00e9line et sa fille Clochette<\/figcaption>\n\t\t\t\t\t\t\t\t\t\t<\/figure>\n\t\t\t\t\t\t\t\t<\/div>\n\t\t\t\t\t\t<\/div>\n\t\t\t\t<\/div>\n\t\t\t\t<div class=\"elementor-element elementor-element-3f970b7f elementor-widget elementor-widget-text-editor\" data-id=\"3f970b7f\" data-element_type=\"widget\" data-widget_type=\"text-editor.default\">\n\t\t\t\t<div class=\"elementor-widget-container\">\n\t\t\t\t\t\t\t\t<div class=\"elementor-text-editor elementor-clearfix\">\n\t\t\t\t<p style=\"font-variant-ligatures: normal; font-variant-caps: normal; font-family: Roboto, sans-serif; font-size: 16px; font-style: normal; font-weight: 300;\">Les che\u0300vres e\u0301taient toutes tre\u0300s sauvages et nous ne pouvions pas les toucher, elles se sauvaient quand elles remarquaient notre pre\u0301sence. Comme le proprie\u0301taire n'avait qu'un hectare pour toutes ses che\u0300vres, elles e\u0301taient toutes tre\u0300s maigres.<\/p><p style=\"font-variant-ligatures: normal; font-variant-caps: normal; font-family: Roboto, sans-serif; font-size: 16px; font-style: normal; font-weight: 300;\"><span style=\"font-family: Roboto, sans-serif; font-size: 16px; font-style: normal; font-variant-ligatures: normal; font-variant-caps: normal; font-weight: 300;\">Nous les avons mis dans notre fore\u0302t, qu'elles ont comple\u0300tement nettoye\u0301. Quand ils eurent fini de manger la fore\u0302t, un an et demi plus tard, ils commenc\u0327aient a\u0300 sauter les clo\u0302tures pour chercher autre chose. L'herbe est toujours plus verte de l'autre co\u0302te\u0301... Quand il fait beau elles passent la journ\u00e9e dans le pr\u00e9 de\u00a0<\/span><a href=\"http:\/\/muditasanctuary.org\/fr\/guests\/fedj\/\" target=\"_blank\" rel=\"noopener\">Fedj<\/a><span style=\"font-family: Roboto, sans-serif; font-size: 16px; font-style: normal; font-variant-ligatures: normal; font-variant-caps: normal; font-weight: 300;\">\u00a0et\u00a0<\/span><a href=\"http:\/\/muditasanctuary.org\/fr\/guests\/victor\/\" target=\"_blank\" rel=\"noopener\">Victor<\/a><span style=\"font-family: Roboto, sans-serif; font-size: 16px; font-style: normal; font-variant-ligatures: normal; font-variant-caps: normal; font-weight: 300;\">et d\u00e8s qu'il fait chaud elles retournent dans la for\u00eat.<\/span><\/p><p style=\"font-variant-ligatures: normal; font-variant-caps: normal; font-family: Roboto, sans-serif; font-size: 16px; font-style: normal; font-weight: 300;\"><span style=\"font-family: Roboto, sans-serif; font-size: 16px; font-style: normal; font-variant-ligatures: normal; font-variant-caps: normal; font-weight: 300;\">Avec de la nourriture, nous avons re\u0301ussi a\u0300 les apprivoiser. Nous ne pouvons toujours pas les caresser, mais au moins elles ne nous craignent plus.<\/span><\/p><p style=\"font-variant-ligatures: normal; font-variant-caps: normal; font-family: Roboto, sans-serif; font-size: 16px; font-style: normal; font-weight: 300;\"><span style=\"font-family: Roboto, sans-serif; font-size: 16px; font-style: normal; font-variant-ligatures: normal; font-variant-caps: normal; font-weight: 300;\">C\u00e9line est la m\u00e8re de\u00a0<\/span><a style=\"font-variant-ligatures: normal; font-variant-caps: normal; font-family: Roboto, sans-serif; font-size: 16px; font-style: normal; font-weight: 300; background-color: #ffffff;\" href=\"https:\/\/muditasanctuary.org\/fr\/guests\/clochette\/\" target=\"_blank\" rel=\"noopener\">Clochette&#8217;<\/a><span style=\"font-family: Roboto, sans-serif; font-size: 16px; font-style: normal; font-variant-ligatures: normal; font-variant-caps: normal; font-weight: 300;\">. elle est une des deux ch\u00e8vres qui ont donn\u00e9 naissance au sanctuaire. Nous n'\u00e9tions pas au courant qu'elles \u00e9taient enceintes. Nous ne savons pas si c'est particulier \u00e0 C\u00e9line ou aux ch\u00e8vre en g\u00e9n\u00e9ral mais quand\u00a0<\/span><a style=\"font-variant-ligatures: normal; font-variant-caps: normal; font-family: Roboto, sans-serif; font-size: 16px; font-style: normal; font-weight: 300; background-color: #ffffff; color: rgba(178, 89, 62, 0.78);\" href=\"https:\/\/muditasanctuary.org\/fr\/guests\/clochette\/\" target=\"_blank\" rel=\"noopener\">Clochette<\/a><span style=\"font-variant-ligatures: normal; font-variant-caps: normal; font-family: Roboto, sans-serif; font-size: 16px; font-style: normal; font-weight: 300;\">\u00a0a disparu, C\u00e9line ne semblait pas \u00eatre perturb\u00e9e.\u00a0<\/span><\/p>\t\t\t\t\t<\/div>\n\t\t\t\t\t\t<\/div>\n\t\t\t\t<\/div>\n\t\t\t\t<section class=\"elementor-section elementor-inner-section elementor-element elementor-element-20c366a3 elementor-section-height-min-height elementor-section-boxed elementor-section-height-default\" data-id=\"20c366a3\" data-element_type=\"section\">\n\t\t\t\t\t\t<div class=\"elementor-container elementor-column-gap-default\">\n\t\t\t\t\t\t\t<div class=\"elementor-row\">\n\t\t\t\t\t<div class=\"elementor-column elementor-col-33 elementor-inner-column elementor-element elementor-element-74166c4c\" data-id=\"74166c4c\" data-element_type=\"column\" data-settings=\"{&quot;background_background&quot;:&quot;classic&quot;}\">\n\t\t\t<div class=\"elementor-column-wrap elementor-element-populated\">\n\t\t\t\t\t\t\t<div class=\"elementor-widget-wrap\">\n\t\t\t\t\t\t<div class=\"elementor-element elementor-element-3b86809b elementor-widget elementor-widget-spacer\" data-id=\"3b86809b\" data-element_type=\"widget\" data-widget_type=\"spacer.default\">\n\t\t\t\t<div class=\"elementor-widget-container\">\n\t\t\t\t\t<div class=\"elementor-spacer\">\n\t\t\t<div class=\"elementor-spacer-inner\"><\/div>\n\t\t<\/div>\n\t\t\t\t<\/div>\n\t\t\t\t<\/div>\n\t\t\t\t\t\t<\/div>\n\t\t\t\t\t<\/div>\n\t\t<\/div>\n\t\t\t\t<div class=\"elementor-column elementor-col-33 elementor-inner-column elementor-element elementor-element-65382ec9\" data-id=\"65382ec9\" data-element_type=\"column\" data-settings=\"{&quot;background_background&quot;:&quot;classic&quot;}\">\n\t\t\t<div class=\"elementor-column-wrap elementor-element-populated\">\n\t\t\t\t\t\t\t<div class=\"elementor-widget-wrap\">\n\t\t\t\t\t\t<div class=\"elementor-element elementor-element-34d6d4ba elementor-widget elementor-widget-spacer\" data-id=\"34d6d4ba\" data-element_type=\"widget\" data-widget_type=\"spacer.default\">\n\t\t\t\t<div class=\"elementor-widget-container\">\n\t\t\t\t\t<div class=\"elementor-spacer\">\n\t\t\t<div class=\"elementor-spacer-inner\"><\/div>\n\t\t<\/div>\n\t\t\t\t<\/div>\n\t\t\t\t<\/div>\n\t\t\t\t\t\t<\/div>\n\t\t\t\t\t<\/div>\n\t\t<\/div>\n\t\t\t\t<div class=\"elementor-column elementor-col-33 elementor-inner-column elementor-element elementor-element-f3e652d\" data-id=\"f3e652d\" data-element_type=\"column\" data-settings=\"{&quot;background_background&quot;:&quot;classic&quot;}\">\n\t\t\t<div class=\"elementor-column-wrap elementor-element-populated\">\n\t\t\t\t\t\t\t<div class=\"elementor-widget-wrap\">\n\t\t\t\t\t\t<div class=\"elementor-element elementor-element-47a3eb1 elementor-widget elementor-widget-spacer\" data-id=\"47a3eb1\" data-element_type=\"widget\" data-widget_type=\"spacer.default\">\n\t\t\t\t<div class=\"elementor-widget-container\">\n\t\t\t\t\t<div class=\"elementor-spacer\">\n\t\t\t<div class=\"elementor-spacer-inner\"><\/div>\n\t\t<\/div>\n\t\t\t\t<\/div>\n\t\t\t\t<\/div>\n\t\t\t\t\t\t<\/div>\n\t\t\t\t\t<\/div>\n\t\t<\/div>\n\t\t\t\t\t\t\t\t<\/div>\n\t\t\t\t\t<\/div>\n\t\t<\/section>\n\t\t\t\t\t\t<\/div>\n\t\t\t\t\t<\/div>\n\t\t<\/div>\n\t\t\t\t\t\t\t\t<\/div>\n\t\t\t\t\t<\/div>\n\t\t<\/section>\n\t\t\t\t\t\t\t\t\t<\/div>\n\t\t\t<\/div>\n\t\t\t\t\t<\/div>","protected":false},"excerpt":{"rendered":"<p>Celine Date of Birth: \u00b1 2013 Gender:\u00a0Female Gotcha Day: late 2015 Breed: Alpine Goat In the nearby village of Queyssac a goatherd was having issues with the mayor (who hates animals) as well as with his neighbours. The problem was that his goats would escape his property and eat the plants in the neighbouring gardens. [&hellip;]<\/p>","protected":false},"author":2,"featured_media":879,"parent":1534,"menu_order":5,"comment_status":"closed","ping_status":"closed","template":"","meta":{"_mi_skip_tracking":false,"_monsterinsights_sitenote_active":false,"_monsterinsights_sitenote_note":"","_monsterinsights_sitenote_category":0,"_wp_rev_ctl_limit":""},"aioseo_notices":[],"_links":{"self":[{"href":"https:\/\/muditasanctuary.org\/fr\/wp-json\/wp\/v2\/pages\/502"}],"collection":[{"href":"https:\/\/muditasanctuary.org\/fr\/wp-json\/wp\/v2\/pages"}],"about":[{"href":"https:\/\/muditasanctuary.org\/fr\/wp-json\/wp\/v2\/types\/page"}],"author":[{"embeddable":true,"href":"https:\/\/muditasanctuary.org\/fr\/wp-json\/wp\/v2\/users\/2"}],"replies":[{"embeddable":true,"href":"https:\/\/muditasanctuary.org\/fr\/wp-json\/wp\/v2\/comments?post=502"}],"version-history":[{"count":0,"href":"https:\/\/muditasanctuary.org\/fr\/wp-json\/wp\/v2\/pages\/502\/revisions"}],"up":[{"embeddable":true,"href":"https:\/\/muditasanctuary.org\/fr\/wp-json\/wp\/v2\/pages\/1534"}],"wp:featuredmedia":[{"embeddable":true,"href":"https:\/\/muditasanctuary.org\/fr\/wp-json\/wp\/v2\/media\/879"}],"wp:attachment":[{"href":"https:\/\/muditasanctuary.org\/fr\/wp-json\/wp\/v2\/media?parent=502"}],"curies":[{"name":"wp","href":"https:\/\/api.w.org\/{rel}","templated":true}]}}