{"id":394,"date":"2019-01-31T10:22:24","date_gmt":"2019-01-31T09:22:24","guid":{"rendered":"http:\/\/muditasanctuary.org\/?page_id=394"},"modified":"2021-01-14T16:10:42","modified_gmt":"2021-01-14T15:10:42","slug":"tintin","status":"publish","type":"page","link":"https:\/\/muditasanctuary.org\/fr\/departed\/tintin\/","title":{"rendered":"Tintin"},"content":{"rendered":"<div data-elementor-type=\"wp-page\" data-elementor-id=\"394\" class=\"elementor elementor-394\">\n\t\t\t\t\t\t<div class=\"elementor-inner\">\n\t\t\t\t<div class=\"elementor-section-wrap\">\n\t\t\t\t\t\t\t\t\t<section class=\"elementor-section elementor-top-section elementor-element elementor-element-1b97e422 elementor-section-boxed elementor-section-height-default elementor-section-height-default\" data-id=\"1b97e422\" data-element_type=\"section\">\n\t\t\t\t\t\t<div class=\"elementor-container elementor-column-gap-default\">\n\t\t\t\t\t\t\t<div class=\"elementor-row\">\n\t\t\t\t\t<div class=\"elementor-column elementor-col-100 elementor-top-column elementor-element elementor-element-1eed95f2\" data-id=\"1eed95f2\" data-element_type=\"column\">\n\t\t\t<div class=\"elementor-column-wrap elementor-element-populated\">\n\t\t\t\t\t\t\t<div class=\"elementor-widget-wrap\">\n\t\t\t\t\t\t<div class=\"elementor-element elementor-element-11a576a3 elementor-widget elementor-widget-heading\" data-id=\"11a576a3\" data-element_type=\"widget\" data-widget_type=\"heading.default\">\n\t\t\t\t<div class=\"elementor-widget-container\">\n\t\t\t<h2 class=\"elementor-heading-title elementor-size-xxl\">Tintin<\/h2>\t\t<\/div>\n\t\t\t\t<\/div>\n\t\t\t\t<div class=\"elementor-element elementor-element-125f5158 elementor-widget elementor-widget-image\" data-id=\"125f5158\" data-element_type=\"widget\" data-widget_type=\"image.default\">\n\t\t\t\t<div class=\"elementor-widget-container\">\n\t\t\t\t\t\t\t\t<div class=\"elementor-image\">\n\t\t\t\t\t\t\t\t\t\t\t\t<img decoding=\"async\" width=\"1024\" height=\"683\" src=\"https:\/\/muditasanctuary.org\/wp-content\/uploads\/2019\/11\/IMG_0558-1-1024x683.jpg\" class=\"attachment-large size-large wp-image-1979\" alt=\"\" loading=\"lazy\" srcset=\"https:\/\/muditasanctuary.org\/wp-content\/uploads\/2019\/11\/IMG_0558-1-1024x683.jpg 1024w, https:\/\/muditasanctuary.org\/wp-content\/uploads\/2019\/11\/IMG_0558-1-300x200.jpg 300w, https:\/\/muditasanctuary.org\/wp-content\/uploads\/2019\/11\/IMG_0558-1-768x512.jpg 768w, https:\/\/muditasanctuary.org\/wp-content\/uploads\/2019\/11\/IMG_0558-1.jpg 2048w\" sizes=\"(max-width: 1024px) 100vw, 1024px\" \/>\t\t\t\t\t\t\t\t\t\t\t\t\t\t<\/div>\n\t\t\t\t\t\t<\/div>\n\t\t\t\t<\/div>\n\t\t\t\t<section class=\"elementor-section elementor-inner-section elementor-element elementor-element-67f56af5 elementor-section-boxed elementor-section-height-default elementor-section-height-default\" data-id=\"67f56af5\" data-element_type=\"section\">\n\t\t\t\t\t\t<div class=\"elementor-container elementor-column-gap-default\">\n\t\t\t\t\t\t\t<div class=\"elementor-row\">\n\t\t\t\t\t<div class=\"elementor-column elementor-col-50 elementor-inner-column elementor-element elementor-element-35a97f3f\" data-id=\"35a97f3f\" data-element_type=\"column\">\n\t\t\t<div class=\"elementor-column-wrap elementor-element-populated\">\n\t\t\t\t\t\t\t<div class=\"elementor-widget-wrap\">\n\t\t\t\t\t\t<div class=\"elementor-element elementor-element-49826933 elementor-widget elementor-widget-text-editor\" data-id=\"49826933\" data-element_type=\"widget\" data-widget_type=\"text-editor.default\">\n\t\t\t\t<div class=\"elementor-widget-container\">\n\t\t\t\t\t\t\t\t<div class=\"elementor-text-editor elementor-clearfix\">\n\t\t\t\t<p><strong>Date de Naissance:<\/strong> ?<\/p><p><strong>Sexe:<\/strong> M\u00e2le<\/p>\t\t\t\t\t<\/div>\n\t\t\t\t\t\t<\/div>\n\t\t\t\t<\/div>\n\t\t\t\t\t\t<\/div>\n\t\t\t\t\t<\/div>\n\t\t<\/div>\n\t\t\t\t<div class=\"elementor-column elementor-col-50 elementor-inner-column elementor-element elementor-element-43b6e023\" data-id=\"43b6e023\" data-element_type=\"column\">\n\t\t\t<div class=\"elementor-column-wrap elementor-element-populated\">\n\t\t\t\t\t\t\t<div class=\"elementor-widget-wrap\">\n\t\t\t\t\t\t<div class=\"elementor-element elementor-element-2949a644 elementor-widget elementor-widget-text-editor\" data-id=\"2949a644\" data-element_type=\"widget\" data-widget_type=\"text-editor.default\">\n\t\t\t\t<div class=\"elementor-widget-container\">\n\t\t\t\t\t\t\t\t<div class=\"elementor-text-editor elementor-clearfix\">\n\t\t\t\t<p><strong>Accueil le:<\/strong>\u00a004\/06\/2016<\/p>\n<p><strong>Race:<\/strong> \u00c2ne des Pyr\u00e9n\u00e9es<\/p>\t\t\t\t\t<\/div>\n\t\t\t\t\t\t<\/div>\n\t\t\t\t<\/div>\n\t\t\t\t\t\t<\/div>\n\t\t\t\t\t<\/div>\n\t\t<\/div>\n\t\t\t\t\t\t\t\t<\/div>\n\t\t\t\t\t<\/div>\n\t\t<\/section>\n\t\t\t\t<section class=\"elementor-section elementor-inner-section elementor-element elementor-element-76bcbf32 elementor-section-boxed elementor-section-height-default elementor-section-height-default\" data-id=\"76bcbf32\" data-element_type=\"section\">\n\t\t\t\t\t\t<div class=\"elementor-container elementor-column-gap-default\">\n\t\t\t\t\t\t\t<div class=\"elementor-row\">\n\t\t\t\t\t<div class=\"elementor-column elementor-col-50 elementor-inner-column elementor-element elementor-element-6c50bd45\" data-id=\"6c50bd45\" data-element_type=\"column\">\n\t\t\t<div class=\"elementor-column-wrap elementor-element-populated\">\n\t\t\t\t\t\t\t<div class=\"elementor-widget-wrap\">\n\t\t\t\t\t\t<div class=\"elementor-element elementor-element-37a11d8c elementor-widget elementor-widget-image\" data-id=\"37a11d8c\" data-element_type=\"widget\" data-widget_type=\"image.default\">\n\t\t\t\t<div class=\"elementor-widget-container\">\n\t\t\t\t\t\t\t\t<div class=\"elementor-image\">\n\t\t\t\t\t\t\t\t\t\t\t\t<img decoding=\"async\" width=\"576\" height=\"1024\" src=\"https:\/\/muditasanctuary.org\/wp-content\/uploads\/2019\/11\/DSF1402-576x1024.jpg\" class=\"attachment-large size-large wp-image-1973\" alt=\"\" loading=\"lazy\" srcset=\"https:\/\/muditasanctuary.org\/wp-content\/uploads\/2019\/11\/DSF1402-576x1024.jpg 576w, https:\/\/muditasanctuary.org\/wp-content\/uploads\/2019\/11\/DSF1402-169x300.jpg 169w, https:\/\/muditasanctuary.org\/wp-content\/uploads\/2019\/11\/DSF1402-768x1366.jpg 768w, https:\/\/muditasanctuary.org\/wp-content\/uploads\/2019\/11\/DSF1402.jpg 1152w\" sizes=\"(max-width: 576px) 100vw, 576px\" \/>\t\t\t\t\t\t\t\t\t\t\t\t\t\t<\/div>\n\t\t\t\t\t\t<\/div>\n\t\t\t\t<\/div>\n\t\t\t\t\t\t<\/div>\n\t\t\t\t\t<\/div>\n\t\t<\/div>\n\t\t\t\t<div class=\"elementor-column elementor-col-50 elementor-inner-column elementor-element elementor-element-41d0bdb9\" data-id=\"41d0bdb9\" data-element_type=\"column\">\n\t\t\t<div class=\"elementor-column-wrap elementor-element-populated\">\n\t\t\t\t\t\t\t<div class=\"elementor-widget-wrap\">\n\t\t\t\t\t\t<div class=\"elementor-element elementor-element-3a19b69f elementor-widget elementor-widget-text-editor\" data-id=\"3a19b69f\" data-element_type=\"widget\" data-widget_type=\"text-editor.default\">\n\t\t\t\t<div class=\"elementor-widget-container\">\n\t\t\t\t\t\t\t\t<div class=\"elementor-text-editor elementor-clearfix\">\n\t\t\t\t<p>Tintin e\u0301tait utilise\u0301 comme a\u0302ne de ba\u0302t dans les Pyre\u0301ne\u0301es. Il e\u0301tait trop charge\u0301 et trop jeune, ce qui lui a comple\u0300tement de\u0301forme\u0301 le dos et provoque\u0301 une de\u0301formation de la colonne verte\u0301brale. Nous supposons qu'il a e\u0301te\u0301 soumis a\u0300 plus de maltraitance parce qu'il avait peur de tout. Pour se prote\u0301ger, il est devenu tre\u0300s agressif. Il attaquait les chevaux, les chiens et\nles autres animaux de l'endroit ou\u0300 il vivait, ce qui explique probablement pourquoi les proprie\u0301taires voulaient l\u2019envoyer a\u0300 l\u2019abattoir.\u00a0<\/p><p><span style=\"font-family: Roboto, sans-serif; font-size: 16px; font-style: normal; font-variant-ligatures: normal; font-variant-caps: normal; font-weight: 300;\">Il a e\u0301te\u0301 pris en charge par d'autres personnes dans la re\u0301gion ou\u0300 il s'est e\u0301chappe\u0301 a\u0300 plusieurs reprises. Il e\u0301tait toujours agressif envers les chiens et les chevaux. C'e\u0301tait la deuxie\u0300me fois qu'il e\u0301tait destine\u0301 a\u0300 l'abattoir. Son destin en a de\u0301cide\u0301 autrement car nous avons rencontre\u0301 ces personnes par hasard et donne\u0301 a\u0300 Tintin une troisie\u0300me chance de vivre.\u00a0<\/span><\/p>\t\t\t\t\t<\/div>\n\t\t\t\t\t\t<\/div>\n\t\t\t\t<\/div>\n\t\t\t\t\t\t<\/div>\n\t\t\t\t\t<\/div>\n\t\t<\/div>\n\t\t\t\t\t\t\t\t<\/div>\n\t\t\t\t\t<\/div>\n\t\t<\/section>\n\t\t\t\t<div class=\"elementor-element elementor-element-37273c0c elementor-widget elementor-widget-text-editor\" data-id=\"37273c0c\" data-element_type=\"widget\" data-widget_type=\"text-editor.default\">\n\t\t\t\t<div class=\"elementor-widget-container\">\n\t\t\t\t\t\t\t\t<div class=\"elementor-text-editor elementor-clearfix\">\n\t\t\t\t<p><span style=\"font-family: Roboto, sans-serif; font-size: 16px; font-style: normal; font-variant-ligatures: normal; font-variant-caps: normal; font-weight: 300;\">Ses de\u0301buts au sanctuaire e\u0301taient assez difficiles. Comme dans les deux endroits pre\u0301ce\u0301dents, il a attaque\u0301 violemment les chiens, les che\u0300vres et les chevaux. Il se cabrait chaque fois que le mare\u0301chal ferrant essayait de parer ses sabots. Tous les autres animaux vivent en harmonie et sont si gentils qu\u2019ils n\u2019ont pas vraiment re\u0301agi a\u0300 son comportement. L'e\u0301nergie paisible du sanctuaire et l'attitude zen des autres l'ont calme\u0301 de fac\u0327on drastique.<\/span><\/p>\t\t\t\t\t<\/div>\n\t\t\t\t\t\t<\/div>\n\t\t\t\t<\/div>\n\t\t\t\t<section class=\"elementor-section elementor-inner-section elementor-element elementor-element-aee8602 elementor-section-boxed elementor-section-height-default elementor-section-height-default\" data-id=\"aee8602\" data-element_type=\"section\">\n\t\t\t\t\t\t<div class=\"elementor-container elementor-column-gap-default\">\n\t\t\t\t\t\t\t<div class=\"elementor-row\">\n\t\t\t\t\t<div class=\"elementor-column elementor-col-50 elementor-inner-column elementor-element elementor-element-3b1d17b\" data-id=\"3b1d17b\" data-element_type=\"column\">\n\t\t\t<div class=\"elementor-column-wrap elementor-element-populated\">\n\t\t\t\t\t\t\t<div class=\"elementor-widget-wrap\">\n\t\t\t\t\t\t<div class=\"elementor-element elementor-element-48c3f3ca elementor-widget elementor-widget-image\" data-id=\"48c3f3ca\" data-element_type=\"widget\" data-widget_type=\"image.default\">\n\t\t\t\t<div class=\"elementor-widget-container\">\n\t\t\t\t\t\t\t\t<div class=\"elementor-image\">\n\t\t\t\t\t\t\t\t\t<figure class=\"wp-caption\">\n\t\t\t\t\t\t\t\t\t\t<img decoding=\"async\" width=\"1024\" height=\"768\" src=\"https:\/\/muditasanctuary.org\/wp-content\/uploads\/2019\/01\/IMG_1735-1-1024x768.jpg\" class=\"attachment-large size-large wp-image-395\" alt=\"\" loading=\"lazy\" srcset=\"https:\/\/muditasanctuary.org\/wp-content\/uploads\/2019\/01\/IMG_1735-1-1024x768.jpg 1024w, https:\/\/muditasanctuary.org\/wp-content\/uploads\/2019\/01\/IMG_1735-1-300x225.jpg 300w, https:\/\/muditasanctuary.org\/wp-content\/uploads\/2019\/01\/IMG_1735-1-768x576.jpg 768w, https:\/\/muditasanctuary.org\/wp-content\/uploads\/2019\/01\/IMG_1735-1-700x525.jpg 700w, https:\/\/muditasanctuary.org\/wp-content\/uploads\/2019\/01\/IMG_1735-1-520x390.jpg 520w, https:\/\/muditasanctuary.org\/wp-content\/uploads\/2019\/01\/IMG_1735-1-360x270.jpg 360w, https:\/\/muditasanctuary.org\/wp-content\/uploads\/2019\/01\/IMG_1735-1-250x188.jpg 250w, https:\/\/muditasanctuary.org\/wp-content\/uploads\/2019\/01\/IMG_1735-1-100x75.jpg 100w, https:\/\/muditasanctuary.org\/wp-content\/uploads\/2019\/01\/IMG_1735-1.jpg 2048w\" sizes=\"(max-width: 1024px) 100vw, 1024px\" \/>\t\t\t\t\t\t\t\t\t\t\t<figcaption class=\"widget-image-caption wp-caption-text\">L'e\u0301tat dans lequel il e\u0301tait lorsqu'il est arrive\u0301 chez nous, la colonne verte\u0301brale de\u0301forme\u0301e est e\u0301vidente<\/figcaption>\n\t\t\t\t\t\t\t\t\t\t<\/figure>\n\t\t\t\t\t\t\t\t<\/div>\n\t\t\t\t\t\t<\/div>\n\t\t\t\t<\/div>\n\t\t\t\t\t\t<\/div>\n\t\t\t\t\t<\/div>\n\t\t<\/div>\n\t\t\t\t<div class=\"elementor-column elementor-col-50 elementor-inner-column elementor-element elementor-element-6a86f5f\" data-id=\"6a86f5f\" data-element_type=\"column\">\n\t\t\t<div class=\"elementor-column-wrap elementor-element-populated\">\n\t\t\t\t\t\t\t<div class=\"elementor-widget-wrap\">\n\t\t\t\t\t\t<div class=\"elementor-element elementor-element-f734bc9 elementor-widget elementor-widget-image\" data-id=\"f734bc9\" data-element_type=\"widget\" data-widget_type=\"image.default\">\n\t\t\t\t<div class=\"elementor-widget-container\">\n\t\t\t\t\t\t\t\t<div class=\"elementor-image\">\n\t\t\t\t\t\t\t\t\t<figure class=\"wp-caption\">\n\t\t\t\t\t\t\t\t\t\t<img decoding=\"async\" width=\"1024\" height=\"684\" src=\"https:\/\/muditasanctuary.org\/wp-content\/uploads\/2019\/11\/DSF3736-1024x684.jpg\" class=\"attachment-large size-large wp-image-1978\" alt=\"\" loading=\"lazy\" srcset=\"https:\/\/muditasanctuary.org\/wp-content\/uploads\/2019\/11\/DSF3736-1024x684.jpg 1024w, https:\/\/muditasanctuary.org\/wp-content\/uploads\/2019\/11\/DSF3736-300x200.jpg 300w, https:\/\/muditasanctuary.org\/wp-content\/uploads\/2019\/11\/DSF3736-768x513.jpg 768w, https:\/\/muditasanctuary.org\/wp-content\/uploads\/2019\/11\/DSF3736.jpg 2048w\" sizes=\"(max-width: 1024px) 100vw, 1024px\" \/>\t\t\t\t\t\t\t\t\t\t\t<figcaption class=\"widget-image-caption wp-caption-text\">Tintin en ao\u00fbt 2019<\/figcaption>\n\t\t\t\t\t\t\t\t\t\t<\/figure>\n\t\t\t\t\t\t\t\t<\/div>\n\t\t\t\t\t\t<\/div>\n\t\t\t\t<\/div>\n\t\t\t\t\t\t<\/div>\n\t\t\t\t\t<\/div>\n\t\t<\/div>\n\t\t\t\t\t\t\t\t<\/div>\n\t\t\t\t\t<\/div>\n\t\t<\/section>\n\t\t\t\t<div class=\"elementor-element elementor-element-577cf496 elementor-widget elementor-widget-text-editor\" data-id=\"577cf496\" data-element_type=\"widget\" data-widget_type=\"text-editor.default\">\n\t\t\t\t<div class=\"elementor-widget-container\">\n\t\t\t\t\t\t\t\t<div class=\"elementor-text-editor elementor-clearfix\">\n\t\t\t\t<p style=\"font-variant-ligatures: normal; font-variant-caps: normal; font-family: Roboto, sans-serif; font-size: 16px; font-style: normal; font-weight: 300;\"><span style=\"font-family: Roboto, sans-serif; font-size: 16px; font-style: normal; font-variant-ligatures: normal; font-variant-caps: normal; font-weight: 300;\">Il est devenu un a\u0302ne tre\u0300s affectueux et sociable. Son comportement vis a vis des humains et des animaux s\u2019est ame\u0301liore\u0301 davantage le jour ou\u0300&nbsp;<\/span><a style=\"font-family: Roboto, sans-serif; font-size: 16px; font-style: normal; font-variant-ligatures: normal; font-variant-caps: normal; font-weight: 300; background-color: #ffffff;\" href=\"https:\/\/muditasanctuary.org\/fr\/guests\/yuki\/\">Yuki<\/a><span style=\"font-family: Roboto, sans-serif; font-size: 16px; font-style: normal; font-variant-ligatures: normal; font-variant-caps: normal; font-weight: 300;\">&nbsp;est arrive\u0301. C'e\u0301tait le coup de foudre. Leur amitie\u0301 est enviable, ou, comme le diraient les re\u0301seaux sociaux, #friendshipgoals.&nbsp;<\/span><\/p>\n<p style=\"font-variant-ligatures: normal; font-variant-caps: normal; font-family: Roboto, sans-serif; font-size: 16px; font-style: normal; font-weight: 300; text-align: start;\"><span style=\"font-family: Roboto, sans-serif; font-size: 16px; font-style: normal; font-variant-ligatures: normal; font-variant-caps: normal; font-weight: 300;\">Depuis qu\u2019il rec\u0327oit suffisamment de nourriture et d\u2019exercice, son dos et sa colonne verte\u0301brale se sont conside\u0301rablement ame\u0301liore\u0301s.<\/span><\/p><p style=\"font-variant-ligatures: normal; font-variant-caps: normal; font-family: Roboto, sans-serif; font-size: 16px; font-style: normal; font-weight: 300; text-align: start;\"><span style=\"font-family: Roboto, sans-serif; font-size: 16px; font-style: normal; font-variant-ligatures: normal; font-variant-caps: normal; font-weight: 300;\">On 22 December 2021, after three days of confining himself in his stall, he went out to enjoy the sun that had finally come out after two weeks of constant rain. In the afternoon, Tintin laid down, as he often did, but he suddenly couldn&#8217;t get back up. We tried to help him up but he would constantly fall back down, too weak to stand on his own legs. We called the vet and as we were huddled around him, petting him, Tintin ate some fresh hay until he fell asleep from the anaesthetic. We were happy he managed to enjoy the sun one last time.&nbsp;<\/span><\/p>\n<p style=\"font-variant-ligatures: normal; font-variant-caps: normal; font-family: Roboto, sans-serif; font-size: 16px; font-style: normal; font-weight: 300; text-align: center;\"><em style=\"font-variant-ligatures: normal; font-variant-caps: normal; font-family: Roboto, sans-serif; font-size: 16px; font-weight: 300; text-align: center;\">Si vous voyagez dans des pays comme l'Espagne, la Gre\u0300ce, la Turquie, etc., veuillez ne pas louer ou utiliser des a\u0302nes de ba\u0302t. Ils souffrent tous e\u0301norme\u0301ment et bien que cela semble e\u0302tre une expe\u0301rience authentique de faire travailler les a\u0302nes, prenez moins de bagages et porter les vous-me\u0302me.<\/em><\/p>\t\t\t\t\t<\/div>\n\t\t\t\t\t\t<\/div>\n\t\t\t\t<\/div>\n\t\t\t\t<section class=\"elementor-section elementor-inner-section elementor-element elementor-element-34469754 elementor-section-height-min-height elementor-section-boxed elementor-section-height-default\" data-id=\"34469754\" data-element_type=\"section\">\n\t\t\t\t\t\t<div class=\"elementor-container elementor-column-gap-default\">\n\t\t\t\t\t\t\t<div class=\"elementor-row\">\n\t\t\t\t\t<div class=\"elementor-column elementor-col-33 elementor-inner-column elementor-element elementor-element-76dd2c3d\" data-id=\"76dd2c3d\" data-element_type=\"column\" data-settings=\"{&quot;background_background&quot;:&quot;classic&quot;}\">\n\t\t\t<div class=\"elementor-column-wrap elementor-element-populated\">\n\t\t\t\t\t\t\t<div class=\"elementor-widget-wrap\">\n\t\t\t\t\t\t<div class=\"elementor-element elementor-element-4032a6c5 elementor-widget elementor-widget-spacer\" data-id=\"4032a6c5\" data-element_type=\"widget\" data-widget_type=\"spacer.default\">\n\t\t\t\t<div class=\"elementor-widget-container\">\n\t\t\t\t\t<div class=\"elementor-spacer\">\n\t\t\t<div class=\"elementor-spacer-inner\"><\/div>\n\t\t<\/div>\n\t\t\t\t<\/div>\n\t\t\t\t<\/div>\n\t\t\t\t\t\t<\/div>\n\t\t\t\t\t<\/div>\n\t\t<\/div>\n\t\t\t\t<div class=\"elementor-column elementor-col-33 elementor-inner-column elementor-element elementor-element-464d525c\" data-id=\"464d525c\" data-element_type=\"column\" data-settings=\"{&quot;background_background&quot;:&quot;classic&quot;}\">\n\t\t\t<div class=\"elementor-column-wrap elementor-element-populated\">\n\t\t\t\t\t\t\t<div class=\"elementor-widget-wrap\">\n\t\t\t\t\t\t<div class=\"elementor-element elementor-element-4676835d elementor-widget elementor-widget-spacer\" data-id=\"4676835d\" data-element_type=\"widget\" data-widget_type=\"spacer.default\">\n\t\t\t\t<div class=\"elementor-widget-container\">\n\t\t\t\t\t<div class=\"elementor-spacer\">\n\t\t\t<div class=\"elementor-spacer-inner\"><\/div>\n\t\t<\/div>\n\t\t\t\t<\/div>\n\t\t\t\t<\/div>\n\t\t\t\t\t\t<\/div>\n\t\t\t\t\t<\/div>\n\t\t<\/div>\n\t\t\t\t<div class=\"elementor-column elementor-col-33 elementor-inner-column elementor-element elementor-element-a4ae7e2\" data-id=\"a4ae7e2\" data-element_type=\"column\" data-settings=\"{&quot;background_background&quot;:&quot;classic&quot;}\">\n\t\t\t<div class=\"elementor-column-wrap elementor-element-populated\">\n\t\t\t\t\t\t\t<div class=\"elementor-widget-wrap\">\n\t\t\t\t\t\t<div class=\"elementor-element elementor-element-5938040d elementor-widget elementor-widget-spacer\" data-id=\"5938040d\" data-element_type=\"widget\" data-widget_type=\"spacer.default\">\n\t\t\t\t<div class=\"elementor-widget-container\">\n\t\t\t\t\t<div class=\"elementor-spacer\">\n\t\t\t<div class=\"elementor-spacer-inner\"><\/div>\n\t\t<\/div>\n\t\t\t\t<\/div>\n\t\t\t\t<\/div>\n\t\t\t\t\t\t<\/div>\n\t\t\t\t\t<\/div>\n\t\t<\/div>\n\t\t\t\t\t\t\t\t<\/div>\n\t\t\t\t\t<\/div>\n\t\t<\/section>\n\t\t\t\t\t\t<\/div>\n\t\t\t\t\t<\/div>\n\t\t<\/div>\n\t\t\t\t\t\t\t\t<\/div>\n\t\t\t\t\t<\/div>\n\t\t<\/section>\n\t\t\t\t\t\t\t\t\t<\/div>\n\t\t\t<\/div>\n\t\t\t\t\t<\/div>","protected":false},"excerpt":{"rendered":"<p>Tintin Date of Birth: ? Gender: Male Gotcha Day:\u00a004\/06\/2016 Breed: Pyrenean Donkey Tintin was used as a pack donkey in the Pyrenees. He was loaded too heavily whilst also being too young which completely deformed his back and caused a sunken spine. We suppose he was subject to more abuse because he was scared of [&hellip;]<\/p>","protected":false},"author":2,"featured_media":888,"parent":2276,"menu_order":2,"comment_status":"closed","ping_status":"closed","template":"","meta":{"_mi_skip_tracking":false,"_monsterinsights_sitenote_active":false,"_monsterinsights_sitenote_note":"","_monsterinsights_sitenote_category":0,"_wp_rev_ctl_limit":""},"aioseo_notices":[],"_links":{"self":[{"href":"https:\/\/muditasanctuary.org\/fr\/wp-json\/wp\/v2\/pages\/394"}],"collection":[{"href":"https:\/\/muditasanctuary.org\/fr\/wp-json\/wp\/v2\/pages"}],"about":[{"href":"https:\/\/muditasanctuary.org\/fr\/wp-json\/wp\/v2\/types\/page"}],"author":[{"embeddable":true,"href":"https:\/\/muditasanctuary.org\/fr\/wp-json\/wp\/v2\/users\/2"}],"replies":[{"embeddable":true,"href":"https:\/\/muditasanctuary.org\/fr\/wp-json\/wp\/v2\/comments?post=394"}],"version-history":[{"count":3,"href":"https:\/\/muditasanctuary.org\/fr\/wp-json\/wp\/v2\/pages\/394\/revisions"}],"predecessor-version":[{"id":3331,"href":"https:\/\/muditasanctuary.org\/fr\/wp-json\/wp\/v2\/pages\/394\/revisions\/3331"}],"up":[{"embeddable":true,"href":"https:\/\/muditasanctuary.org\/fr\/wp-json\/wp\/v2\/pages\/2276"}],"wp:featuredmedia":[{"embeddable":true,"href":"https:\/\/muditasanctuary.org\/fr\/wp-json\/wp\/v2\/media\/888"}],"wp:attachment":[{"href":"https:\/\/muditasanctuary.org\/fr\/wp-json\/wp\/v2\/media?parent=394"}],"curies":[{"name":"wp","href":"https:\/\/api.w.org\/{rel}","templated":true}]}}