{"id":356,"date":"2019-01-30T20:09:44","date_gmt":"2019-01-30T19:09:44","guid":{"rendered":"http:\/\/muditasanctuary.org\/?page_id=356"},"modified":"2020-01-18T13:19:07","modified_gmt":"2020-01-18T12:19:07","slug":"hermes","status":"publish","type":"page","link":"https:\/\/muditasanctuary.org\/fr\/guests\/hermes\/","title":{"rendered":"Hermes"},"content":{"rendered":"<div data-elementor-type=\"wp-page\" data-elementor-id=\"356\" class=\"elementor elementor-356\">\n\t\t\t\t\t\t<div class=\"elementor-inner\">\n\t\t\t\t<div class=\"elementor-section-wrap\">\n\t\t\t\t\t\t\t\t\t<section class=\"elementor-section elementor-top-section elementor-element elementor-element-2634c377 elementor-section-boxed elementor-section-height-default elementor-section-height-default\" data-id=\"2634c377\" data-element_type=\"section\">\n\t\t\t\t\t\t<div class=\"elementor-container elementor-column-gap-default\">\n\t\t\t\t\t\t\t<div class=\"elementor-row\">\n\t\t\t\t\t<div class=\"elementor-column elementor-col-100 elementor-top-column elementor-element elementor-element-1579115b\" data-id=\"1579115b\" data-element_type=\"column\">\n\t\t\t<div class=\"elementor-column-wrap elementor-element-populated\">\n\t\t\t\t\t\t\t<div class=\"elementor-widget-wrap\">\n\t\t\t\t\t\t<div class=\"elementor-element elementor-element-68eda439 elementor-widget elementor-widget-heading\" data-id=\"68eda439\" data-element_type=\"widget\" data-widget_type=\"heading.default\">\n\t\t\t\t<div class=\"elementor-widget-container\">\n\t\t\t<h2 class=\"elementor-heading-title elementor-size-xxl\">Hermes<\/h2>\t\t<\/div>\n\t\t\t\t<\/div>\n\t\t\t\t<div class=\"elementor-element elementor-element-2a32a0a6 elementor-widget elementor-widget-image\" data-id=\"2a32a0a6\" data-element_type=\"widget\" data-widget_type=\"image.default\">\n\t\t\t\t<div class=\"elementor-widget-container\">\n\t\t\t\t\t\t\t\t<div class=\"elementor-image\">\n\t\t\t\t\t\t\t\t\t\t\t\t<img decoding=\"async\" width=\"1024\" height=\"576\" src=\"https:\/\/muditasanctuary.org\/wp-content\/uploads\/2019\/02\/DSF1443-2-1024x576.jpg\" class=\"attachment-large size-large wp-image-704\" alt=\"Herrrrmes\" loading=\"lazy\" srcset=\"https:\/\/muditasanctuary.org\/wp-content\/uploads\/2019\/02\/DSF1443-2-1024x576.jpg 1024w, https:\/\/muditasanctuary.org\/wp-content\/uploads\/2019\/02\/DSF1443-2-300x169.jpg 300w, https:\/\/muditasanctuary.org\/wp-content\/uploads\/2019\/02\/DSF1443-2-768x432.jpg 768w, https:\/\/muditasanctuary.org\/wp-content\/uploads\/2019\/02\/DSF1443-2-700x394.jpg 700w, https:\/\/muditasanctuary.org\/wp-content\/uploads\/2019\/02\/DSF1443-2-520x292.jpg 520w, https:\/\/muditasanctuary.org\/wp-content\/uploads\/2019\/02\/DSF1443-2-360x202.jpg 360w, https:\/\/muditasanctuary.org\/wp-content\/uploads\/2019\/02\/DSF1443-2-250x141.jpg 250w, https:\/\/muditasanctuary.org\/wp-content\/uploads\/2019\/02\/DSF1443-2-100x56.jpg 100w, https:\/\/muditasanctuary.org\/wp-content\/uploads\/2019\/02\/DSF1443-2-e1575816935955.jpg 1000w\" sizes=\"(max-width: 1024px) 100vw, 1024px\" \/>\t\t\t\t\t\t\t\t\t\t\t\t\t\t<\/div>\n\t\t\t\t\t\t<\/div>\n\t\t\t\t<\/div>\n\t\t\t\t<section class=\"elementor-section elementor-inner-section elementor-element elementor-element-5cae209f elementor-section-boxed elementor-section-height-default elementor-section-height-default\" data-id=\"5cae209f\" data-element_type=\"section\">\n\t\t\t\t\t\t<div class=\"elementor-container elementor-column-gap-default\">\n\t\t\t\t\t\t\t<div class=\"elementor-row\">\n\t\t\t\t\t<div class=\"elementor-column elementor-col-50 elementor-inner-column elementor-element elementor-element-76e39c9a\" data-id=\"76e39c9a\" data-element_type=\"column\">\n\t\t\t<div class=\"elementor-column-wrap elementor-element-populated\">\n\t\t\t\t\t\t\t<div class=\"elementor-widget-wrap\">\n\t\t\t\t\t\t<div class=\"elementor-element elementor-element-4c882e16 elementor-widget elementor-widget-text-editor\" data-id=\"4c882e16\" data-element_type=\"widget\" data-widget_type=\"text-editor.default\">\n\t\t\t\t<div class=\"elementor-widget-container\">\n\t\t\t\t\t\t\t\t<div class=\"elementor-text-editor elementor-clearfix\">\n\t\t\t\t<p><strong>Date de Naissance:<\/strong>\u00a023\/05\/2015<\/p><p><strong>Sexe:<\/strong> M\u00e2le<\/p>\t\t\t\t\t<\/div>\n\t\t\t\t\t\t<\/div>\n\t\t\t\t<\/div>\n\t\t\t\t\t\t<\/div>\n\t\t\t\t\t<\/div>\n\t\t<\/div>\n\t\t\t\t<div class=\"elementor-column elementor-col-50 elementor-inner-column elementor-element elementor-element-5e62c060\" data-id=\"5e62c060\" data-element_type=\"column\">\n\t\t\t<div class=\"elementor-column-wrap elementor-element-populated\">\n\t\t\t\t\t\t\t<div class=\"elementor-widget-wrap\">\n\t\t\t\t\t\t<div class=\"elementor-element elementor-element-65146194 elementor-widget elementor-widget-text-editor\" data-id=\"65146194\" data-element_type=\"widget\" data-widget_type=\"text-editor.default\">\n\t\t\t\t<div class=\"elementor-widget-container\">\n\t\t\t\t\t\t\t\t<div class=\"elementor-text-editor elementor-clearfix\">\n\t\t\t\t<p><strong>Accueil le:<\/strong> 12\/06\/2015<\/p>\n<p><strong>Race:<\/strong> Frisonne Holstein<\/p>\t\t\t\t\t<\/div>\n\t\t\t\t\t\t<\/div>\n\t\t\t\t<\/div>\n\t\t\t\t\t\t<\/div>\n\t\t\t\t\t<\/div>\n\t\t<\/div>\n\t\t\t\t\t\t\t\t<\/div>\n\t\t\t\t\t<\/div>\n\t\t<\/section>\n\t\t\t\t<section class=\"elementor-section elementor-inner-section elementor-element elementor-element-ab9a682 elementor-section-boxed elementor-section-height-default elementor-section-height-default\" data-id=\"ab9a682\" data-element_type=\"section\">\n\t\t\t\t\t\t<div class=\"elementor-container elementor-column-gap-default\">\n\t\t\t\t\t\t\t<div class=\"elementor-row\">\n\t\t\t\t\t<div class=\"elementor-column elementor-col-50 elementor-inner-column elementor-element elementor-element-25c3033a\" data-id=\"25c3033a\" data-element_type=\"column\">\n\t\t\t<div class=\"elementor-column-wrap elementor-element-populated\">\n\t\t\t\t\t\t\t<div class=\"elementor-widget-wrap\">\n\t\t\t\t\t\t<div class=\"elementor-element elementor-element-73f7c37b elementor-widget elementor-widget-image\" data-id=\"73f7c37b\" data-element_type=\"widget\" data-widget_type=\"image.default\">\n\t\t\t\t<div class=\"elementor-widget-container\">\n\t\t\t\t\t\t\t\t<div class=\"elementor-image\">\n\t\t\t\t\t\t\t\t\t\t\t\t<img decoding=\"async\" width=\"914\" height=\"1024\" src=\"https:\/\/muditasanctuary.org\/wp-content\/uploads\/2019\/11\/Screen-Shot-2019-11-09-at-23.22.11-914x1024.jpg\" class=\"attachment-large size-large wp-image-1879\" alt=\"\" loading=\"lazy\" srcset=\"https:\/\/muditasanctuary.org\/wp-content\/uploads\/2019\/11\/Screen-Shot-2019-11-09-at-23.22.11-914x1024.jpg 914w, https:\/\/muditasanctuary.org\/wp-content\/uploads\/2019\/11\/Screen-Shot-2019-11-09-at-23.22.11-268x300.jpg 268w, https:\/\/muditasanctuary.org\/wp-content\/uploads\/2019\/11\/Screen-Shot-2019-11-09-at-23.22.11-768x861.jpg 768w, https:\/\/muditasanctuary.org\/wp-content\/uploads\/2019\/11\/Screen-Shot-2019-11-09-at-23.22.11.jpg 1290w\" sizes=\"(max-width: 914px) 100vw, 914px\" \/>\t\t\t\t\t\t\t\t\t\t\t\t\t\t<\/div>\n\t\t\t\t\t\t<\/div>\n\t\t\t\t<\/div>\n\t\t\t\t\t\t<\/div>\n\t\t\t\t\t<\/div>\n\t\t<\/div>\n\t\t\t\t<div class=\"elementor-column elementor-col-50 elementor-inner-column elementor-element elementor-element-5f8d1429\" data-id=\"5f8d1429\" data-element_type=\"column\">\n\t\t\t<div class=\"elementor-column-wrap elementor-element-populated\">\n\t\t\t\t\t\t\t<div class=\"elementor-widget-wrap\">\n\t\t\t\t\t\t<div class=\"elementor-element elementor-element-409c7c97 elementor-widget elementor-widget-text-editor\" data-id=\"409c7c97\" data-element_type=\"widget\" data-widget_type=\"text-editor.default\">\n\t\t\t\t<div class=\"elementor-widget-container\">\n\t\t\t\t\t\t\t\t<div class=\"elementor-text-editor elementor-clearfix\">\n\t\t\t\t<p>Ariane, notre fondatrice, cherchait l'un de ses voisins et alla dans une grange ou\u0300 elle n'e\u0301tait jamais alle\u0301e auparavant. Elle a vu une douzaine de veaux Holstein individuellement attache\u0301s au mur avec des chai\u0302nes. Les chai\u0302nes ne de\u0301passant pas 50 cm de long. C\u2019e\u0301tait juste assez pour leur permettre de se retourner ou de se coucher. Il y avait de la paille au sol mais elle n'avaient clairement pas e\u0301te\u0301 change\u0301s depuis tre\u0300s longtemps, la paille e\u0301taient donc recouvertes d'urine et de matie\u0300res fe\u0301cales. L'acide de l'urine avait bru\u0302le\u0301 des parties du corps qui e\u0301taient entre\u0301e en contact avec la paille, de sorte que beaucoup de veaux avaient des taches chauves et une peau irrite\u0301e.<\/p><p>Lorsqu'elle a rencontre\u0301 l'agriculteur, il lui a dit que les 3 ma\u0302les seraient envoye\u0301s en Espagne pour y e\u0302tre engraisse\u0301s et ensuite abattus.<\/p>\t\t\t\t\t<\/div>\n\t\t\t\t\t\t<\/div>\n\t\t\t\t<\/div>\n\t\t\t\t\t\t<\/div>\n\t\t\t\t\t<\/div>\n\t\t<\/div>\n\t\t\t\t\t\t\t\t<\/div>\n\t\t\t\t\t<\/div>\n\t\t<\/section>\n\t\t\t\t<div class=\"elementor-element elementor-element-6123cdb7 elementor-widget elementor-widget-text-editor\" data-id=\"6123cdb7\" data-element_type=\"widget\" data-widget_type=\"text-editor.default\">\n\t\t\t\t<div class=\"elementor-widget-container\">\n\t\t\t\t\t\t\t\t<div class=\"elementor-text-editor elementor-clearfix\">\n\t\t\t\t<p><span style=\"font-size: 16px;\">Les vaches Holstein (vaches laitie\u0300res) sont utilise\u0301es pour la production laitie\u0300re et leurs veaux ma\u0302les sont si maigres que l\u2019industrie de la viande en Belgique ou en France ne les veut pas, en raison de la faible quantite\u0301 de viande disponible. Dans certaines fermes, les veaux Holstein ma\u0302les sont simplement jete\u0301s vivants dans de grandes poubelles, e\u0301tiquete\u0301s comme des de\u0301chets. Ce fermier les vend cependant a\u0300 l'Espagne. Ils sont destine\u0301s a\u0300 voyager pendant au moins 38 heures entasse\u0301s dans un camion sans nourriture ni eau. 25% des veaux sont de\u0301ce\u0301de\u0301s au moment ou\u0300 ils atteignent leur destination. Les femelles, par contre, sont garde\u0301s pour remplacer leur me\u0300re une fois que celle-ci est comple\u0300tement e\u0301puise\u0301e, vers 6 ans, puis ils sont e\u0301galement envoye\u0301s a\u0300 l'abattoir.&nbsp;<\/span><br><\/p>\n<p>Sans he\u0301siter, Ariane a demande\u0301 au fermier si elle pouvait acheter les trois ma\u0302les. Le lendemain, nous sommes alle\u0301s les chercher pour les emmener dans le sanctuaire ou ils vivront paisiblement.&nbsp;<\/p>\t\t\t\t\t<\/div>\n\t\t\t\t\t\t<\/div>\n\t\t\t\t<\/div>\n\t\t\t\t<div class=\"elementor-element elementor-element-16022942 elementor-widget elementor-widget-image\" data-id=\"16022942\" data-element_type=\"widget\" data-widget_type=\"image.default\">\n\t\t\t\t<div class=\"elementor-widget-container\">\n\t\t\t\t\t\t\t\t<div class=\"elementor-image\">\n\t\t\t\t\t\t\t\t\t<figure class=\"wp-caption\">\n\t\t\t\t\t\t\t\t\t\t<img decoding=\"async\" width=\"1024\" height=\"684\" src=\"https:\/\/muditasanctuary.org\/wp-content\/uploads\/2019\/11\/DSF3790-1024x684.jpg\" class=\"attachment-large size-large wp-image-1908\" alt=\"\" loading=\"lazy\" srcset=\"https:\/\/muditasanctuary.org\/wp-content\/uploads\/2019\/11\/DSF3790-1024x684.jpg 1024w, https:\/\/muditasanctuary.org\/wp-content\/uploads\/2019\/11\/DSF3790-300x200.jpg 300w, https:\/\/muditasanctuary.org\/wp-content\/uploads\/2019\/11\/DSF3790-768x513.jpg 768w, https:\/\/muditasanctuary.org\/wp-content\/uploads\/2019\/11\/DSF3790.jpg 2048w\" sizes=\"(max-width: 1024px) 100vw, 1024px\" \/>\t\t\t\t\t\t\t\t\t\t\t<figcaption class=\"widget-image-caption wp-caption-text\">Toujours aux c\u00f4t\u00e9s de sont fr\u00e8re Chronos<\/figcaption>\n\t\t\t\t\t\t\t\t\t\t<\/figure>\n\t\t\t\t\t\t\t\t<\/div>\n\t\t\t\t\t\t<\/div>\n\t\t\t\t<\/div>\n\t\t\t\t<div class=\"elementor-element elementor-element-3cd7ecb7 elementor-widget elementor-widget-text-editor\" data-id=\"3cd7ecb7\" data-element_type=\"widget\" data-widget_type=\"text-editor.default\">\n\t\t\t\t<div class=\"elementor-widget-container\">\n\t\t\t\t\t\t\t\t<div class=\"elementor-text-editor elementor-clearfix\">\n\t\t\t\t<p>A\u0300 la ferme, les veaux boivent du lait en poudre dans un seau comme un chien (bien su\u0302r, le lait de la me\u0300re est exclusivement re\u0301serve\u0301 a\u0300 la consommation humaine!). Les veaux sont suppose\u0301s te\u0301ter et boire du lait avec la te\u0302te tourne\u0301e vers le haut, conforme\u0301ment a\u0300 la nature. Cela facilite leur digestion.<\/p><p>Nous avons donc achete\u0301 des biberons et une pre\u0301paration spe\u0301ciale. Nous les avons nourris 6 fois par jour, d'abord a\u0300 la main, puis nous avons mis au point un moyen de bien accrocher les biberons au mur.\u00a0\u00a0<\/p><p><span style=\"font-family: Roboto, sans-serif; font-size: 16px; font-style: normal; font-variant-ligatures: normal; font-variant-caps: normal; font-weight: 300;\">Nous avions une vache, Pluche, a\u0302ge\u0301e de plus de 19 ans, qui n'avait jamais eu de veau auparavant, elle a pris Chronos et les autres ma\u0302les sous son aile. Elle leur a beaucoup appris et les a pris en charge.\u00a0<\/span><\/p><p>Herme\u0300s est ne\u0301 avec un c\u0153ur incomplet, son c\u0153ur n'e\u0301tait pas comple\u0300tement de\u0301veloppe\u0301. Il avait des difficulte\u0301s a\u0300 respirer et quand il buvait le lait, il s'arre\u0302tait pour respirer, en se noyant presque a\u0300 chaque fois qu'il mangeait.\u00a0<\/p><p>Nous avons contacte\u0301 un ve\u0301te\u0301rinaire en Belgique, spe\u0301cialise\u0301 dans les bovins et les chevaux. Il nous a recommande\u0301 des me\u0301dicaments pour le c\u0153ur et des vitamines pour aider son c\u0153ur a\u0300 se de\u0301velopper. Inutile de dire que, me\u0302me si Herme\u0300s n\u2019avait pas un c\u0153ur bien de\u0301veloppe\u0301, il avait un immense c\u0153ur e\u0301motionnel et il a capture\u0301 le no\u0302tre.\u00a0<\/p><p><span style=\"font-size: 16px;\">Nous avions peur qu'Herme\u0300s ne s\u2019en sorte pas mais nous avons jamais abandonne\u0301s. Bien que sa progression ait e\u0301te\u0301 plus lente que celle de <\/span><a style=\"font-size: 16px; background-color: #ffffff;\" href=\"https:\/\/muditasanctuary.org\/fr\/guests\/chronos\/\">Chronos<\/a><span style=\"font-size: 16px;\"> , il est devenu aussi grand que lui. Herme\u0300s est tre\u0300s amical et adore quand on lui pre\u0302te de l\u2019attention, de l\u2019amour et des soins. Les deux fr\u00e8res sont toujours ensemble, parfois m\u00eame dans un seul box (qui est con\u00e7u pour un cheval, pas deux taureaux!)<\/span><\/p><p><span style=\"font-size: 16px;\">En \u00e9t\u00e9, nous suspendons de vieux draps devant les boxs de la grange et des abri pour donner de l'ombre aux animaux. Herm\u00e8s aime toujours faire un trou dans ces draps afin de pouvoir encore voir \u00e0 l'ext\u00e9rieur. Il aime l'ombre et avoir moins de mouches, mais il aime toujours avoir une \u00abfen\u00eatre\u00bb pour regarder passer les voitures.<\/span><\/p><p><span style=\"font-size: 16px;\">\u00a0<\/span><\/p><p style=\"text-align: center;\"><em style=\"font-variant-ligatures: normal; font-variant-caps: normal; font-family: Roboto, sans-serif; font-size: 16px; font-weight: 300; text-align: center;\">Bien que la pens\u00e9e commune soit qu'aucun animal n'est tu\u00e9 pour fabriquer du lait ou du fromage, cela ne pourrait pas \u00eatre plus \u00e9loign\u00e9 de la v\u00e9rit\u00e9. A la fin, chaque animal meurt bien avant son heure. Veuillez ne pas soutenir ces industries cruelles et abandonner les produits laitiers\u00a0<\/em><em style=\"font-variant-ligatures: normal; font-variant-caps: normal; font-family: Roboto, sans-serif; font-size: 16px; font-weight: 300; text-align: center;\">en faveur<\/em><em style=\"font-variant-ligatures: normal; font-variant-caps: normal; font-family: Roboto, sans-serif; font-size: 16px; font-weight: 300; text-align: center;\">\u00a0du\u00a0<\/em><em style=\"font-variant-ligatures: normal; font-variant-caps: normal; font-family: Roboto, sans-serif; font-size: 16px; font-weight: 300; text-align: center;\">v\u00e9g\u00e9taliennes \u00e0 base de<\/em><em style=\"font-variant-ligatures: normal; font-variant-caps: normal; font-family: Roboto, sans-serif; font-size: 16px; font-weight: 300; text-align: center;\">\u00a0plantes.<\/em><span style=\"font-size: 16px;\"><br \/><\/span><\/p><p>\u00a0<\/p>\t\t\t\t\t<\/div>\n\t\t\t\t\t\t<\/div>\n\t\t\t\t<\/div>\n\t\t\t\t<section class=\"elementor-section elementor-inner-section elementor-element elementor-element-3fe7c76b elementor-section-height-min-height elementor-section-boxed elementor-section-height-default\" data-id=\"3fe7c76b\" data-element_type=\"section\">\n\t\t\t\t\t\t<div class=\"elementor-container elementor-column-gap-default\">\n\t\t\t\t\t\t\t<div class=\"elementor-row\">\n\t\t\t\t\t<div class=\"elementor-column elementor-col-33 elementor-inner-column elementor-element elementor-element-ac79842\" data-id=\"ac79842\" data-element_type=\"column\" data-settings=\"{&quot;background_background&quot;:&quot;classic&quot;}\">\n\t\t\t<div class=\"elementor-column-wrap elementor-element-populated\">\n\t\t\t\t\t\t\t<div class=\"elementor-widget-wrap\">\n\t\t\t\t\t\t<div class=\"elementor-element elementor-element-08b7680 elementor-widget elementor-widget-spacer\" data-id=\"08b7680\" data-element_type=\"widget\" data-widget_type=\"spacer.default\">\n\t\t\t\t<div class=\"elementor-widget-container\">\n\t\t\t\t\t<div class=\"elementor-spacer\">\n\t\t\t<div class=\"elementor-spacer-inner\"><\/div>\n\t\t<\/div>\n\t\t\t\t<\/div>\n\t\t\t\t<\/div>\n\t\t\t\t\t\t<\/div>\n\t\t\t\t\t<\/div>\n\t\t<\/div>\n\t\t\t\t<div class=\"elementor-column elementor-col-33 elementor-inner-column elementor-element elementor-element-4a6e3cfd\" data-id=\"4a6e3cfd\" data-element_type=\"column\" data-settings=\"{&quot;background_background&quot;:&quot;classic&quot;}\">\n\t\t\t<div class=\"elementor-column-wrap elementor-element-populated\">\n\t\t\t\t\t\t\t<div class=\"elementor-widget-wrap\">\n\t\t\t\t\t\t<div class=\"elementor-element elementor-element-1a4358a0 elementor-widget elementor-widget-spacer\" data-id=\"1a4358a0\" data-element_type=\"widget\" data-widget_type=\"spacer.default\">\n\t\t\t\t<div class=\"elementor-widget-container\">\n\t\t\t\t\t<div class=\"elementor-spacer\">\n\t\t\t<div class=\"elementor-spacer-inner\"><\/div>\n\t\t<\/div>\n\t\t\t\t<\/div>\n\t\t\t\t<\/div>\n\t\t\t\t\t\t<\/div>\n\t\t\t\t\t<\/div>\n\t\t<\/div>\n\t\t\t\t<div class=\"elementor-column elementor-col-33 elementor-inner-column elementor-element elementor-element-59593e8\" data-id=\"59593e8\" data-element_type=\"column\" data-settings=\"{&quot;background_background&quot;:&quot;classic&quot;}\">\n\t\t\t<div class=\"elementor-column-wrap elementor-element-populated\">\n\t\t\t\t\t\t\t<div class=\"elementor-widget-wrap\">\n\t\t\t\t\t\t<div class=\"elementor-element elementor-element-3cad806 elementor-widget elementor-widget-spacer\" data-id=\"3cad806\" data-element_type=\"widget\" data-widget_type=\"spacer.default\">\n\t\t\t\t<div class=\"elementor-widget-container\">\n\t\t\t\t\t<div class=\"elementor-spacer\">\n\t\t\t<div class=\"elementor-spacer-inner\"><\/div>\n\t\t<\/div>\n\t\t\t\t<\/div>\n\t\t\t\t<\/div>\n\t\t\t\t\t\t<\/div>\n\t\t\t\t\t<\/div>\n\t\t<\/div>\n\t\t\t\t\t\t\t\t<\/div>\n\t\t\t\t\t<\/div>\n\t\t<\/section>\n\t\t\t\t\t\t<\/div>\n\t\t\t\t\t<\/div>\n\t\t<\/div>\n\t\t\t\t\t\t\t\t<\/div>\n\t\t\t\t\t<\/div>\n\t\t<\/section>\n\t\t\t\t\t\t\t\t\t<\/div>\n\t\t\t<\/div>\n\t\t\t\t\t<\/div>","protected":false},"excerpt":{"rendered":"<p>Hermes Date of Birth:\u00a023\/05\/2015 Gender: Male Gotcha Day: 12\/06\/2015 Breed: Holstein Friesian Ariane, our founder, was looking for one of her neighbours and went looking for him inside a barn where she had never stepped in before. She witnessed a dozen Holstein calves individually tied to the wall with shackles and chains that were a [&hellip;]<\/p>","protected":false},"author":2,"featured_media":704,"parent":1534,"menu_order":0,"comment_status":"closed","ping_status":"closed","template":"","meta":{"_mi_skip_tracking":false,"_monsterinsights_sitenote_active":false,"_monsterinsights_sitenote_note":"","_monsterinsights_sitenote_category":0,"_wp_rev_ctl_limit":""},"aioseo_notices":[],"_links":{"self":[{"href":"https:\/\/muditasanctuary.org\/fr\/wp-json\/wp\/v2\/pages\/356"}],"collection":[{"href":"https:\/\/muditasanctuary.org\/fr\/wp-json\/wp\/v2\/pages"}],"about":[{"href":"https:\/\/muditasanctuary.org\/fr\/wp-json\/wp\/v2\/types\/page"}],"author":[{"embeddable":true,"href":"https:\/\/muditasanctuary.org\/fr\/wp-json\/wp\/v2\/users\/2"}],"replies":[{"embeddable":true,"href":"https:\/\/muditasanctuary.org\/fr\/wp-json\/wp\/v2\/comments?post=356"}],"version-history":[{"count":2,"href":"https:\/\/muditasanctuary.org\/fr\/wp-json\/wp\/v2\/pages\/356\/revisions"}],"predecessor-version":[{"id":2724,"href":"https:\/\/muditasanctuary.org\/fr\/wp-json\/wp\/v2\/pages\/356\/revisions\/2724"}],"up":[{"embeddable":true,"href":"https:\/\/muditasanctuary.org\/fr\/wp-json\/wp\/v2\/pages\/1534"}],"wp:featuredmedia":[{"embeddable":true,"href":"https:\/\/muditasanctuary.org\/fr\/wp-json\/wp\/v2\/media\/704"}],"wp:attachment":[{"href":"https:\/\/muditasanctuary.org\/fr\/wp-json\/wp\/v2\/media?parent=356"}],"curies":[{"name":"wp","href":"https:\/\/api.w.org\/{rel}","templated":true}]}}