{"id":3406,"date":"2021-06-26T12:06:45","date_gmt":"2021-06-26T10:06:45","guid":{"rendered":"http:\/\/muditasanctuary.org\/?page_id=3406"},"modified":"2021-12-20T21:53:54","modified_gmt":"2021-12-20T20:53:54","slug":"rex","status":"publish","type":"page","link":"https:\/\/muditasanctuary.org\/fr\/adopted\/rex\/","title":{"rendered":"Rex"},"content":{"rendered":"<div data-elementor-type=\"wp-page\" data-elementor-id=\"3406\" class=\"elementor elementor-3406\">\n\t\t\t\t\t\t<div class=\"elementor-inner\">\n\t\t\t\t<div class=\"elementor-section-wrap\">\n\t\t\t\t\t\t\t\t\t<section class=\"elementor-section elementor-top-section elementor-element elementor-element-202cec11 elementor-section-boxed elementor-section-height-default elementor-section-height-default\" data-id=\"202cec11\" data-element_type=\"section\">\n\t\t\t\t\t\t<div class=\"elementor-container elementor-column-gap-default\">\n\t\t\t\t\t\t\t<div class=\"elementor-row\">\n\t\t\t\t\t<div class=\"elementor-column elementor-col-100 elementor-top-column elementor-element elementor-element-95d53d0\" data-id=\"95d53d0\" data-element_type=\"column\">\n\t\t\t<div class=\"elementor-column-wrap elementor-element-populated\">\n\t\t\t\t\t\t\t<div class=\"elementor-widget-wrap\">\n\t\t\t\t\t\t<div class=\"elementor-element elementor-element-79f6bc0 elementor-widget elementor-widget-heading\" data-id=\"79f6bc0\" data-element_type=\"widget\" data-widget_type=\"heading.default\">\n\t\t\t\t<div class=\"elementor-widget-container\">\n\t\t\t<h2 class=\"elementor-heading-title elementor-size-xxl\">Rex<\/h2>\t\t<\/div>\n\t\t\t\t<\/div>\n\t\t\t\t<div class=\"elementor-element elementor-element-32a3dfd8 elementor-widget elementor-widget-image\" data-id=\"32a3dfd8\" data-element_type=\"widget\" data-widget_type=\"image.default\">\n\t\t\t\t<div class=\"elementor-widget-container\">\n\t\t\t\t\t\t\t\t<div class=\"elementor-image\">\n\t\t\t\t\t\t\t\t\t\t\t\t<img decoding=\"async\" width=\"1024\" height=\"680\" src=\"https:\/\/muditasanctuary.org\/wp-content\/uploads\/2018\/07\/Screen-Shot-2016-08-10-at-23.42.55-1024x680.png\" class=\"attachment-large size-large wp-image-7\" alt=\"\" loading=\"lazy\" srcset=\"https:\/\/muditasanctuary.org\/wp-content\/uploads\/2018\/07\/Screen-Shot-2016-08-10-at-23.42.55-1024x680.png 1024w, https:\/\/muditasanctuary.org\/wp-content\/uploads\/2018\/07\/Screen-Shot-2016-08-10-at-23.42.55-300x199.png 300w, https:\/\/muditasanctuary.org\/wp-content\/uploads\/2018\/07\/Screen-Shot-2016-08-10-at-23.42.55-768x510.png 768w, https:\/\/muditasanctuary.org\/wp-content\/uploads\/2018\/07\/Screen-Shot-2016-08-10-at-23.42.55-700x465.png 700w, https:\/\/muditasanctuary.org\/wp-content\/uploads\/2018\/07\/Screen-Shot-2016-08-10-at-23.42.55-520x345.png 520w, https:\/\/muditasanctuary.org\/wp-content\/uploads\/2018\/07\/Screen-Shot-2016-08-10-at-23.42.55-360x239.png 360w, https:\/\/muditasanctuary.org\/wp-content\/uploads\/2018\/07\/Screen-Shot-2016-08-10-at-23.42.55-250x166.png 250w, https:\/\/muditasanctuary.org\/wp-content\/uploads\/2018\/07\/Screen-Shot-2016-08-10-at-23.42.55-100x66.png 100w, https:\/\/muditasanctuary.org\/wp-content\/uploads\/2018\/07\/Screen-Shot-2016-08-10-at-23.42.55.png 2048w\" sizes=\"(max-width: 1024px) 100vw, 1024px\" \/>\t\t\t\t\t\t\t\t\t\t\t\t\t\t<\/div>\n\t\t\t\t\t\t<\/div>\n\t\t\t\t<\/div>\n\t\t\t\t<section class=\"elementor-section elementor-inner-section elementor-element elementor-element-7c742c15 elementor-section-boxed elementor-section-height-default elementor-section-height-default\" data-id=\"7c742c15\" data-element_type=\"section\">\n\t\t\t\t\t\t<div class=\"elementor-container elementor-column-gap-default\">\n\t\t\t\t\t\t\t<div class=\"elementor-row\">\n\t\t\t\t\t<div class=\"elementor-column elementor-col-50 elementor-inner-column elementor-element elementor-element-2241eb49\" data-id=\"2241eb49\" data-element_type=\"column\">\n\t\t\t<div class=\"elementor-column-wrap elementor-element-populated\">\n\t\t\t\t\t\t\t<div class=\"elementor-widget-wrap\">\n\t\t\t\t\t\t<div class=\"elementor-element elementor-element-60c9bd78 elementor-widget elementor-widget-text-editor\" data-id=\"60c9bd78\" data-element_type=\"widget\" data-widget_type=\"text-editor.default\">\n\t\t\t\t<div class=\"elementor-widget-container\">\n\t\t\t\t\t\t\t\t<div class=\"elementor-text-editor elementor-clearfix\">\n\t\t\t\t<p><strong>Date de Naissance:<\/strong>&nbsp; 01\/01\/20&nbsp;<\/p>\n<p><strong>Sexe:<\/strong>&nbsp;M\u00e2le<\/p>\t\t\t\t\t<\/div>\n\t\t\t\t\t\t<\/div>\n\t\t\t\t<\/div>\n\t\t\t\t\t\t<\/div>\n\t\t\t\t\t<\/div>\n\t\t<\/div>\n\t\t\t\t<div class=\"elementor-column elementor-col-50 elementor-inner-column elementor-element elementor-element-5ecbf0f2\" data-id=\"5ecbf0f2\" data-element_type=\"column\">\n\t\t\t<div class=\"elementor-column-wrap elementor-element-populated\">\n\t\t\t\t\t\t\t<div class=\"elementor-widget-wrap\">\n\t\t\t\t\t\t<div class=\"elementor-element elementor-element-505cb926 elementor-widget elementor-widget-text-editor\" data-id=\"505cb926\" data-element_type=\"widget\" data-widget_type=\"text-editor.default\">\n\t\t\t\t<div class=\"elementor-widget-container\">\n\t\t\t\t\t\t\t\t<div class=\"elementor-text-editor elementor-clearfix\">\n\t\t\t\t<p><strong>Accueil le:<\/strong> 02\/01\/20<\/p><p><strong style=\"font-size: 20px;\">Race:<\/strong><span style=\"font-size: 20px;\">\u00a0Cou Nu Chicken<\/span><\/p>\t\t\t\t\t<\/div>\n\t\t\t\t\t\t<\/div>\n\t\t\t\t<\/div>\n\t\t\t\t\t\t<\/div>\n\t\t\t\t\t<\/div>\n\t\t<\/div>\n\t\t\t\t\t\t\t\t<\/div>\n\t\t\t\t\t<\/div>\n\t\t<\/section>\n\t\t\t\t<section class=\"elementor-section elementor-inner-section elementor-element elementor-element-49ace43f elementor-section-boxed elementor-section-height-default elementor-section-height-default\" data-id=\"49ace43f\" data-element_type=\"section\">\n\t\t\t\t\t\t<div class=\"elementor-container elementor-column-gap-default\">\n\t\t\t\t\t\t\t<div class=\"elementor-row\">\n\t\t\t\t\t<div class=\"elementor-column elementor-col-50 elementor-inner-column elementor-element elementor-element-edf16f3\" data-id=\"edf16f3\" data-element_type=\"column\">\n\t\t\t<div class=\"elementor-column-wrap elementor-element-populated\">\n\t\t\t\t\t\t\t<div class=\"elementor-widget-wrap\">\n\t\t\t\t\t\t<div class=\"elementor-element elementor-element-52eb95da elementor-widget elementor-widget-image\" data-id=\"52eb95da\" data-element_type=\"widget\" data-widget_type=\"image.default\">\n\t\t\t\t<div class=\"elementor-widget-container\">\n\t\t\t\t\t\t\t\t<div class=\"elementor-image\">\n\t\t\t\t\t\t\t\t\t\t\t\t<img decoding=\"async\" width=\"1024\" height=\"680\" src=\"https:\/\/muditasanctuary.org\/wp-content\/uploads\/2018\/07\/Screen-Shot-2016-08-10-at-23.42.55-1024x680.png\" class=\"attachment-large size-large wp-image-7\" alt=\"\" loading=\"lazy\" srcset=\"https:\/\/muditasanctuary.org\/wp-content\/uploads\/2018\/07\/Screen-Shot-2016-08-10-at-23.42.55-1024x680.png 1024w, https:\/\/muditasanctuary.org\/wp-content\/uploads\/2018\/07\/Screen-Shot-2016-08-10-at-23.42.55-300x199.png 300w, https:\/\/muditasanctuary.org\/wp-content\/uploads\/2018\/07\/Screen-Shot-2016-08-10-at-23.42.55-768x510.png 768w, https:\/\/muditasanctuary.org\/wp-content\/uploads\/2018\/07\/Screen-Shot-2016-08-10-at-23.42.55-700x465.png 700w, https:\/\/muditasanctuary.org\/wp-content\/uploads\/2018\/07\/Screen-Shot-2016-08-10-at-23.42.55-520x345.png 520w, https:\/\/muditasanctuary.org\/wp-content\/uploads\/2018\/07\/Screen-Shot-2016-08-10-at-23.42.55-360x239.png 360w, https:\/\/muditasanctuary.org\/wp-content\/uploads\/2018\/07\/Screen-Shot-2016-08-10-at-23.42.55-250x166.png 250w, https:\/\/muditasanctuary.org\/wp-content\/uploads\/2018\/07\/Screen-Shot-2016-08-10-at-23.42.55-100x66.png 100w, https:\/\/muditasanctuary.org\/wp-content\/uploads\/2018\/07\/Screen-Shot-2016-08-10-at-23.42.55.png 2048w\" sizes=\"(max-width: 1024px) 100vw, 1024px\" \/>\t\t\t\t\t\t\t\t\t\t\t\t\t\t<\/div>\n\t\t\t\t\t\t<\/div>\n\t\t\t\t<\/div>\n\t\t\t\t\t\t<\/div>\n\t\t\t\t\t<\/div>\n\t\t<\/div>\n\t\t\t\t<div class=\"elementor-column elementor-col-50 elementor-inner-column elementor-element elementor-element-746383a7\" data-id=\"746383a7\" data-element_type=\"column\">\n\t\t\t<div class=\"elementor-column-wrap elementor-element-populated\">\n\t\t\t\t\t\t\t<div class=\"elementor-widget-wrap\">\n\t\t\t\t\t\t<div class=\"elementor-element elementor-element-436a350f elementor-widget elementor-widget-text-editor\" data-id=\"436a350f\" data-element_type=\"widget\" data-widget_type=\"text-editor.default\">\n\t\t\t\t<div class=\"elementor-widget-container\">\n\t\t\t\t\t\t\t\t<div class=\"elementor-text-editor elementor-clearfix\">\n\t\t\t\t<p style=\"font-variant-ligatures: normal; font-variant-caps: normal; font-family: Roboto, sans-serif; font-size: 16px; font-style: normal; font-weight: 300;\">We are currently writing this guest&#8217;s story.<\/p><p style=\"font-variant-ligatures: normal; font-variant-caps: normal; font-family: Roboto, sans-serif; font-size: 16px; font-style: normal; font-weight: 300;\"><span style=\"font-family: Roboto, sans-serif; font-size: 16px; font-style: normal; font-variant-ligatures: normal; font-variant-caps: normal; font-weight: 300;\">Veuillez \u00eatre patients avec nous!<\/span><\/p>\t\t\t\t\t<\/div>\n\t\t\t\t\t\t<\/div>\n\t\t\t\t<\/div>\n\t\t\t\t\t\t<\/div>\n\t\t\t\t\t<\/div>\n\t\t<\/div>\n\t\t\t\t\t\t\t\t<\/div>\n\t\t\t\t\t<\/div>\n\t\t<\/section>\n\t\t\t\t<div class=\"elementor-element elementor-element-a4e48c8 elementor-widget elementor-widget-text-editor\" data-id=\"a4e48c8\" data-element_type=\"widget\" data-widget_type=\"text-editor.default\">\n\t\t\t\t<div class=\"elementor-widget-container\">\n\t\t\t\t\t\t\t\t<div class=\"elementor-text-editor elementor-clearfix\">\n\t\t\t\t<p><span style=\"font-family: Roboto, sans-serif; font-size: 16px; font-style: normal; font-variant-ligatures: normal; font-variant-caps: normal; font-weight: 300;\">Ce n'est pas facile de jongler les soins des animaux et la pr\u00e9sence en ligne. La personne responsable du site web \u00e0 aussi un travail \u00e0 plein temps. Merci de votre compr\u00e9hension.<\/span><\/p>\t\t\t\t\t<\/div>\n\t\t\t\t\t\t<\/div>\n\t\t\t\t<\/div>\n\t\t\t\t<div class=\"elementor-element elementor-element-d573631 elementor-widget elementor-widget-image\" data-id=\"d573631\" data-element_type=\"widget\" data-widget_type=\"image.default\">\n\t\t\t\t<div class=\"elementor-widget-container\">\n\t\t\t\t\t\t\t\t<div class=\"elementor-image\">\n\t\t\t\t\t\t\t\t\t<figure class=\"wp-caption\">\n\t\t\t\t\t\t\t\t\t\t<img decoding=\"async\" width=\"1024\" height=\"680\" src=\"https:\/\/muditasanctuary.org\/wp-content\/uploads\/2018\/07\/Screen-Shot-2016-08-10-at-23.42.55-1024x680.png\" class=\"attachment-large size-large wp-image-7\" alt=\"\" loading=\"lazy\" srcset=\"https:\/\/muditasanctuary.org\/wp-content\/uploads\/2018\/07\/Screen-Shot-2016-08-10-at-23.42.55-1024x680.png 1024w, https:\/\/muditasanctuary.org\/wp-content\/uploads\/2018\/07\/Screen-Shot-2016-08-10-at-23.42.55-300x199.png 300w, https:\/\/muditasanctuary.org\/wp-content\/uploads\/2018\/07\/Screen-Shot-2016-08-10-at-23.42.55-768x510.png 768w, https:\/\/muditasanctuary.org\/wp-content\/uploads\/2018\/07\/Screen-Shot-2016-08-10-at-23.42.55-700x465.png 700w, https:\/\/muditasanctuary.org\/wp-content\/uploads\/2018\/07\/Screen-Shot-2016-08-10-at-23.42.55-520x345.png 520w, https:\/\/muditasanctuary.org\/wp-content\/uploads\/2018\/07\/Screen-Shot-2016-08-10-at-23.42.55-360x239.png 360w, https:\/\/muditasanctuary.org\/wp-content\/uploads\/2018\/07\/Screen-Shot-2016-08-10-at-23.42.55-250x166.png 250w, https:\/\/muditasanctuary.org\/wp-content\/uploads\/2018\/07\/Screen-Shot-2016-08-10-at-23.42.55-100x66.png 100w, https:\/\/muditasanctuary.org\/wp-content\/uploads\/2018\/07\/Screen-Shot-2016-08-10-at-23.42.55.png 2048w\" sizes=\"(max-width: 1024px) 100vw, 1024px\" \/>\t\t\t\t\t\t\t\t\t\t\t<figcaption class=\"widget-image-caption wp-caption-text\"><\/figcaption>\n\t\t\t\t\t\t\t\t\t\t<\/figure>\n\t\t\t\t\t\t\t\t<\/div>\n\t\t\t\t\t\t<\/div>\n\t\t\t\t<\/div>\n\t\t\t\t<div class=\"elementor-element elementor-element-14c1c820 elementor-widget elementor-widget-text-editor\" data-id=\"14c1c820\" data-element_type=\"widget\" data-widget_type=\"text-editor.default\">\n\t\t\t\t<div class=\"elementor-widget-container\">\n\t\t\t\t\t\t\t\t<div class=\"elementor-text-editor elementor-clearfix\">\n\t\t\t\t<p style=\"font-variant-ligatures: normal; font-variant-caps: normal; font-family: Roboto, sans-serif; font-size: 16px; font-style: normal; font-weight: 300;\">En attendant, d\u00e9couvrez les histoires de nos autres animaux r\u00e9sidents et voyez comment vous pouvez <a href=\"https:\/\/muditasanctuary.org\/fr\/join-us\/\">nous aider<\/a> ou <a href=\"https:\/\/muditasanctuary.org\/fr\/volunteer\/\">faire du b\u00e9n\u00e9volat<\/a>.<\/p>\t\t\t\t\t<\/div>\n\t\t\t\t\t\t<\/div>\n\t\t\t\t<\/div>\n\t\t\t\t<section class=\"elementor-section elementor-inner-section elementor-element elementor-element-7ae06419 elementor-section-height-min-height elementor-section-boxed elementor-section-height-default\" data-id=\"7ae06419\" data-element_type=\"section\">\n\t\t\t\t\t\t<div class=\"elementor-container elementor-column-gap-default\">\n\t\t\t\t\t\t\t<div class=\"elementor-row\">\n\t\t\t\t\t<div class=\"elementor-column elementor-col-33 elementor-inner-column elementor-element elementor-element-5de6be1e\" data-id=\"5de6be1e\" data-element_type=\"column\" data-settings=\"{&quot;background_background&quot;:&quot;classic&quot;}\">\n\t\t\t<div class=\"elementor-column-wrap elementor-element-populated\">\n\t\t\t\t\t\t\t<div class=\"elementor-widget-wrap\">\n\t\t\t\t\t\t<div class=\"elementor-element elementor-element-22f97e7b elementor-widget elementor-widget-spacer\" data-id=\"22f97e7b\" data-element_type=\"widget\" data-widget_type=\"spacer.default\">\n\t\t\t\t<div class=\"elementor-widget-container\">\n\t\t\t\t\t<div class=\"elementor-spacer\">\n\t\t\t<div class=\"elementor-spacer-inner\"><\/div>\n\t\t<\/div>\n\t\t\t\t<\/div>\n\t\t\t\t<\/div>\n\t\t\t\t\t\t<\/div>\n\t\t\t\t\t<\/div>\n\t\t<\/div>\n\t\t\t\t<div class=\"elementor-column elementor-col-33 elementor-inner-column elementor-element elementor-element-34a9eac6\" data-id=\"34a9eac6\" data-element_type=\"column\" data-settings=\"{&quot;background_background&quot;:&quot;classic&quot;}\">\n\t\t\t<div class=\"elementor-column-wrap elementor-element-populated\">\n\t\t\t\t\t\t\t<div class=\"elementor-widget-wrap\">\n\t\t\t\t\t\t<div class=\"elementor-element elementor-element-615ed016 elementor-widget elementor-widget-spacer\" data-id=\"615ed016\" data-element_type=\"widget\" data-widget_type=\"spacer.default\">\n\t\t\t\t<div class=\"elementor-widget-container\">\n\t\t\t\t\t<div class=\"elementor-spacer\">\n\t\t\t<div class=\"elementor-spacer-inner\"><\/div>\n\t\t<\/div>\n\t\t\t\t<\/div>\n\t\t\t\t<\/div>\n\t\t\t\t\t\t<\/div>\n\t\t\t\t\t<\/div>\n\t\t<\/div>\n\t\t\t\t<div class=\"elementor-column elementor-col-33 elementor-inner-column elementor-element elementor-element-2edf58cf\" data-id=\"2edf58cf\" data-element_type=\"column\" data-settings=\"{&quot;background_background&quot;:&quot;classic&quot;}\">\n\t\t\t<div class=\"elementor-column-wrap elementor-element-populated\">\n\t\t\t\t\t\t\t<div class=\"elementor-widget-wrap\">\n\t\t\t\t\t\t<div class=\"elementor-element elementor-element-3a3ec5a2 elementor-widget elementor-widget-spacer\" data-id=\"3a3ec5a2\" data-element_type=\"widget\" data-widget_type=\"spacer.default\">\n\t\t\t\t<div class=\"elementor-widget-container\">\n\t\t\t\t\t<div class=\"elementor-spacer\">\n\t\t\t<div class=\"elementor-spacer-inner\"><\/div>\n\t\t<\/div>\n\t\t\t\t<\/div>\n\t\t\t\t<\/div>\n\t\t\t\t\t\t<\/div>\n\t\t\t\t\t<\/div>\n\t\t<\/div>\n\t\t\t\t\t\t\t\t<\/div>\n\t\t\t\t\t<\/div>\n\t\t<\/section>\n\t\t\t\t\t\t<\/div>\n\t\t\t\t\t<\/div>\n\t\t<\/div>\n\t\t\t\t\t\t\t\t<\/div>\n\t\t\t\t\t<\/div>\n\t\t<\/section>\n\t\t\t\t\t\t\t\t\t<\/div>\n\t\t\t<\/div>\n\t\t\t\t\t<\/div>","protected":false},"excerpt":{"rendered":"<p>Rex Date of Birth:&nbsp; 01\/01\/20&nbsp; Gender:&nbsp;Male Gotcha Day: 02\/01\/20 Breed:\u00a0Cou Nu Chicken We are currently writing this guest&#8217;s story. Please be patient with us! It&#8217;s not easy juggling animal care and online presence. We are a just a small team of volunteers. The person responsible for the website also has a full time job. Thank [&hellip;]<\/p>","protected":false},"author":2,"featured_media":0,"parent":2319,"menu_order":0,"comment_status":"closed","ping_status":"closed","template":"","meta":{"_mi_skip_tracking":false,"_monsterinsights_sitenote_active":false,"_monsterinsights_sitenote_note":"","_monsterinsights_sitenote_category":0,"_wp_rev_ctl_limit":""},"aioseo_notices":[],"_links":{"self":[{"href":"https:\/\/muditasanctuary.org\/fr\/wp-json\/wp\/v2\/pages\/3406"}],"collection":[{"href":"https:\/\/muditasanctuary.org\/fr\/wp-json\/wp\/v2\/pages"}],"about":[{"href":"https:\/\/muditasanctuary.org\/fr\/wp-json\/wp\/v2\/types\/page"}],"author":[{"embeddable":true,"href":"https:\/\/muditasanctuary.org\/fr\/wp-json\/wp\/v2\/users\/2"}],"replies":[{"embeddable":true,"href":"https:\/\/muditasanctuary.org\/fr\/wp-json\/wp\/v2\/comments?post=3406"}],"version-history":[{"count":2,"href":"https:\/\/muditasanctuary.org\/fr\/wp-json\/wp\/v2\/pages\/3406\/revisions"}],"predecessor-version":[{"id":3408,"href":"https:\/\/muditasanctuary.org\/fr\/wp-json\/wp\/v2\/pages\/3406\/revisions\/3408"}],"up":[{"embeddable":true,"href":"https:\/\/muditasanctuary.org\/fr\/wp-json\/wp\/v2\/pages\/2319"}],"wp:attachment":[{"href":"https:\/\/muditasanctuary.org\/fr\/wp-json\/wp\/v2\/media?parent=3406"}],"curies":[{"name":"wp","href":"https:\/\/api.w.org\/{rel}","templated":true}]}}