{"id":3107,"date":"2020-10-19T13:11:07","date_gmt":"2020-10-19T11:11:07","guid":{"rendered":"http:\/\/muditasanctuary.org\/?page_id=3107"},"modified":"2021-12-20T21:53:31","modified_gmt":"2021-12-20T20:53:31","slug":"winnie","status":"publish","type":"page","link":"https:\/\/muditasanctuary.org\/fr\/departed\/winnie\/","title":{"rendered":"Winnie"},"content":{"rendered":"<div data-elementor-type=\"wp-page\" data-elementor-id=\"3107\" class=\"elementor elementor-3107\">\n\t\t\t\t\t\t<div class=\"elementor-inner\">\n\t\t\t\t<div class=\"elementor-section-wrap\">\n\t\t\t\t\t\t\t\t\t<section class=\"elementor-section elementor-top-section elementor-element elementor-element-215fa0bc elementor-section-boxed elementor-section-height-default elementor-section-height-default\" data-id=\"215fa0bc\" data-element_type=\"section\">\n\t\t\t\t\t\t<div class=\"elementor-container elementor-column-gap-default\">\n\t\t\t\t\t\t\t<div class=\"elementor-row\">\n\t\t\t\t\t<div class=\"elementor-column elementor-col-100 elementor-top-column elementor-element elementor-element-4a7965bf\" data-id=\"4a7965bf\" data-element_type=\"column\">\n\t\t\t<div class=\"elementor-column-wrap elementor-element-populated\">\n\t\t\t\t\t\t\t<div class=\"elementor-widget-wrap\">\n\t\t\t\t\t\t<div class=\"elementor-element elementor-element-2a6acb31 elementor-widget elementor-widget-heading\" data-id=\"2a6acb31\" data-element_type=\"widget\" data-widget_type=\"heading.default\">\n\t\t\t\t<div class=\"elementor-widget-container\">\n\t\t\t<h2 class=\"elementor-heading-title elementor-size-xxl\">Winnie<\/h2>\t\t<\/div>\n\t\t\t\t<\/div>\n\t\t\t\t<div class=\"elementor-element elementor-element-20341634 elementor-widget elementor-widget-image\" data-id=\"20341634\" data-element_type=\"widget\" data-widget_type=\"image.default\">\n\t\t\t\t<div class=\"elementor-widget-container\">\n\t\t\t\t\t\t\t\t<div class=\"elementor-image\">\n\t\t\t\t\t\t\t\t\t\t\t\t<img decoding=\"async\" width=\"1024\" height=\"680\" src=\"https:\/\/muditasanctuary.org\/wp-content\/uploads\/2018\/07\/Screen-Shot-2016-08-10-at-23.42.55-1024x680.png\" class=\"attachment-large size-large wp-image-7\" alt=\"\" loading=\"lazy\" srcset=\"https:\/\/muditasanctuary.org\/wp-content\/uploads\/2018\/07\/Screen-Shot-2016-08-10-at-23.42.55-1024x680.png 1024w, https:\/\/muditasanctuary.org\/wp-content\/uploads\/2018\/07\/Screen-Shot-2016-08-10-at-23.42.55-300x199.png 300w, https:\/\/muditasanctuary.org\/wp-content\/uploads\/2018\/07\/Screen-Shot-2016-08-10-at-23.42.55-768x510.png 768w, https:\/\/muditasanctuary.org\/wp-content\/uploads\/2018\/07\/Screen-Shot-2016-08-10-at-23.42.55-700x465.png 700w, https:\/\/muditasanctuary.org\/wp-content\/uploads\/2018\/07\/Screen-Shot-2016-08-10-at-23.42.55-520x345.png 520w, https:\/\/muditasanctuary.org\/wp-content\/uploads\/2018\/07\/Screen-Shot-2016-08-10-at-23.42.55-360x239.png 360w, https:\/\/muditasanctuary.org\/wp-content\/uploads\/2018\/07\/Screen-Shot-2016-08-10-at-23.42.55-250x166.png 250w, https:\/\/muditasanctuary.org\/wp-content\/uploads\/2018\/07\/Screen-Shot-2016-08-10-at-23.42.55-100x66.png 100w, https:\/\/muditasanctuary.org\/wp-content\/uploads\/2018\/07\/Screen-Shot-2016-08-10-at-23.42.55.png 2048w\" sizes=\"(max-width: 1024px) 100vw, 1024px\" \/>\t\t\t\t\t\t\t\t\t\t\t\t\t\t<\/div>\n\t\t\t\t\t\t<\/div>\n\t\t\t\t<\/div>\n\t\t\t\t<section class=\"elementor-section elementor-inner-section elementor-element elementor-element-18f789a5 elementor-section-boxed elementor-section-height-default elementor-section-height-default\" data-id=\"18f789a5\" data-element_type=\"section\">\n\t\t\t\t\t\t<div class=\"elementor-container elementor-column-gap-default\">\n\t\t\t\t\t\t\t<div class=\"elementor-row\">\n\t\t\t\t\t<div class=\"elementor-column elementor-col-50 elementor-inner-column elementor-element elementor-element-502954e9\" data-id=\"502954e9\" data-element_type=\"column\">\n\t\t\t<div class=\"elementor-column-wrap elementor-element-populated\">\n\t\t\t\t\t\t\t<div class=\"elementor-widget-wrap\">\n\t\t\t\t\t\t<div class=\"elementor-element elementor-element-3a2bad76 elementor-widget elementor-widget-text-editor\" data-id=\"3a2bad76\" data-element_type=\"widget\" data-widget_type=\"text-editor.default\">\n\t\t\t\t<div class=\"elementor-widget-container\">\n\t\t\t\t\t\t\t\t<div class=\"elementor-text-editor elementor-clearfix\">\n\t\t\t\t<p><strong>Date de Naissance:<\/strong>\u00a0 01\/01\/20\u00a0<\/p><p><strong>Sexe:<\/strong>\u00a0Femelle<\/p>\t\t\t\t\t<\/div>\n\t\t\t\t\t\t<\/div>\n\t\t\t\t<\/div>\n\t\t\t\t\t\t<\/div>\n\t\t\t\t\t<\/div>\n\t\t<\/div>\n\t\t\t\t<div class=\"elementor-column elementor-col-50 elementor-inner-column elementor-element elementor-element-4904164d\" data-id=\"4904164d\" data-element_type=\"column\">\n\t\t\t<div class=\"elementor-column-wrap elementor-element-populated\">\n\t\t\t\t\t\t\t<div class=\"elementor-widget-wrap\">\n\t\t\t\t\t\t<div class=\"elementor-element elementor-element-20a49268 elementor-widget elementor-widget-text-editor\" data-id=\"20a49268\" data-element_type=\"widget\" data-widget_type=\"text-editor.default\">\n\t\t\t\t<div class=\"elementor-widget-container\">\n\t\t\t\t\t\t\t\t<div class=\"elementor-text-editor elementor-clearfix\">\n\t\t\t\t<p><strong>Accueil le:<\/strong> 02\/01\/20<\/p><p><strong style=\"font-size: 20px;\">Race:<\/strong><span style=\"font-size: 20px;\"> Animal<\/span><\/p>\t\t\t\t\t<\/div>\n\t\t\t\t\t\t<\/div>\n\t\t\t\t<\/div>\n\t\t\t\t\t\t<\/div>\n\t\t\t\t\t<\/div>\n\t\t<\/div>\n\t\t\t\t\t\t\t\t<\/div>\n\t\t\t\t\t<\/div>\n\t\t<\/section>\n\t\t\t\t<section class=\"elementor-section elementor-inner-section elementor-element elementor-element-1561b492 elementor-section-boxed elementor-section-height-default elementor-section-height-default\" data-id=\"1561b492\" data-element_type=\"section\">\n\t\t\t\t\t\t<div class=\"elementor-container elementor-column-gap-default\">\n\t\t\t\t\t\t\t<div class=\"elementor-row\">\n\t\t\t\t\t<div class=\"elementor-column elementor-col-50 elementor-inner-column elementor-element elementor-element-21568900\" data-id=\"21568900\" data-element_type=\"column\">\n\t\t\t<div class=\"elementor-column-wrap elementor-element-populated\">\n\t\t\t\t\t\t\t<div class=\"elementor-widget-wrap\">\n\t\t\t\t\t\t<div class=\"elementor-element elementor-element-7d833692 elementor-widget elementor-widget-image\" data-id=\"7d833692\" data-element_type=\"widget\" data-widget_type=\"image.default\">\n\t\t\t\t<div class=\"elementor-widget-container\">\n\t\t\t\t\t\t\t\t<div class=\"elementor-image\">\n\t\t\t\t\t\t\t\t\t\t\t\t<img decoding=\"async\" width=\"1024\" height=\"680\" src=\"https:\/\/muditasanctuary.org\/wp-content\/uploads\/2018\/07\/Screen-Shot-2016-08-10-at-23.42.55-1024x680.png\" class=\"attachment-large size-large wp-image-7\" alt=\"\" loading=\"lazy\" srcset=\"https:\/\/muditasanctuary.org\/wp-content\/uploads\/2018\/07\/Screen-Shot-2016-08-10-at-23.42.55-1024x680.png 1024w, https:\/\/muditasanctuary.org\/wp-content\/uploads\/2018\/07\/Screen-Shot-2016-08-10-at-23.42.55-300x199.png 300w, https:\/\/muditasanctuary.org\/wp-content\/uploads\/2018\/07\/Screen-Shot-2016-08-10-at-23.42.55-768x510.png 768w, https:\/\/muditasanctuary.org\/wp-content\/uploads\/2018\/07\/Screen-Shot-2016-08-10-at-23.42.55-700x465.png 700w, https:\/\/muditasanctuary.org\/wp-content\/uploads\/2018\/07\/Screen-Shot-2016-08-10-at-23.42.55-520x345.png 520w, https:\/\/muditasanctuary.org\/wp-content\/uploads\/2018\/07\/Screen-Shot-2016-08-10-at-23.42.55-360x239.png 360w, https:\/\/muditasanctuary.org\/wp-content\/uploads\/2018\/07\/Screen-Shot-2016-08-10-at-23.42.55-250x166.png 250w, https:\/\/muditasanctuary.org\/wp-content\/uploads\/2018\/07\/Screen-Shot-2016-08-10-at-23.42.55-100x66.png 100w, https:\/\/muditasanctuary.org\/wp-content\/uploads\/2018\/07\/Screen-Shot-2016-08-10-at-23.42.55.png 2048w\" sizes=\"(max-width: 1024px) 100vw, 1024px\" \/>\t\t\t\t\t\t\t\t\t\t\t\t\t\t<\/div>\n\t\t\t\t\t\t<\/div>\n\t\t\t\t<\/div>\n\t\t\t\t\t\t<\/div>\n\t\t\t\t\t<\/div>\n\t\t<\/div>\n\t\t\t\t<div class=\"elementor-column elementor-col-50 elementor-inner-column elementor-element elementor-element-5c4409b8\" data-id=\"5c4409b8\" data-element_type=\"column\">\n\t\t\t<div class=\"elementor-column-wrap elementor-element-populated\">\n\t\t\t\t\t\t\t<div class=\"elementor-widget-wrap\">\n\t\t\t\t\t\t<div class=\"elementor-element elementor-element-c4e6660 elementor-widget elementor-widget-text-editor\" data-id=\"c4e6660\" data-element_type=\"widget\" data-widget_type=\"text-editor.default\">\n\t\t\t\t<div class=\"elementor-widget-container\">\n\t\t\t\t\t\t\t\t<div class=\"elementor-text-editor elementor-clearfix\">\n\t\t\t\t<p style=\"font-variant-ligatures: normal; font-variant-caps: normal; font-family: Roboto, sans-serif; font-size: 16px; font-style: normal; font-weight: 300;\">We are currently writing this guest&#8217;s story.<\/p><p style=\"font-variant-ligatures: normal; font-variant-caps: normal; font-family: Roboto, sans-serif; font-size: 16px; font-style: normal; font-weight: 300;\"><span style=\"font-family: Roboto, sans-serif; font-size: 16px; font-style: normal; font-variant-ligatures: normal; font-variant-caps: normal; font-weight: 300;\">Veuillez \u00eatre patients avec nous!<\/span><\/p>\t\t\t\t\t<\/div>\n\t\t\t\t\t\t<\/div>\n\t\t\t\t<\/div>\n\t\t\t\t\t\t<\/div>\n\t\t\t\t\t<\/div>\n\t\t<\/div>\n\t\t\t\t\t\t\t\t<\/div>\n\t\t\t\t\t<\/div>\n\t\t<\/section>\n\t\t\t\t<div class=\"elementor-element elementor-element-55df2351 elementor-widget elementor-widget-text-editor\" data-id=\"55df2351\" data-element_type=\"widget\" data-widget_type=\"text-editor.default\">\n\t\t\t\t<div class=\"elementor-widget-container\">\n\t\t\t\t\t\t\t\t<div class=\"elementor-text-editor elementor-clearfix\">\n\t\t\t\t<p><span style=\"font-family: Roboto, sans-serif; font-size: 16px; font-style: normal; font-variant-ligatures: normal; font-variant-caps: normal; font-weight: 300;\">Ce n'est pas facile de jongler les soins des animaux et la pr\u00e9sence en ligne. La personne responsable du site web \u00e0 aussi un travail \u00e0 plein temps. Merci de votre compr\u00e9hension.<\/span><\/p>\t\t\t\t\t<\/div>\n\t\t\t\t\t\t<\/div>\n\t\t\t\t<\/div>\n\t\t\t\t<div class=\"elementor-element elementor-element-303592be elementor-widget elementor-widget-image\" data-id=\"303592be\" data-element_type=\"widget\" data-widget_type=\"image.default\">\n\t\t\t\t<div class=\"elementor-widget-container\">\n\t\t\t\t\t\t\t\t<div class=\"elementor-image\">\n\t\t\t\t\t\t\t\t\t<figure class=\"wp-caption\">\n\t\t\t\t\t\t\t\t\t\t<img decoding=\"async\" width=\"1024\" height=\"680\" src=\"https:\/\/muditasanctuary.org\/wp-content\/uploads\/2018\/07\/Screen-Shot-2016-08-10-at-23.42.55-1024x680.png\" class=\"attachment-large size-large wp-image-7\" alt=\"\" loading=\"lazy\" srcset=\"https:\/\/muditasanctuary.org\/wp-content\/uploads\/2018\/07\/Screen-Shot-2016-08-10-at-23.42.55-1024x680.png 1024w, https:\/\/muditasanctuary.org\/wp-content\/uploads\/2018\/07\/Screen-Shot-2016-08-10-at-23.42.55-300x199.png 300w, https:\/\/muditasanctuary.org\/wp-content\/uploads\/2018\/07\/Screen-Shot-2016-08-10-at-23.42.55-768x510.png 768w, https:\/\/muditasanctuary.org\/wp-content\/uploads\/2018\/07\/Screen-Shot-2016-08-10-at-23.42.55-700x465.png 700w, https:\/\/muditasanctuary.org\/wp-content\/uploads\/2018\/07\/Screen-Shot-2016-08-10-at-23.42.55-520x345.png 520w, https:\/\/muditasanctuary.org\/wp-content\/uploads\/2018\/07\/Screen-Shot-2016-08-10-at-23.42.55-360x239.png 360w, https:\/\/muditasanctuary.org\/wp-content\/uploads\/2018\/07\/Screen-Shot-2016-08-10-at-23.42.55-250x166.png 250w, https:\/\/muditasanctuary.org\/wp-content\/uploads\/2018\/07\/Screen-Shot-2016-08-10-at-23.42.55-100x66.png 100w, https:\/\/muditasanctuary.org\/wp-content\/uploads\/2018\/07\/Screen-Shot-2016-08-10-at-23.42.55.png 2048w\" sizes=\"(max-width: 1024px) 100vw, 1024px\" \/>\t\t\t\t\t\t\t\t\t\t\t<figcaption class=\"widget-image-caption wp-caption-text\"><\/figcaption>\n\t\t\t\t\t\t\t\t\t\t<\/figure>\n\t\t\t\t\t\t\t\t<\/div>\n\t\t\t\t\t\t<\/div>\n\t\t\t\t<\/div>\n\t\t\t\t<div class=\"elementor-element elementor-element-7d62dd66 elementor-widget elementor-widget-text-editor\" data-id=\"7d62dd66\" data-element_type=\"widget\" data-widget_type=\"text-editor.default\">\n\t\t\t\t<div class=\"elementor-widget-container\">\n\t\t\t\t\t\t\t\t<div class=\"elementor-text-editor elementor-clearfix\">\n\t\t\t\t<p style=\"font-variant-ligatures: normal; font-variant-caps: normal; font-family: Roboto, sans-serif; font-size: 16px; font-style: normal; font-weight: 300;\">En attendant, d\u00e9couvrez les histoires de nos autres animaux r\u00e9sidents et voyez comment vous pouvez <a href=\"https:\/\/muditasanctuary.org\/fr\/join-us\/\">nous aider<\/a> ou <a href=\"https:\/\/muditasanctuary.org\/fr\/volunteer\/\">faire du b\u00e9n\u00e9volat<\/a>.<\/p>\t\t\t\t\t<\/div>\n\t\t\t\t\t\t<\/div>\n\t\t\t\t<\/div>\n\t\t\t\t<section class=\"elementor-section elementor-inner-section elementor-element elementor-element-43882432 elementor-section-height-min-height elementor-section-boxed elementor-section-height-default\" data-id=\"43882432\" data-element_type=\"section\">\n\t\t\t\t\t\t<div class=\"elementor-container elementor-column-gap-default\">\n\t\t\t\t\t\t\t<div class=\"elementor-row\">\n\t\t\t\t\t<div class=\"elementor-column elementor-col-33 elementor-inner-column elementor-element elementor-element-6bb9e1a7\" data-id=\"6bb9e1a7\" data-element_type=\"column\" data-settings=\"{&quot;background_background&quot;:&quot;classic&quot;}\">\n\t\t\t<div class=\"elementor-column-wrap elementor-element-populated\">\n\t\t\t\t\t\t\t<div class=\"elementor-widget-wrap\">\n\t\t\t\t\t\t<div class=\"elementor-element elementor-element-7066bdd2 elementor-widget elementor-widget-spacer\" data-id=\"7066bdd2\" data-element_type=\"widget\" data-widget_type=\"spacer.default\">\n\t\t\t\t<div class=\"elementor-widget-container\">\n\t\t\t\t\t<div class=\"elementor-spacer\">\n\t\t\t<div class=\"elementor-spacer-inner\"><\/div>\n\t\t<\/div>\n\t\t\t\t<\/div>\n\t\t\t\t<\/div>\n\t\t\t\t\t\t<\/div>\n\t\t\t\t\t<\/div>\n\t\t<\/div>\n\t\t\t\t<div class=\"elementor-column elementor-col-33 elementor-inner-column elementor-element elementor-element-7c7198e3\" data-id=\"7c7198e3\" data-element_type=\"column\" data-settings=\"{&quot;background_background&quot;:&quot;classic&quot;}\">\n\t\t\t<div class=\"elementor-column-wrap elementor-element-populated\">\n\t\t\t\t\t\t\t<div class=\"elementor-widget-wrap\">\n\t\t\t\t\t\t<div class=\"elementor-element elementor-element-479269dd elementor-widget elementor-widget-spacer\" data-id=\"479269dd\" data-element_type=\"widget\" data-widget_type=\"spacer.default\">\n\t\t\t\t<div class=\"elementor-widget-container\">\n\t\t\t\t\t<div class=\"elementor-spacer\">\n\t\t\t<div class=\"elementor-spacer-inner\"><\/div>\n\t\t<\/div>\n\t\t\t\t<\/div>\n\t\t\t\t<\/div>\n\t\t\t\t\t\t<\/div>\n\t\t\t\t\t<\/div>\n\t\t<\/div>\n\t\t\t\t<div class=\"elementor-column elementor-col-33 elementor-inner-column elementor-element elementor-element-590d72b7\" data-id=\"590d72b7\" data-element_type=\"column\" data-settings=\"{&quot;background_background&quot;:&quot;classic&quot;}\">\n\t\t\t<div class=\"elementor-column-wrap elementor-element-populated\">\n\t\t\t\t\t\t\t<div class=\"elementor-widget-wrap\">\n\t\t\t\t\t\t<div class=\"elementor-element elementor-element-36fd5fd5 elementor-widget elementor-widget-spacer\" data-id=\"36fd5fd5\" data-element_type=\"widget\" data-widget_type=\"spacer.default\">\n\t\t\t\t<div class=\"elementor-widget-container\">\n\t\t\t\t\t<div class=\"elementor-spacer\">\n\t\t\t<div class=\"elementor-spacer-inner\"><\/div>\n\t\t<\/div>\n\t\t\t\t<\/div>\n\t\t\t\t<\/div>\n\t\t\t\t\t\t<\/div>\n\t\t\t\t\t<\/div>\n\t\t<\/div>\n\t\t\t\t\t\t\t\t<\/div>\n\t\t\t\t\t<\/div>\n\t\t<\/section>\n\t\t\t\t\t\t<\/div>\n\t\t\t\t\t<\/div>\n\t\t<\/div>\n\t\t\t\t\t\t\t\t<\/div>\n\t\t\t\t\t<\/div>\n\t\t<\/section>\n\t\t\t\t\t\t\t\t\t<\/div>\n\t\t\t<\/div>\n\t\t\t\t\t<\/div>","protected":false},"excerpt":{"rendered":"<p>Winnie Date of Birth:\u00a0 01\/01\/20\u00a0 Gender:\u00a0Female Gotcha Day: 02\/01\/20 Breed: Animal We are currently writing this guest&#8217;s story. Please be patient with us! It&#8217;s not easy juggling animal care and online presence. We are a just a small team of volunteers. The person responsible for the website also has a full time job. Thank you [&hellip;]<\/p>","protected":false},"author":2,"featured_media":0,"parent":2276,"menu_order":0,"comment_status":"closed","ping_status":"closed","template":"","meta":{"_mi_skip_tracking":false,"_monsterinsights_sitenote_active":false,"_monsterinsights_sitenote_note":"","_monsterinsights_sitenote_category":0,"_wp_rev_ctl_limit":""},"aioseo_notices":[],"_links":{"self":[{"href":"https:\/\/muditasanctuary.org\/fr\/wp-json\/wp\/v2\/pages\/3107"}],"collection":[{"href":"https:\/\/muditasanctuary.org\/fr\/wp-json\/wp\/v2\/pages"}],"about":[{"href":"https:\/\/muditasanctuary.org\/fr\/wp-json\/wp\/v2\/types\/page"}],"author":[{"embeddable":true,"href":"https:\/\/muditasanctuary.org\/fr\/wp-json\/wp\/v2\/users\/2"}],"replies":[{"embeddable":true,"href":"https:\/\/muditasanctuary.org\/fr\/wp-json\/wp\/v2\/comments?post=3107"}],"version-history":[{"count":2,"href":"https:\/\/muditasanctuary.org\/fr\/wp-json\/wp\/v2\/pages\/3107\/revisions"}],"predecessor-version":[{"id":3154,"href":"https:\/\/muditasanctuary.org\/fr\/wp-json\/wp\/v2\/pages\/3107\/revisions\/3154"}],"up":[{"embeddable":true,"href":"https:\/\/muditasanctuary.org\/fr\/wp-json\/wp\/v2\/pages\/2276"}],"wp:attachment":[{"href":"https:\/\/muditasanctuary.org\/fr\/wp-json\/wp\/v2\/media?parent=3107"}],"curies":[{"name":"wp","href":"https:\/\/api.w.org\/{rel}","templated":true}]}}