{"id":788,"date":"2019-02-20T17:38:33","date_gmt":"2019-02-20T16:38:33","guid":{"rendered":"http:\/\/muditasanctuary.org\/?page_id=788"},"modified":"2020-03-13T23:38:37","modified_gmt":"2020-03-13T22:38:37","slug":"maya","status":"publish","type":"page","link":"http:\/\/muditasanctuary.org\/fr\/departed\/maya\/","title":{"rendered":"Maya"},"content":{"rendered":"<div data-elementor-type=\"wp-page\" data-elementor-id=\"788\" class=\"elementor elementor-788\">\n\t\t\t\t\t\t<div class=\"elementor-inner\">\n\t\t\t\t<div class=\"elementor-section-wrap\">\n\t\t\t\t\t\t\t\t\t<section class=\"elementor-section elementor-top-section elementor-element elementor-element-83b1843 elementor-section-boxed elementor-section-height-default elementor-section-height-default\" data-id=\"83b1843\" data-element_type=\"section\">\n\t\t\t\t\t\t<div class=\"elementor-container elementor-column-gap-default\">\n\t\t\t\t\t\t\t<div class=\"elementor-row\">\n\t\t\t\t\t<div class=\"elementor-column elementor-col-100 elementor-top-column elementor-element elementor-element-e162ccf\" data-id=\"e162ccf\" data-element_type=\"column\">\n\t\t\t<div class=\"elementor-column-wrap elementor-element-populated\">\n\t\t\t\t\t\t\t<div class=\"elementor-widget-wrap\">\n\t\t\t\t\t\t<div class=\"elementor-element elementor-element-3d0df2b elementor-widget elementor-widget-heading\" data-id=\"3d0df2b\" data-element_type=\"widget\" data-widget_type=\"heading.default\">\n\t\t\t\t<div class=\"elementor-widget-container\">\n\t\t\t<h2 class=\"elementor-heading-title elementor-size-xxl\">Maya<\/h2>\t\t<\/div>\n\t\t\t\t<\/div>\n\t\t\t\t<div class=\"elementor-element elementor-element-5afbab0 elementor-widget elementor-widget-image\" data-id=\"5afbab0\" data-element_type=\"widget\" data-widget_type=\"image.default\">\n\t\t\t\t<div class=\"elementor-widget-container\">\n\t\t\t\t\t\t\t\t<div class=\"elementor-image\">\n\t\t\t\t\t\t\t\t\t\t\t\t<img decoding=\"async\" width=\"1024\" height=\"775\" src=\"http:\/\/muditasanctuary.org\/wp-content\/uploads\/2019\/12\/Mudita-Guests-Maya-2-scaled-e1575911267231-1024x775.jpg\" class=\"attachment-large size-large wp-image-2408\" alt=\"Maya\" loading=\"lazy\" srcset=\"http:\/\/muditasanctuary.org\/wp-content\/uploads\/2019\/12\/Mudita-Guests-Maya-2-scaled-e1575911267231-1024x775.jpg 1024w, http:\/\/muditasanctuary.org\/wp-content\/uploads\/2019\/12\/Mudita-Guests-Maya-2-scaled-e1575911267231-300x227.jpg 300w, http:\/\/muditasanctuary.org\/wp-content\/uploads\/2019\/12\/Mudita-Guests-Maya-2-scaled-e1575911267231-768x581.jpg 768w, http:\/\/muditasanctuary.org\/wp-content\/uploads\/2019\/12\/Mudita-Guests-Maya-2-scaled-e1575911267231-1536x1162.jpg 1536w\" sizes=\"(max-width: 1024px) 100vw, 1024px\" \/>\t\t\t\t\t\t\t\t\t\t\t\t\t\t<\/div>\n\t\t\t\t\t\t<\/div>\n\t\t\t\t<\/div>\n\t\t\t\t<section class=\"elementor-section elementor-inner-section elementor-element elementor-element-371fb8a elementor-section-boxed elementor-section-height-default elementor-section-height-default\" data-id=\"371fb8a\" data-element_type=\"section\">\n\t\t\t\t\t\t<div class=\"elementor-container elementor-column-gap-default\">\n\t\t\t\t\t\t\t<div class=\"elementor-row\">\n\t\t\t\t\t<div class=\"elementor-column elementor-col-50 elementor-inner-column elementor-element elementor-element-ede06f0\" data-id=\"ede06f0\" data-element_type=\"column\">\n\t\t\t<div class=\"elementor-column-wrap elementor-element-populated\">\n\t\t\t\t\t\t\t<div class=\"elementor-widget-wrap\">\n\t\t\t\t\t\t<div class=\"elementor-element elementor-element-a17e96f elementor-widget elementor-widget-text-editor\" data-id=\"a17e96f\" data-element_type=\"widget\" data-widget_type=\"text-editor.default\">\n\t\t\t\t<div class=\"elementor-widget-container\">\n\t\t\t\t\t\t\t\t<div class=\"elementor-text-editor elementor-clearfix\">\n\t\t\t\t<p><strong>Dates:<\/strong>\u00a001\/01\/2008 &#8211; 01\/07\/2019<\/p>\n<p><strong>Sexe:<\/strong>\u00a0Femelle<\/p>\t\t\t\t\t<\/div>\n\t\t\t\t\t\t<\/div>\n\t\t\t\t<\/div>\n\t\t\t\t\t\t<\/div>\n\t\t\t\t\t<\/div>\n\t\t<\/div>\n\t\t\t\t<div class=\"elementor-column elementor-col-50 elementor-inner-column elementor-element elementor-element-cc0a4f0\" data-id=\"cc0a4f0\" data-element_type=\"column\">\n\t\t\t<div class=\"elementor-column-wrap elementor-element-populated\">\n\t\t\t\t\t\t\t<div class=\"elementor-widget-wrap\">\n\t\t\t\t\t\t<div class=\"elementor-element elementor-element-88b405c elementor-widget elementor-widget-text-editor\" data-id=\"88b405c\" data-element_type=\"widget\" data-widget_type=\"text-editor.default\">\n\t\t\t\t<div class=\"elementor-widget-container\">\n\t\t\t\t\t\t\t\t<div class=\"elementor-text-editor elementor-clearfix\">\n\t\t\t\t<p><strong>Accueil le:<\/strong>\u00a007\/01\/2019<\/p>\n<p><strong>Race:<\/strong>\u00a0Chien<\/p>\t\t\t\t\t<\/div>\n\t\t\t\t\t\t<\/div>\n\t\t\t\t<\/div>\n\t\t\t\t\t\t<\/div>\n\t\t\t\t\t<\/div>\n\t\t<\/div>\n\t\t\t\t\t\t\t\t<\/div>\n\t\t\t\t\t<\/div>\n\t\t<\/section>\n\t\t\t\t<section class=\"elementor-section elementor-inner-section elementor-element elementor-element-a70d7fc elementor-section-boxed elementor-section-height-default elementor-section-height-default\" data-id=\"a70d7fc\" data-element_type=\"section\">\n\t\t\t\t\t\t<div class=\"elementor-container elementor-column-gap-default\">\n\t\t\t\t\t\t\t<div class=\"elementor-row\">\n\t\t\t\t\t<div class=\"elementor-column elementor-col-50 elementor-inner-column elementor-element elementor-element-ff4901a\" data-id=\"ff4901a\" data-element_type=\"column\">\n\t\t\t<div class=\"elementor-column-wrap elementor-element-populated\">\n\t\t\t\t\t\t\t<div class=\"elementor-widget-wrap\">\n\t\t\t\t\t\t<div class=\"elementor-element elementor-element-840757b elementor-widget elementor-widget-image\" data-id=\"840757b\" data-element_type=\"widget\" data-widget_type=\"image.default\">\n\t\t\t\t<div class=\"elementor-widget-container\">\n\t\t\t\t\t\t\t\t<div class=\"elementor-image\">\n\t\t\t\t\t\t\t\t\t\t\t\t<img decoding=\"async\" width=\"1024\" height=\"680\" src=\"http:\/\/muditasanctuary.org\/wp-content\/uploads\/2018\/07\/Screen-Shot-2016-08-10-at-23.42.55-1024x680.png\" class=\"attachment-large size-large wp-image-7\" alt=\"\" loading=\"lazy\" srcset=\"http:\/\/muditasanctuary.org\/wp-content\/uploads\/2018\/07\/Screen-Shot-2016-08-10-at-23.42.55-1024x680.png 1024w, http:\/\/muditasanctuary.org\/wp-content\/uploads\/2018\/07\/Screen-Shot-2016-08-10-at-23.42.55-300x199.png 300w, http:\/\/muditasanctuary.org\/wp-content\/uploads\/2018\/07\/Screen-Shot-2016-08-10-at-23.42.55-768x510.png 768w, http:\/\/muditasanctuary.org\/wp-content\/uploads\/2018\/07\/Screen-Shot-2016-08-10-at-23.42.55-700x465.png 700w, http:\/\/muditasanctuary.org\/wp-content\/uploads\/2018\/07\/Screen-Shot-2016-08-10-at-23.42.55-520x345.png 520w, http:\/\/muditasanctuary.org\/wp-content\/uploads\/2018\/07\/Screen-Shot-2016-08-10-at-23.42.55-360x239.png 360w, http:\/\/muditasanctuary.org\/wp-content\/uploads\/2018\/07\/Screen-Shot-2016-08-10-at-23.42.55-250x166.png 250w, http:\/\/muditasanctuary.org\/wp-content\/uploads\/2018\/07\/Screen-Shot-2016-08-10-at-23.42.55-100x66.png 100w, http:\/\/muditasanctuary.org\/wp-content\/uploads\/2018\/07\/Screen-Shot-2016-08-10-at-23.42.55.png 2048w\" sizes=\"(max-width: 1024px) 100vw, 1024px\" \/>\t\t\t\t\t\t\t\t\t\t\t\t\t\t<\/div>\n\t\t\t\t\t\t<\/div>\n\t\t\t\t<\/div>\n\t\t\t\t\t\t<\/div>\n\t\t\t\t\t<\/div>\n\t\t<\/div>\n\t\t\t\t<div class=\"elementor-column elementor-col-50 elementor-inner-column elementor-element elementor-element-cb9f5d9\" data-id=\"cb9f5d9\" data-element_type=\"column\">\n\t\t\t<div class=\"elementor-column-wrap elementor-element-populated\">\n\t\t\t\t\t\t\t<div class=\"elementor-widget-wrap\">\n\t\t\t\t\t\t<div class=\"elementor-element elementor-element-cb0324e elementor-widget elementor-widget-text-editor\" data-id=\"cb0324e\" data-element_type=\"widget\" data-widget_type=\"text-editor.default\">\n\t\t\t\t<div class=\"elementor-widget-container\">\n\t\t\t\t\t\t\t\t<div class=\"elementor-text-editor elementor-clearfix\">\n\t\t\t\t<p><span style=\"font-family: Roboto, sans-serif; font-size: 16px; font-style: normal; font-variant-ligatures: normal; font-variant-caps: normal; font-weight: 300;\">Dans un village voisin, une organisation de secours aux animaux fut de\u0301mantele\u0301e a\u0300 la suite du de\u0301ce\u0300s de son proprie\u0301taire. Il y avait toutes sortes d'animaux comme des boucs, environ 15 chiens et 30 chats. Ils e\u0301taient tous dans un tre\u0300s mauvais e\u0301tat. Nous avons e\u0301te\u0301 initialement contacte\u0301s pour aller chercher les chats. Nous avons attrape\u0301 les 30 chats, traite\u0301 leur maladie. Ils ont tous e\u0301te\u0301 adopte\u0301s avec succe\u0300s.<\/span><\/p>\t\t\t\t\t<\/div>\n\t\t\t\t\t\t<\/div>\n\t\t\t\t<\/div>\n\t\t\t\t\t\t<\/div>\n\t\t\t\t\t<\/div>\n\t\t<\/div>\n\t\t\t\t\t\t\t\t<\/div>\n\t\t\t\t\t<\/div>\n\t\t<\/section>\n\t\t\t\t<div class=\"elementor-element elementor-element-63785ac elementor-widget elementor-widget-text-editor\" data-id=\"63785ac\" data-element_type=\"widget\" data-widget_type=\"text-editor.default\">\n\t\t\t\t<div class=\"elementor-widget-container\">\n\t\t\t\t\t\t\t\t<div class=\"elementor-text-editor elementor-clearfix\">\n\t\t\t\t<p style=\"font-variant-ligatures: normal; font-variant-caps: normal; font-family: Roboto, sans-serif; font-size: 16px; font-style: normal; font-weight: 300;\"><span style=\"font-family: Roboto, sans-serif; font-size: 16px; font-style: normal; font-variant-ligatures: normal; font-variant-caps: normal; font-weight: 300; text-align: start;\">La \u00ab<\/span><a style=\"font-family: Roboto, sans-serif; font-size: 16px; font-style: normal; font-variant-ligatures: normal; font-variant-caps: normal; font-weight: 300; background-color: #ffffff; text-align: start;\" href=\"http:\/\/www.fondationbrigittebardot.fr\/\">Fondation<\/a><a style=\"font-family: Roboto, sans-serif; font-size: 16px; font-style: normal; font-variant-ligatures: normal; font-variant-caps: normal; font-weight: 300; background-color: #ffffff; text-align: start;\" href=\"http:\/\/www.fondationbrigittebardot.fr\/\">\u00a0Brigitte Bardot<\/a><span style=\"font-family: Roboto, sans-serif; font-size: 16px; font-style: normal; font-variant-ligatures: normal; font-variant-caps: normal; font-weight: 300; text-align: start;\">\u00bb a accueilli la plupart des chiens, mais deux d\u2019entre eux, Maya et\u00a0<\/span><a style=\"font-family: Roboto, sans-serif; font-size: 16px; font-style: normal; font-variant-ligatures: normal; font-variant-caps: normal; font-weight: 300; background-color: #ffffff; text-align: start;\" href=\"http:\/\/muditasanctuary.org\/fr\/guests\/aura\/\">Aura<\/a>, n\u2019auraient probablement pas e\u0301te\u0301 adopte\u0301s. La raison est qu'ils e\u0301taient me\u0300re et fille et devaient e\u0302tre adopte\u0301s ensemble. L'adoption de deux chiens a\u0300 la fois n'est pas quelque chose que beaucoup de gens se sentent pre\u0302ts ou capables de faire. De plus, l\u2019un des deux chien e\u0301tait de\u0301ja\u0300 a\u0302ge\u0301, il avait 11 ans. Les chiens a\u0302ge\u0301s ont besoin de beaucoup plus de soins et sont plus a\u0300 risque d\u2019avoir besoin de me\u0301dicaments ou de visites fre\u0301quentes chez le ve\u0301te\u0301rinaire. C\u2019est aussi la raison pour laquelle les refuges ont tant de vieux chiens que les gens ne veulent tout simplement pas vue le fardeau et des cou\u0302ts financiers lie\u0301s a\u0300 l\u2019entretien d\u2019un chien a\u0302ge\u0301.\u00a0<\/p>\n<p style=\"font-variant-ligatures: normal; font-variant-caps: normal; font-family: Roboto, sans-serif; font-size: 16px; font-style: normal; font-weight: 300;\"><span style=\"font-family: Roboto, sans-serif; font-size: 16px; font-style: normal; font-variant-ligatures: normal; font-variant-caps: normal; font-weight: 300;\">Les chiens e\u0301taient toujours a\u0300 l'exte\u0301rieur et des be\u0301ne\u0301voles nous ont dit que Maya et Aura fugueraient fre\u0301quemment. Elles n'avaient qu'une seule petite niche a\u0300 partager entre elles. Maya,\u00a0<\/span><span style=\"font-family: Roboto, sans-serif; font-size: 16px; font-style: normal; font-variant-ligatures: normal; font-variant-caps: normal; font-weight: 300;\">la me\u0300re e\u0301tait incroyablement effraye\u0301e et ne venait jamais quand on l'appelait. La seule chose que\u00a0<\/span><a style=\"font-variant-ligatures: normal; font-variant-caps: normal; font-family: Roboto, sans-serif; font-size: 16px; font-style: normal; font-weight: 300; background-color: #ffffff; color: rgba(178, 89, 62, 0.78); text-align: start;\" href=\"http:\/\/muditasanctuary.org\/fr\/guests\/aura\/\">Aura<\/a><span style=\"font-family: Roboto, sans-serif; font-size: 16px; font-style: normal; font-variant-ligatures: normal; font-variant-caps: normal; font-weight: 300;\">,<\/span><span style=\"font-family: Roboto, sans-serif; font-size: 16px; font-style: normal; font-variant-ligatures: normal; font-variant-caps: normal; font-weight: 300;\">\u00a0sa fille, savait faire pour attirer l'attention, e\u0301tait de sauter sur les gens ou de s'allonger sur le dos dans une pose soumise.<\/span><\/p>\t\t\t\t\t<\/div>\n\t\t\t\t\t\t<\/div>\n\t\t\t\t<\/div>\n\t\t\t\t<div class=\"elementor-element elementor-element-17b99b7 elementor-widget elementor-widget-image\" data-id=\"17b99b7\" data-element_type=\"widget\" data-widget_type=\"image.default\">\n\t\t\t\t<div class=\"elementor-widget-container\">\n\t\t\t\t\t\t\t\t<div class=\"elementor-image\">\n\t\t\t\t\t\t\t\t\t<figure class=\"wp-caption\">\n\t\t\t\t\t\t\t\t\t\t<img decoding=\"async\" width=\"768\" height=\"1024\" src=\"http:\/\/muditasanctuary.org\/wp-content\/uploads\/2019\/12\/Mudita-Guests-Maya-1-768x1024.jpg\" class=\"attachment-large size-large wp-image-2406\" alt=\"Maya\" loading=\"lazy\" srcset=\"http:\/\/muditasanctuary.org\/wp-content\/uploads\/2019\/12\/Mudita-Guests-Maya-1-768x1024.jpg 768w, http:\/\/muditasanctuary.org\/wp-content\/uploads\/2019\/12\/Mudita-Guests-Maya-1-1152x1536.jpg 1152w, http:\/\/muditasanctuary.org\/wp-content\/uploads\/2019\/12\/Mudita-Guests-Maya-1-1536x2048.jpg 1536w\" sizes=\"(max-width: 768px) 100vw, 768px\" \/>\t\t\t\t\t\t\t\t\t\t\t<figcaption class=\"widget-image-caption wp-caption-text\"><\/figcaption>\n\t\t\t\t\t\t\t\t\t\t<\/figure>\n\t\t\t\t\t\t\t\t<\/div>\n\t\t\t\t\t\t<\/div>\n\t\t\t\t<\/div>\n\t\t\t\t<div class=\"elementor-element elementor-element-dcdb6d5 elementor-widget elementor-widget-text-editor\" data-id=\"dcdb6d5\" data-element_type=\"widget\" data-widget_type=\"text-editor.default\">\n\t\t\t\t<div class=\"elementor-widget-container\">\n\t\t\t\t\t\t\t\t<div class=\"elementor-text-editor elementor-clearfix\">\n\t\t\t\t<p style=\"font-variant-ligatures: normal; font-variant-caps: normal; font-family: Roboto, sans-serif; font-size: 16px; font-style: normal; font-weight: 300;\">Nous sommes alle\u0301s visiter le site a\u0300 trois reprises afin de trapper des chats et chaque fois les chiennes avaient l'air effraye\u0301. les be\u0301ne\u0301voles nous ont dit qu\u2019elles n\u2019e\u0301taient jamais entre\u0301 dans une maison et qu\u2019elles n\u2019aimeraient probablement pas e\u0302tre a\u0300 l\u2019inte\u0301rieur.\u00a0<\/p>\n<p style=\"font-variant-ligatures: normal; font-variant-caps: normal; font-family: Roboto, sans-serif; font-size: 16px; font-style: normal; font-weight: 300;\"><span style=\"font-family: Roboto, sans-serif; font-size: 16px; font-style: normal; font-variant-ligatures: normal; font-variant-caps: normal; font-weight: 300;\">Les quatre premiers jours au sanctuaire, chaque fois qu\u2019elles e\u0301taient effraye\u0301, elles couraient au garage et sautaient dans la voiture avec laquelle nous les avions ramene\u0301es. Nous avions de\u0301libe\u0301re\u0301ment laisse\u0301 la porte ouverte en pre\u0301vision. Nous les avons nourris dans le garage parce qu\u2019elles s\u2019y sentaient en se\u0301curite\u0301. Elles ont dormi dans la voiture jusqu'au jour ou\u0300 curieuses de savoir ou\u0300 nous e\u0301tions, elles ont de\u0301cide\u0301 de venir elles-me\u0302mes.\u00a0<\/span><\/p>\n<p style=\"font-variant-ligatures: normal; font-variant-caps: normal; font-family: Roboto, sans-serif; font-size: 16px; font-style: normal; font-weight: 300;\"><span style=\"font-family: Roboto, sans-serif; font-size: 16px; font-style: normal; font-variant-ligatures: normal; font-variant-caps: normal; font-weight: 300;\">Non seulement elles sont propres, mais elles adorent e\u0302tre a\u0300 l\u2019inte\u0301rieur.<\/span><\/p>\n<p style=\"font-variant-ligatures: normal; font-variant-caps: normal; font-family: Roboto, sans-serif; font-size: 16px; font-style: normal; font-weight: 300;\"><span style=\"font-family: Roboto, sans-serif; font-size: 16px; font-style: normal; font-variant-ligatures: normal; font-variant-caps: normal; font-weight: 300; text-align: start;\">Maya a vol\u00e9 le panier de Hattie et cette derni\u00e8re, \u00e9tant une chienne ultra gentille, l'a laiss\u00e9 faire. (Il va s'en dire qu'on a achet\u00e9 un nouveau panier pour Hattie). Depuis lors, Maya et\u00a0<\/span><a style=\"font-variant-ligatures: normal; font-variant-caps: normal; font-family: Roboto, sans-serif; font-size: 16px; font-style: normal; font-weight: 300; background-color: #ffffff; text-align: start;\" href=\"http:\/\/muditasanctuary.org\/fr\/guests\/aura\/\">Aura<\/a><span style=\"font-family: Roboto, sans-serif; font-size: 16px; font-style: normal; font-variant-ligatures: normal; font-variant-caps: normal; font-weight: 300; text-align: start;\">\u00a0sont celles qui recherchent le plus de confort.\u00a0\u00a0<\/span><span style=\"font-family: Roboto, sans-serif; font-size: 16px; font-style: normal; font-variant-ligatures: normal; font-variant-caps: normal; font-weight: 300;\"><br \/><\/span><\/p>\n<p style=\"font-variant-ligatures: normal; font-variant-caps: normal; font-family: Roboto, sans-serif; font-size: 16px; font-style: normal; font-weight: 300;\"><span style=\"font-family: Roboto, sans-serif; font-size: 16px; font-style: normal; font-variant-ligatures: normal; font-variant-caps: normal; font-weight: 300; text-align: start;\">Nous ne connaissons pas l'histoire de Maya et\u00a0<\/span><a style=\"font-variant-ligatures: normal; font-variant-caps: normal; font-family: Roboto, sans-serif; font-size: 16px; font-style: normal; font-weight: 300; background-color: #ffffff; text-align: start;\" href=\"http:\/\/muditasanctuary.org\/fr\/guests\/aura\/\">Aura<\/a><span style=\"font-family: Roboto, sans-serif; font-size: 16px; font-style: normal; font-variant-ligatures: normal; font-variant-caps: normal; font-weight: 300; text-align: start;\">, malheureusement, mais nous vous tenons au courant de leur progression au sanctuaire!<\/span><\/p>\n<p style=\"font-variant-ligatures: normal; font-variant-caps: normal; font-family: Roboto, sans-serif; font-size: 16px; font-style: normal; font-weight: 300;\"><span style=\"font-family: Roboto, sans-serif; font-size: 16px; font-style: normal; font-variant-ligatures: normal; font-variant-caps: normal; font-weight: 300; text-align: start;\">Maya est d\u00e9c\u00e9d\u00e9e le 1 juillet 2019.<\/span><span style=\"font-family: Roboto, sans-serif; font-size: 16px; font-style: normal; font-variant-ligatures: normal; font-variant-caps: normal; font-weight: 300;\"><br \/><\/span><\/p>\t\t\t\t\t<\/div>\n\t\t\t\t\t\t<\/div>\n\t\t\t\t<\/div>\n\t\t\t\t<section class=\"elementor-section elementor-inner-section elementor-element elementor-element-0a91738 elementor-section-height-min-height elementor-section-boxed elementor-section-height-default\" data-id=\"0a91738\" data-element_type=\"section\">\n\t\t\t\t\t\t<div class=\"elementor-container elementor-column-gap-default\">\n\t\t\t\t\t\t\t<div class=\"elementor-row\">\n\t\t\t\t\t<div class=\"elementor-column elementor-col-33 elementor-inner-column elementor-element elementor-element-ce7ad03\" data-id=\"ce7ad03\" data-element_type=\"column\" data-settings=\"{&quot;background_background&quot;:&quot;classic&quot;}\">\n\t\t\t<div class=\"elementor-column-wrap elementor-element-populated\">\n\t\t\t\t\t\t\t<div class=\"elementor-widget-wrap\">\n\t\t\t\t\t\t<div class=\"elementor-element elementor-element-750be36 elementor-widget elementor-widget-spacer\" data-id=\"750be36\" data-element_type=\"widget\" data-widget_type=\"spacer.default\">\n\t\t\t\t<div class=\"elementor-widget-container\">\n\t\t\t\t\t<div class=\"elementor-spacer\">\n\t\t\t<div class=\"elementor-spacer-inner\"><\/div>\n\t\t<\/div>\n\t\t\t\t<\/div>\n\t\t\t\t<\/div>\n\t\t\t\t\t\t<\/div>\n\t\t\t\t\t<\/div>\n\t\t<\/div>\n\t\t\t\t<div class=\"elementor-column elementor-col-33 elementor-inner-column elementor-element elementor-element-95fc685\" data-id=\"95fc685\" data-element_type=\"column\" data-settings=\"{&quot;background_background&quot;:&quot;classic&quot;}\">\n\t\t\t<div class=\"elementor-column-wrap elementor-element-populated\">\n\t\t\t\t\t\t\t<div class=\"elementor-widget-wrap\">\n\t\t\t\t\t\t<div class=\"elementor-element elementor-element-c0ad4a4 elementor-widget elementor-widget-spacer\" data-id=\"c0ad4a4\" data-element_type=\"widget\" data-widget_type=\"spacer.default\">\n\t\t\t\t<div class=\"elementor-widget-container\">\n\t\t\t\t\t<div class=\"elementor-spacer\">\n\t\t\t<div class=\"elementor-spacer-inner\"><\/div>\n\t\t<\/div>\n\t\t\t\t<\/div>\n\t\t\t\t<\/div>\n\t\t\t\t\t\t<\/div>\n\t\t\t\t\t<\/div>\n\t\t<\/div>\n\t\t\t\t<div class=\"elementor-column elementor-col-33 elementor-inner-column elementor-element elementor-element-d604370\" data-id=\"d604370\" data-element_type=\"column\" data-settings=\"{&quot;background_background&quot;:&quot;classic&quot;}\">\n\t\t\t<div class=\"elementor-column-wrap elementor-element-populated\">\n\t\t\t\t\t\t\t<div class=\"elementor-widget-wrap\">\n\t\t\t\t\t\t<div class=\"elementor-element elementor-element-c052f7a elementor-widget elementor-widget-spacer\" data-id=\"c052f7a\" data-element_type=\"widget\" data-widget_type=\"spacer.default\">\n\t\t\t\t<div class=\"elementor-widget-container\">\n\t\t\t\t\t<div class=\"elementor-spacer\">\n\t\t\t<div class=\"elementor-spacer-inner\"><\/div>\n\t\t<\/div>\n\t\t\t\t<\/div>\n\t\t\t\t<\/div>\n\t\t\t\t\t\t<\/div>\n\t\t\t\t\t<\/div>\n\t\t<\/div>\n\t\t\t\t\t\t\t\t<\/div>\n\t\t\t\t\t<\/div>\n\t\t<\/section>\n\t\t\t\t\t\t<\/div>\n\t\t\t\t\t<\/div>\n\t\t<\/div>\n\t\t\t\t\t\t\t\t<\/div>\n\t\t\t\t\t<\/div>\n\t\t<\/section>\n\t\t\t\t\t\t\t\t\t<\/div>\n\t\t\t<\/div>\n\t\t\t\t\t<\/div>","protected":false},"excerpt":{"rendered":"<p>Maya Dates:\u00a001\/01\/2008 &#8211; 01\/07\/2019 Gender:\u00a0Female Gotcha Day:\u00a007\/01\/2019 Breed:\u00a0Dog There was an animal rescue organisation in a nearby village that was being dismantled because the owner died. There were all sorts of animals such as billy goats (three of them we were able to rehome), about 15 dogs and 30 cats. Most, if not all of [&hellip;]<\/p>","protected":false},"author":2,"featured_media":7,"parent":2276,"menu_order":6,"comment_status":"closed","ping_status":"closed","template":"","meta":{"_mi_skip_tracking":false,"_monsterinsights_sitenote_active":false,"_monsterinsights_sitenote_note":"","_monsterinsights_sitenote_category":0,"_wp_rev_ctl_limit":""},"aioseo_notices":[],"_links":{"self":[{"href":"http:\/\/muditasanctuary.org\/fr\/wp-json\/wp\/v2\/pages\/788"}],"collection":[{"href":"http:\/\/muditasanctuary.org\/fr\/wp-json\/wp\/v2\/pages"}],"about":[{"href":"http:\/\/muditasanctuary.org\/fr\/wp-json\/wp\/v2\/types\/page"}],"author":[{"embeddable":true,"href":"http:\/\/muditasanctuary.org\/fr\/wp-json\/wp\/v2\/users\/2"}],"replies":[{"embeddable":true,"href":"http:\/\/muditasanctuary.org\/fr\/wp-json\/wp\/v2\/comments?post=788"}],"version-history":[{"count":5,"href":"http:\/\/muditasanctuary.org\/fr\/wp-json\/wp\/v2\/pages\/788\/revisions"}],"predecessor-version":[{"id":2803,"href":"http:\/\/muditasanctuary.org\/fr\/wp-json\/wp\/v2\/pages\/788\/revisions\/2803"}],"up":[{"embeddable":true,"href":"http:\/\/muditasanctuary.org\/fr\/wp-json\/wp\/v2\/pages\/2276"}],"wp:featuredmedia":[{"embeddable":true,"href":"http:\/\/muditasanctuary.org\/fr\/wp-json\/wp\/v2\/media\/7"}],"wp:attachment":[{"href":"http:\/\/muditasanctuary.org\/fr\/wp-json\/wp\/v2\/media?parent=788"}],"curies":[{"name":"wp","href":"https:\/\/api.w.org\/{rel}","templated":true}]}}