{"id":517,"date":"2019-02-02T18:26:55","date_gmt":"2019-02-02T17:26:55","guid":{"rendered":"http:\/\/muditasanctuary.org\/?page_id=517"},"modified":"2019-11-30T23:47:59","modified_gmt":"2019-11-30T22:47:59","slug":"zephyr","status":"publish","type":"page","link":"http:\/\/muditasanctuary.org\/fr\/guests\/zephyr\/","title":{"rendered":"Zephyr"},"content":{"rendered":"<div data-elementor-type=\"wp-page\" data-elementor-id=\"517\" class=\"elementor elementor-517\">\n\t\t\t\t\t\t<div class=\"elementor-inner\">\n\t\t\t\t<div class=\"elementor-section-wrap\">\n\t\t\t\t\t\t\t\t\t<section class=\"elementor-section elementor-top-section elementor-element elementor-element-5d61ae4 elementor-section-boxed elementor-section-height-default elementor-section-height-default\" data-id=\"5d61ae4\" data-element_type=\"section\">\n\t\t\t\t\t\t<div class=\"elementor-container elementor-column-gap-default\">\n\t\t\t\t\t\t\t<div class=\"elementor-row\">\n\t\t\t\t\t<div class=\"elementor-column elementor-col-100 elementor-top-column elementor-element elementor-element-df6351c\" data-id=\"df6351c\" data-element_type=\"column\">\n\t\t\t<div class=\"elementor-column-wrap elementor-element-populated\">\n\t\t\t\t\t\t\t<div class=\"elementor-widget-wrap\">\n\t\t\t\t\t\t<div class=\"elementor-element elementor-element-ca2a309 elementor-widget elementor-widget-heading\" data-id=\"ca2a309\" data-element_type=\"widget\" data-widget_type=\"heading.default\">\n\t\t\t\t<div class=\"elementor-widget-container\">\n\t\t\t<h2 class=\"elementor-heading-title elementor-size-xxl\">Zephyr<\/h2>\t\t<\/div>\n\t\t\t\t<\/div>\n\t\t\t\t<div class=\"elementor-element elementor-element-4e3bf8b elementor-widget elementor-widget-image\" data-id=\"4e3bf8b\" data-element_type=\"widget\" data-widget_type=\"image.default\">\n\t\t\t\t<div class=\"elementor-widget-container\">\n\t\t\t\t\t\t\t\t<div class=\"elementor-image\">\n\t\t\t\t\t\t\t\t\t\t\t\t<img decoding=\"async\" width=\"1024\" height=\"768\" src=\"http:\/\/muditasanctuary.org\/wp-content\/uploads\/2019\/11\/IMG_3349-2-1024x768.jpg\" class=\"attachment-large size-large wp-image-2210\" alt=\"\" loading=\"lazy\" srcset=\"http:\/\/muditasanctuary.org\/wp-content\/uploads\/2019\/11\/IMG_3349-2-1024x768.jpg 1024w, http:\/\/muditasanctuary.org\/wp-content\/uploads\/2019\/11\/IMG_3349-2-300x225.jpg 300w, http:\/\/muditasanctuary.org\/wp-content\/uploads\/2019\/11\/IMG_3349-2-768x576.jpg 768w, http:\/\/muditasanctuary.org\/wp-content\/uploads\/2019\/11\/IMG_3349-2.jpg 2048w\" sizes=\"(max-width: 1024px) 100vw, 1024px\" \/>\t\t\t\t\t\t\t\t\t\t\t\t\t\t<\/div>\n\t\t\t\t\t\t<\/div>\n\t\t\t\t<\/div>\n\t\t\t\t<section class=\"elementor-section elementor-inner-section elementor-element elementor-element-017e670 elementor-section-boxed elementor-section-height-default elementor-section-height-default\" data-id=\"017e670\" data-element_type=\"section\">\n\t\t\t\t\t\t<div class=\"elementor-container elementor-column-gap-default\">\n\t\t\t\t\t\t\t<div class=\"elementor-row\">\n\t\t\t\t\t<div class=\"elementor-column elementor-col-50 elementor-inner-column elementor-element elementor-element-c368cd1\" data-id=\"c368cd1\" data-element_type=\"column\">\n\t\t\t<div class=\"elementor-column-wrap elementor-element-populated\">\n\t\t\t\t\t\t\t<div class=\"elementor-widget-wrap\">\n\t\t\t\t\t\t<div class=\"elementor-element elementor-element-b8bd00f elementor-widget elementor-widget-text-editor\" data-id=\"b8bd00f\" data-element_type=\"widget\" data-widget_type=\"text-editor.default\">\n\t\t\t\t<div class=\"elementor-widget-container\">\n\t\t\t\t\t\t\t\t<div class=\"elementor-text-editor elementor-clearfix\">\n\t\t\t\t<p><strong>Date de Naissance:<\/strong>\u00a026\/03\/2018<\/p><p><strong>Sexe:<\/strong>\u00a0M\u00e2le<\/p>\t\t\t\t\t<\/div>\n\t\t\t\t\t\t<\/div>\n\t\t\t\t<\/div>\n\t\t\t\t\t\t<\/div>\n\t\t\t\t\t<\/div>\n\t\t<\/div>\n\t\t\t\t<div class=\"elementor-column elementor-col-50 elementor-inner-column elementor-element elementor-element-366fe49\" data-id=\"366fe49\" data-element_type=\"column\">\n\t\t\t<div class=\"elementor-column-wrap elementor-element-populated\">\n\t\t\t\t\t\t\t<div class=\"elementor-widget-wrap\">\n\t\t\t\t\t\t<div class=\"elementor-element elementor-element-a848c24 elementor-widget elementor-widget-text-editor\" data-id=\"a848c24\" data-element_type=\"widget\" data-widget_type=\"text-editor.default\">\n\t\t\t\t<div class=\"elementor-widget-container\">\n\t\t\t\t\t\t\t\t<div class=\"elementor-text-editor elementor-clearfix\">\n\t\t\t\t<p><strong>Accueil le:<\/strong>\u00a031\/03\/2018<\/p>\n<p><strong>Race:<\/strong> Ch\u00e8vre Saanen<\/p>\t\t\t\t\t<\/div>\n\t\t\t\t\t\t<\/div>\n\t\t\t\t<\/div>\n\t\t\t\t\t\t<\/div>\n\t\t\t\t\t<\/div>\n\t\t<\/div>\n\t\t\t\t\t\t\t\t<\/div>\n\t\t\t\t\t<\/div>\n\t\t<\/section>\n\t\t\t\t<section class=\"elementor-section elementor-inner-section elementor-element elementor-element-4b7b3fa elementor-section-boxed elementor-section-height-default elementor-section-height-default\" data-id=\"4b7b3fa\" data-element_type=\"section\">\n\t\t\t\t\t\t<div class=\"elementor-container elementor-column-gap-default\">\n\t\t\t\t\t\t\t<div class=\"elementor-row\">\n\t\t\t\t\t<div class=\"elementor-column elementor-col-50 elementor-inner-column elementor-element elementor-element-3c0147b\" data-id=\"3c0147b\" data-element_type=\"column\">\n\t\t\t<div class=\"elementor-column-wrap elementor-element-populated\">\n\t\t\t\t\t\t\t<div class=\"elementor-widget-wrap\">\n\t\t\t\t\t\t<div class=\"elementor-element elementor-element-cba29f7 elementor-widget elementor-widget-image\" data-id=\"cba29f7\" data-element_type=\"widget\" data-widget_type=\"image.default\">\n\t\t\t\t<div class=\"elementor-widget-container\">\n\t\t\t\t\t\t\t\t<div class=\"elementor-image\">\n\t\t\t\t\t\t\t\t\t\t\t\t<img decoding=\"async\" width=\"768\" height=\"1024\" src=\"http:\/\/muditasanctuary.org\/wp-content\/uploads\/2019\/11\/IMG_3179-768x1024.jpg\" class=\"attachment-large size-large wp-image-2017\" alt=\"\" loading=\"lazy\" srcset=\"http:\/\/muditasanctuary.org\/wp-content\/uploads\/2019\/11\/IMG_3179-768x1024.jpg 768w, http:\/\/muditasanctuary.org\/wp-content\/uploads\/2019\/11\/IMG_3179-225x300.jpg 225w, http:\/\/muditasanctuary.org\/wp-content\/uploads\/2019\/11\/IMG_3179.jpg 1536w\" sizes=\"(max-width: 768px) 100vw, 768px\" \/>\t\t\t\t\t\t\t\t\t\t\t\t\t\t<\/div>\n\t\t\t\t\t\t<\/div>\n\t\t\t\t<\/div>\n\t\t\t\t\t\t<\/div>\n\t\t\t\t\t<\/div>\n\t\t<\/div>\n\t\t\t\t<div class=\"elementor-column elementor-col-50 elementor-inner-column elementor-element elementor-element-89336ef\" data-id=\"89336ef\" data-element_type=\"column\">\n\t\t\t<div class=\"elementor-column-wrap elementor-element-populated\">\n\t\t\t\t\t\t\t<div class=\"elementor-widget-wrap\">\n\t\t\t\t\t\t<div class=\"elementor-element elementor-element-9f8897b elementor-widget elementor-widget-text-editor\" data-id=\"9f8897b\" data-element_type=\"widget\" data-widget_type=\"text-editor.default\">\n\t\t\t\t<div class=\"elementor-widget-container\">\n\t\t\t\t\t\t\t\t<div class=\"elementor-text-editor elementor-clearfix\">\n\t\t\t\tUne de nos be\u0301ne\u0301voles avait travaille\u0301 dans une ferme laitie\u0300re de che\u0300vres a\u0300 proximite\u0301 et voulait aller rendre visite aux fermiers. Nous e\u0301tions cense\u0301 juste dire bonjour, mais nous avons rec\u0327u un tour complet de la ferme. L\u2019e\u0301pouse nous a conduits dans la grange ou e\u0301taient les be\u0301be\u0301s che\u0300vres. Elle a explique\u0301 qu'ils ne gardaient que les femelles pour remplacer leurs me\u0300res et que les ma\u0302les e\u0301taient vendus a\u0300 l\u2019e\u0301carisseur pour 3 euros a\u0300 l'a\u0302ge de 3 jours. Ceci est tre\u0300s similaire a\u0300 ce qui arrive aux veaux dans les fermes laitie\u0300res, sauf qu'une che\u0300vre donne du lait jusqu'a\u0300 ce qu'elle meurt d'e\u0301puisement sur le site. Les vaches laitie\u0300res, quant a\u0300 elles, sont envoye\u0301es a\u0300 l'abattoir de\u0300s que leur production de lait baisse et sont ensuite vendues pour leur viande. Les che\u0300vres ne sont pas envoye\u0301es a\u0300 l'abattoir car elles ne valent rien et sont tre\u0300s rarement consomme\u0301es en Europe.\u00a0<\/span><\/p>\nLe syste\u0300me d'alimentation pour les jeunes che\u0300vres est une grande machine avec une grande citerne de poudre de lait (chimique) en haut et un tuyau d'arrosage pour le fond. La poudre se me\u0301lange a\u0300 l'eau et est achemine\u0301e via de nombreuses te\u0301tines que les be\u0301be\u0301s doivent te\u0301ter. C\u2019est un peu comme un self-service, sauf qu\u2019il n\u2019y a pas assez de te\u0301tines pour le nombre de petits, donc ce ne sont que les plus forts qui se battent pour avoir acce\u0300s au liquide. Les plus faibles ne parviennent pas aux te\u0301tines et meurent. Le fermier a explique\u0301 qu'ils trouvaient souvent des che\u0300vres mortes aussi plates que des cre\u0302pes pie\u0301tine\u0301es par les che\u0300vres plus lourdes et plus fortes qui avaient re\u0301ussi a\u0300 boire le lait.<\/span><\/p>\t\t\t\t\t<\/div>\n\t\t\t\t\t\t<\/div>\n\t\t\t\t<\/div>\n\t\t\t\t\t\t<\/div>\n\t\t\t\t\t<\/div>\n\t\t<\/div>\n\t\t\t\t\t\t\t\t<\/div>\n\t\t\t\t\t<\/div>\n\t\t<\/section>\n\t\t\t\t<div class=\"elementor-element elementor-element-947c650 elementor-widget elementor-widget-text-editor\" data-id=\"947c650\" data-element_type=\"widget\" data-widget_type=\"text-editor.default\">\n\t\t\t\t<div class=\"elementor-widget-container\">\n\t\t\t\t\t\t\t\t<div class=\"elementor-text-editor elementor-clearfix\">\n\t\t\t\t<p style=\"font-variant-ligatures: normal; font-variant-caps: normal; font-family: Roboto, sans-serif; font-size: 16px; font-style: normal; font-weight: 300;\">\u00a0<span style=\"font-family: Roboto, sans-serif; font-size: 16px; font-style: normal; font-variant-ligatures: normal; font-variant-caps: normal; font-weight: 300;\">Il y avait deux tre\u0300s jeunes be\u0301be\u0301s che\u0300vres sous une lampe chauffante, ils e\u0301taient ne\u0301s trop tard. Tous les autres petits naissent presque au me\u0302me moment et sont retire\u0301s a\u0300 leur me\u0300re une heure plus tard. L'un d'entre eux e\u0301tait un chevreau destine\u0301 a\u0300 l\u2019e\u0301carisseur et une chevrette d'un jour plus jeune que lui. Ils e\u0301taient nourris au biberon deux fois par jour. Les che\u0300vres doivent e\u0302tre nourries au moins 6 fois et de pre\u0301fe\u0301rence 8 fois par jour.<\/span><span style=\"font-family: Roboto, sans-serif; font-size: 16px; font-style: normal; font-variant-ligatures: normal; font-variant-caps: normal; font-weight: 300;\">\u00a0<\/span><span style=\"font-family: Roboto, sans-serif; font-size: 16px; font-style: normal; font-variant-ligatures: normal; font-variant-caps: normal; font-weight: 300;\">Le fait qu'ils mangent si peu souvent avait comme conse\u0301quence<\/span><span style=\"font-family: Roboto, sans-serif; font-size: 16px; font-style: normal; font-variant-ligatures: normal; font-variant-caps: normal; font-weight: 300;\">\u00a0<\/span><span style=\"font-family: Roboto, sans-serif; font-size: 16px; font-style: normal; font-variant-ligatures: normal; font-variant-caps: normal; font-weight: 300;\">une tre\u0300s grave diarrhe\u0301e. Le fermier nous demanda si nous voulions les prendre..et nous n\u2019avons pas dit non.\u00a0<\/span><\/p>\n<p style=\"font-variant-ligatures: normal; font-variant-caps: normal; font-family: Roboto, sans-serif; font-size: 16px; font-style: normal; font-weight: 300;\"><span style=\"font-family: Roboto, sans-serif; font-size: 16px; font-style: normal; font-variant-ligatures: normal; font-variant-caps: normal; font-weight: 300;\">Il nous a fallu une journe\u0301e pour acheter tout l'e\u0301quipement ne\u0301cessaire pour nourrir et prendre soin de ces petites che\u0300vres.\u00a0<\/span><\/p>\n<p style=\"font-variant-ligatures: normal; font-variant-caps: normal; font-family: Roboto, sans-serif; font-size: 16px; font-style: normal; font-weight: 300;\"><span style=\"font-family: Roboto, sans-serif; font-size: 16px; font-style: normal; font-variant-ligatures: normal; font-variant-caps: normal; font-weight: 300;\">Faute d\u2019un meilleur endroit, ils sont reste\u0301s dans la salle a\u0300 manger ou\u0300 nous avons augmente\u0301 la chaleur a\u0300 28\u00b0C. Nous leur avons mis des bouillotes d'eau chaude que nous avons change\u0301es fre\u0301quemment pour toujours les garder bien au chaud. Au de\u0301but, ils sont reste\u0301s dans un parc pour be\u0301be\u0301 d\u2019occasion, mais ils ont rapidement compris comment en sortir et\nse sont installe\u0301s dans des paniers confortables a\u0300 co\u0302te\u0301 de leurs fre\u0300res et s\u0153urs canins. Nous les avons nourris au moins 6 fois par jour et les avons souvent amene\u0301s chez le ve\u0301te\u0301rinaire pour des bilans de sante\u0301. Les de\u0301buts ont e\u0301te\u0301 difficiles . Ils e\u0301taient tre\u0300s faibles et avaient de nombreux proble\u0300mes de sante\u0301.<\/span><span style=\"font-family: Roboto, sans-serif; font-size: 16px; font-style: normal; font-variant-ligatures: normal; font-variant-caps: normal; font-weight: 300;\"><br \/><\/span><\/p>\t\t\t\t\t<\/div>\n\t\t\t\t\t\t<\/div>\n\t\t\t\t<\/div>\n\t\t\t\t<div class=\"elementor-element elementor-element-c6a1339 elementor-widget elementor-widget-image\" data-id=\"c6a1339\" data-element_type=\"widget\" data-widget_type=\"image.default\">\n\t\t\t\t<div class=\"elementor-widget-container\">\n\t\t\t\t\t\t\t\t<div class=\"elementor-image\">\n\t\t\t\t\t\t\t\t\t<figure class=\"wp-caption\">\n\t\t\t\t\t\t\t\t\t\t<img decoding=\"async\" width=\"1024\" height=\"683\" src=\"http:\/\/muditasanctuary.org\/wp-content\/uploads\/2019\/11\/IMG_3159-1024x683.jpg\" class=\"attachment-large size-large wp-image-2016\" alt=\"\" loading=\"lazy\" srcset=\"http:\/\/muditasanctuary.org\/wp-content\/uploads\/2019\/11\/IMG_3159-1024x683.jpg 1024w, http:\/\/muditasanctuary.org\/wp-content\/uploads\/2019\/11\/IMG_3159-300x200.jpg 300w, http:\/\/muditasanctuary.org\/wp-content\/uploads\/2019\/11\/IMG_3159-768x512.jpg 768w, http:\/\/muditasanctuary.org\/wp-content\/uploads\/2019\/11\/IMG_3159.jpg 2048w\" sizes=\"(max-width: 1024px) 100vw, 1024px\" \/>\t\t\t\t\t\t\t\t\t\t\t<figcaption class=\"widget-image-caption wp-caption-text\"><\/figcaption>\n\t\t\t\t\t\t\t\t\t\t<\/figure>\n\t\t\t\t\t\t\t\t<\/div>\n\t\t\t\t\t\t<\/div>\n\t\t\t\t<\/div>\n\t\t\t\t<div class=\"elementor-element elementor-element-6c75fa7 elementor-widget elementor-widget-text-editor\" data-id=\"6c75fa7\" data-element_type=\"widget\" data-widget_type=\"text-editor.default\">\n\t\t\t\t<div class=\"elementor-widget-container\">\n\t\t\t\t\t\t\t\t<div class=\"elementor-text-editor elementor-clearfix\">\n\t\t\t\t<p style=\"font-variant-ligatures: normal; font-variant-caps: normal; font-family: Roboto, sans-serif; font-size: 16px; font-style: normal; font-weight: 300;\"><span style=\"font-family: Roboto, sans-serif; font-size: 16px; font-style: normal; font-variant-ligatures: normal; font-variant-caps: normal; font-weight: 300;\">Il faut dire que la plupart des ve\u0301te\u0301rinaires, ne s\u2019y connaissent pas en che\u0300vres. Les e\u0301le\u0300ves de l'e\u0301cole de me\u0301decine ve\u0301te\u0301rinaire ont constate\u0301 que les quelques heures de cours consacre\u0301es aux che\u0300vres avaient e\u0301te\u0301 supprime\u0301es. Presque personne ne se souciait assez des che\u0300vres pour les amener chez le ve\u0301te\u0301rinaire, car elles ne valent pas grand-chose, ce serait donc une perte d\u2019argent de les soigner. Heureusement pour nous, nous avons rencontre\u0301 Lies De Flou *, une jeune femme belge qui consacre sa vie a\u0300 sauver tous les chevreaux d'une ferme laitie\u0300re. Elle a vraiment e\u0301te\u0301 une aide pre\u0301cieuse et nous a souvent conseille\u0301 par te\u0301le\u0301phone. Sans elle,\u00a0<\/span>Zephyr<span style=\"font-family: Roboto, sans-serif; font-size: 16px; font-style: normal; font-variant-ligatures: normal; font-variant-caps: normal; font-weight: 300;\">\u00a0et <a href=\"http:\/\/muditasanctuary.org\/fr\/guests\/rhea\/\">Rhea<\/a> ne seraient probablement plus la\u0300.\u00a0\u00a0<\/span><\/p><p>Quelques semaines plus tard, quand nous leurs avons permis de sortir, nous avons remarque\u0301 que Zephyr marchait avec les genoux plie\u0301s. Il s'est ave\u0301re\u0301 qu'il souffrait d'arthrite. Il a rec\u0327u des injections pendant 2 semaines car si cette maladie n\u2019est pas soigne\u0301e, l\u2019animal qui en souffre ne peut plus marcher et finit par ramper sur les genoux.\u00a0<\/p><p>Il aime beaucoup<span style=\"font-family: Roboto, sans-serif; font-size: 16px; font-style: normal; font-variant-ligatures: normal; font-variant-caps: normal; font-weight: 300;\">\u00a0<\/span><a style=\"font-family: Roboto, sans-serif; font-size: 16px; font-style: normal; font-variant-ligatures: normal; font-variant-caps: normal; font-weight: 300; background-color: #ffffff;\" href=\"http:\/\/muditasanctuary.org\/fr\/guests\/rhea\/\">Rhea<\/a><span style=\"font-family: Roboto, sans-serif; font-size: 16px; font-style: normal; font-variant-ligatures: normal; font-variant-caps: normal; font-weight: 300;\">, sa s\u0153ur de coeur. Ensemble ils ont fait beaucoup de de\u0301ga\u0302ts, en sautant sur les canape\u0301s et mangeant les plantes d'inte\u0301rieur. Ils ont ve\u0301cu a\u0300 l'inte\u0301rieur pendant plusieurs mois, mais ont e\u0301galement e\u0301te\u0301 autorise\u0301s a\u0300 sortir avec nous. Depuis le de\u0301but, ils ont eu l'habitude de porter un collier et marche en laisse comme des chiens. Pas e\u0301tonnant car ils ont passe\u0301 beaucoup de temps avec de vrais chiens.\u00a0\u00a0<\/span><\/p><p>Nous leurs avons pre\u0301sente\u0301 petit a\u0300 petit le troupeau de che\u0300vres, car au de\u0301but ils n\u2019ont pas vraiment e\u0301te\u0301 accepte\u0301s comme faisant partie du groupe. Maintenant ils sont devenus relativement dominants. Ces temps ci ils sont totalement accept\u00e9s dans le troupeau, jour et nuit, ce qui est moins de travail pour nous car nous ne devons plus les d\u00e9placer chaque jour. Parfois ils vont s'aventurer dans le pr\u00e9 de <a href=\"http:\/\/muditasanctuary.org\/fr\/guests\/fristi\/\">Fristi<\/a> et\u00a0<a href=\"http:\/\/muditasanctuary.org\/fr\/guests\/sand\/\" target=\"_blank\" rel=\"noopener\">Sand<\/a><span style=\"font-family: Roboto, sans-serif; font-size: 16px; font-style: normal; font-variant-ligatures: normal; font-variant-caps: normal; font-weight: 300; text-align: justify;\">par example\u00a0<\/span><\/p><p style=\"font-variant-ligatures: normal; font-variant-caps: normal; font-family: Roboto, sans-serif; font-size: 16px; font-style: normal; font-weight: 300;\"><span style=\"font-family: Roboto, sans-serif; font-size: 16px; font-style: normal; font-variant-ligatures: normal; font-variant-caps: normal; font-weight: 300;\">*Lies passe ses journe\u0301es a\u0300 sauver, a\u0300 gue\u0301rir et a\u0300 prendre soin des boucs qu'elle met a\u0300 l\u2019adoption. A\u0300 la fin de ses longues journe\u0301es, elle suit des cours du soir pour devenir ve\u0301te\u0301rinaire. Si vous souhaitez soutenir Lies ou si vous souhaitez adopter un bouc,\u00a0<\/span><a style=\"font-family: Roboto, sans-serif; font-size: 16px; font-style: normal; font-variant-ligatures: normal; font-variant-caps: normal; font-weight: 300; background-color: #ffffff;\" href=\"https:\/\/www.facebook.com\/groups\/809396175867457\/?fref=mentions&amp;__xts__[0]=68.ARBG7nivUK892PrT0FVD0gTk5e2r4WcqufJlCx0K8SC5uv_n3Q20OVk9VWgSkUKOfjt5q2jd1jfLw6Mgm_BnOaP2Hh1xttsxMy2eZK6LBJI5HZPhJIuRyHFES945D9LNJc-T2QlNJMhRptI16RO1AnpF3Q0_H7NkHbMaW5jGBntyI60sWmymVCBnseMriORmWcvAT78caAW8BcSPSvzUBjAfzKGMm7BFbyCz0t5UE4LANr0iNvf9nA1SXnn7YLiviEVijBK9PYVj-_0aAb9Js1dLD_SoKqMUSVNJu9jzVIlcwwcK1Fzn6zqa1A4rHdFmIvw7AX98yqlg5yE&amp;__tn__=KH-R\">consultez cette page.<\/a><\/p><p style=\"font-variant-ligatures: normal; font-variant-caps: normal; font-family: Roboto, sans-serif; font-size: 16px; font-style: normal; font-weight: 300;\"><em style=\"font-family: Roboto, sans-serif; font-size: 16px; font-variant-ligatures: normal; font-variant-caps: normal; font-weight: 300; text-align: center;\">\u00a0<\/em><\/p><p style=\"font-variant-ligatures: normal; font-variant-caps: normal; font-family: Roboto, sans-serif; font-size: 16px; font-style: normal; font-weight: 300; text-align: center;\"><em style=\"font-family: Roboto, sans-serif; font-size: 16px; font-variant-ligatures: normal; font-variant-caps: normal; font-weight: 300; text-align: center;\">Bien que la pens\u00e9e commune soit qu'aucun animal n'est tu\u00e9 pour fabriquer du lait ou du fromage, cela ne pourrait pas \u00eatre plus \u00e9loign\u00e9 de la v\u00e9rit\u00e9. A la fin, chaque animal meurt bien avant son heure. Veuillez ne pas soutenir ces industries cruelles et abandonner les produits laitiers\u00a0<\/em><em style=\"font-family: Roboto, sans-serif; font-size: 16px; font-variant-ligatures: normal; font-variant-caps: normal; font-weight: 300; text-align: center;\">en faveur<\/em><em style=\"font-family: Roboto, sans-serif; font-size: 16px; font-variant-ligatures: normal; font-variant-caps: normal; font-weight: 300; text-align: center;\">\u00a0du\u00a0<\/em><em style=\"font-family: Roboto, sans-serif; font-size: 16px; font-variant-ligatures: normal; font-variant-caps: normal; font-weight: 300; text-align: center;\">v\u00e9g\u00e9taliennes \u00e0 base de<\/em><em style=\"font-family: Roboto, sans-serif; font-size: 16px; font-variant-ligatures: normal; font-variant-caps: normal; font-weight: 300; text-align: center;\">\u00a0plantes.<\/em><\/p>\t\t\t\t\t<\/div>\n\t\t\t\t\t\t<\/div>\n\t\t\t\t<\/div>\n\t\t\t\t<section class=\"elementor-section elementor-inner-section elementor-element elementor-element-30ebc73 elementor-section-height-min-height elementor-section-boxed elementor-section-height-default\" data-id=\"30ebc73\" data-element_type=\"section\">\n\t\t\t\t\t\t<div class=\"elementor-container elementor-column-gap-default\">\n\t\t\t\t\t\t\t<div class=\"elementor-row\">\n\t\t\t\t\t<div class=\"elementor-column elementor-col-33 elementor-inner-column elementor-element elementor-element-e694377\" data-id=\"e694377\" data-element_type=\"column\" data-settings=\"{&quot;background_background&quot;:&quot;classic&quot;}\">\n\t\t\t<div class=\"elementor-column-wrap elementor-element-populated\">\n\t\t\t\t\t\t\t<div class=\"elementor-widget-wrap\">\n\t\t\t\t\t\t<div class=\"elementor-element elementor-element-2c1a33f elementor-widget elementor-widget-spacer\" data-id=\"2c1a33f\" data-element_type=\"widget\" data-widget_type=\"spacer.default\">\n\t\t\t\t<div class=\"elementor-widget-container\">\n\t\t\t\t\t<div class=\"elementor-spacer\">\n\t\t\t<div class=\"elementor-spacer-inner\"><\/div>\n\t\t<\/div>\n\t\t\t\t<\/div>\n\t\t\t\t<\/div>\n\t\t\t\t\t\t<\/div>\n\t\t\t\t\t<\/div>\n\t\t<\/div>\n\t\t\t\t<div class=\"elementor-column elementor-col-33 elementor-inner-column elementor-element elementor-element-e8f8d84\" data-id=\"e8f8d84\" data-element_type=\"column\" data-settings=\"{&quot;background_background&quot;:&quot;classic&quot;}\">\n\t\t\t<div class=\"elementor-column-wrap elementor-element-populated\">\n\t\t\t\t\t\t\t<div class=\"elementor-widget-wrap\">\n\t\t\t\t\t\t<div class=\"elementor-element elementor-element-4bf9bd1 elementor-widget elementor-widget-spacer\" data-id=\"4bf9bd1\" data-element_type=\"widget\" data-widget_type=\"spacer.default\">\n\t\t\t\t<div class=\"elementor-widget-container\">\n\t\t\t\t\t<div class=\"elementor-spacer\">\n\t\t\t<div class=\"elementor-spacer-inner\"><\/div>\n\t\t<\/div>\n\t\t\t\t<\/div>\n\t\t\t\t<\/div>\n\t\t\t\t\t\t<\/div>\n\t\t\t\t\t<\/div>\n\t\t<\/div>\n\t\t\t\t<div class=\"elementor-column elementor-col-33 elementor-inner-column elementor-element elementor-element-b7e8bc2\" data-id=\"b7e8bc2\" data-element_type=\"column\" data-settings=\"{&quot;background_background&quot;:&quot;classic&quot;}\">\n\t\t\t<div class=\"elementor-column-wrap elementor-element-populated\">\n\t\t\t\t\t\t\t<div class=\"elementor-widget-wrap\">\n\t\t\t\t\t\t<div class=\"elementor-element elementor-element-e1c4903 elementor-widget elementor-widget-spacer\" data-id=\"e1c4903\" data-element_type=\"widget\" data-widget_type=\"spacer.default\">\n\t\t\t\t<div class=\"elementor-widget-container\">\n\t\t\t\t\t<div class=\"elementor-spacer\">\n\t\t\t<div class=\"elementor-spacer-inner\"><\/div>\n\t\t<\/div>\n\t\t\t\t<\/div>\n\t\t\t\t<\/div>\n\t\t\t\t\t\t<\/div>\n\t\t\t\t\t<\/div>\n\t\t<\/div>\n\t\t\t\t\t\t\t\t<\/div>\n\t\t\t\t\t<\/div>\n\t\t<\/section>\n\t\t\t\t\t\t<\/div>\n\t\t\t\t\t<\/div>\n\t\t<\/div>\n\t\t\t\t\t\t\t\t<\/div>\n\t\t\t\t\t<\/div>\n\t\t<\/section>\n\t\t\t\t\t\t\t\t\t<\/div>\n\t\t\t<\/div>\n\t\t\t\t\t<\/div>","protected":false},"excerpt":{"rendered":"<p>Zephyr Date of Birth:\u00a026\/03\/2018 Gender:\u00a0Male Gotcha Day:\u00a031\/03\/2018 Breed: Saanen Goat One of our volunteers had worked in a goat dairy farm nearby and wanted to go pay the farmers a visit. It was supposed to be a short check in to say hi but we got a whole tour. The farmer led us into the [&hellip;]<\/p>","protected":false},"author":2,"featured_media":622,"parent":1534,"menu_order":4,"comment_status":"closed","ping_status":"closed","template":"","meta":{"_mi_skip_tracking":false,"_monsterinsights_sitenote_active":false,"_monsterinsights_sitenote_note":"","_monsterinsights_sitenote_category":0,"_wp_rev_ctl_limit":""},"aioseo_notices":[],"_links":{"self":[{"href":"http:\/\/muditasanctuary.org\/fr\/wp-json\/wp\/v2\/pages\/517"}],"collection":[{"href":"http:\/\/muditasanctuary.org\/fr\/wp-json\/wp\/v2\/pages"}],"about":[{"href":"http:\/\/muditasanctuary.org\/fr\/wp-json\/wp\/v2\/types\/page"}],"author":[{"embeddable":true,"href":"http:\/\/muditasanctuary.org\/fr\/wp-json\/wp\/v2\/users\/2"}],"replies":[{"embeddable":true,"href":"http:\/\/muditasanctuary.org\/fr\/wp-json\/wp\/v2\/comments?post=517"}],"version-history":[{"count":0,"href":"http:\/\/muditasanctuary.org\/fr\/wp-json\/wp\/v2\/pages\/517\/revisions"}],"up":[{"embeddable":true,"href":"http:\/\/muditasanctuary.org\/fr\/wp-json\/wp\/v2\/pages\/1534"}],"wp:featuredmedia":[{"embeddable":true,"href":"http:\/\/muditasanctuary.org\/fr\/wp-json\/wp\/v2\/media\/622"}],"wp:attachment":[{"href":"http:\/\/muditasanctuary.org\/fr\/wp-json\/wp\/v2\/media?parent=517"}],"curies":[{"name":"wp","href":"https:\/\/api.w.org\/{rel}","templated":true}]}}