{"id":455,"date":"2019-02-01T20:05:56","date_gmt":"2019-02-01T19:05:56","guid":{"rendered":"http:\/\/muditasanctuary.org\/?page_id=455"},"modified":"2019-11-30T23:36:08","modified_gmt":"2019-11-30T22:36:08","slug":"bucky","status":"publish","type":"page","link":"http:\/\/muditasanctuary.org\/fr\/guests\/bucky\/","title":{"rendered":"Bucky"},"content":{"rendered":"<div data-elementor-type=\"wp-page\" data-elementor-id=\"455\" class=\"elementor elementor-455\">\n\t\t\t\t\t\t<div class=\"elementor-inner\">\n\t\t\t\t<div class=\"elementor-section-wrap\">\n\t\t\t\t\t\t\t\t\t<section class=\"elementor-section elementor-top-section elementor-element elementor-element-42e59042 elementor-section-boxed elementor-section-height-default elementor-section-height-default\" data-id=\"42e59042\" data-element_type=\"section\">\n\t\t\t\t\t\t<div class=\"elementor-container elementor-column-gap-default\">\n\t\t\t\t\t\t\t<div class=\"elementor-row\">\n\t\t\t\t\t<div class=\"elementor-column elementor-col-100 elementor-top-column elementor-element elementor-element-42ce72fb\" data-id=\"42ce72fb\" data-element_type=\"column\">\n\t\t\t<div class=\"elementor-column-wrap elementor-element-populated\">\n\t\t\t\t\t\t\t<div class=\"elementor-widget-wrap\">\n\t\t\t\t\t\t<div class=\"elementor-element elementor-element-745a1e27 elementor-widget elementor-widget-heading\" data-id=\"745a1e27\" data-element_type=\"widget\" data-widget_type=\"heading.default\">\n\t\t\t\t<div class=\"elementor-widget-container\">\n\t\t\t<h2 class=\"elementor-heading-title elementor-size-xxl\">Bucky<\/h2>\t\t<\/div>\n\t\t\t\t<\/div>\n\t\t\t\t<div class=\"elementor-element elementor-element-df22022 elementor-widget elementor-widget-image\" data-id=\"df22022\" data-element_type=\"widget\" data-widget_type=\"image.default\">\n\t\t\t\t<div class=\"elementor-widget-container\">\n\t\t\t\t\t\t\t\t<div class=\"elementor-image\">\n\t\t\t\t\t\t\t\t\t\t\t\t<img decoding=\"async\" width=\"1024\" height=\"576\" src=\"http:\/\/muditasanctuary.org\/wp-content\/uploads\/2019\/11\/DSF1044-1024x576.jpg\" class=\"attachment-large size-large wp-image-2011\" alt=\"\" loading=\"lazy\" srcset=\"http:\/\/muditasanctuary.org\/wp-content\/uploads\/2019\/11\/DSF1044-1024x576.jpg 1024w, http:\/\/muditasanctuary.org\/wp-content\/uploads\/2019\/11\/DSF1044-300x169.jpg 300w, http:\/\/muditasanctuary.org\/wp-content\/uploads\/2019\/11\/DSF1044-768x432.jpg 768w, http:\/\/muditasanctuary.org\/wp-content\/uploads\/2019\/11\/DSF1044.jpg 2048w\" sizes=\"(max-width: 1024px) 100vw, 1024px\" \/>\t\t\t\t\t\t\t\t\t\t\t\t\t\t<\/div>\n\t\t\t\t\t\t<\/div>\n\t\t\t\t<\/div>\n\t\t\t\t<section class=\"elementor-section elementor-inner-section elementor-element elementor-element-7b2b70a1 elementor-section-boxed elementor-section-height-default elementor-section-height-default\" data-id=\"7b2b70a1\" data-element_type=\"section\">\n\t\t\t\t\t\t<div class=\"elementor-container elementor-column-gap-default\">\n\t\t\t\t\t\t\t<div class=\"elementor-row\">\n\t\t\t\t\t<div class=\"elementor-column elementor-col-50 elementor-inner-column elementor-element elementor-element-739ecedb\" data-id=\"739ecedb\" data-element_type=\"column\">\n\t\t\t<div class=\"elementor-column-wrap elementor-element-populated\">\n\t\t\t\t\t\t\t<div class=\"elementor-widget-wrap\">\n\t\t\t\t\t\t<div class=\"elementor-element elementor-element-6e36d047 elementor-widget elementor-widget-text-editor\" data-id=\"6e36d047\" data-element_type=\"widget\" data-widget_type=\"text-editor.default\">\n\t\t\t\t<div class=\"elementor-widget-container\">\n\t\t\t\t\t\t\t\t<div class=\"elementor-text-editor elementor-clearfix\">\n\t\t\t\t<p><strong>Date de Naissance:<\/strong>\u00a0\u00b1 2012<\/p><p><strong>Sexe:<\/strong> M\u00e2le<\/p>\t\t\t\t\t<\/div>\n\t\t\t\t\t\t<\/div>\n\t\t\t\t<\/div>\n\t\t\t\t\t\t<\/div>\n\t\t\t\t\t<\/div>\n\t\t<\/div>\n\t\t\t\t<div class=\"elementor-column elementor-col-50 elementor-inner-column elementor-element elementor-element-7669dc4e\" data-id=\"7669dc4e\" data-element_type=\"column\">\n\t\t\t<div class=\"elementor-column-wrap elementor-element-populated\">\n\t\t\t\t\t\t\t<div class=\"elementor-widget-wrap\">\n\t\t\t\t\t\t<div class=\"elementor-element elementor-element-12330463 elementor-widget elementor-widget-text-editor\" data-id=\"12330463\" data-element_type=\"widget\" data-widget_type=\"text-editor.default\">\n\t\t\t\t<div class=\"elementor-widget-container\">\n\t\t\t\t\t\t\t\t<div class=\"elementor-text-editor elementor-clearfix\">\n\t\t\t\t<p><strong>Accueil le:<\/strong>\u00a0late 2015<\/p><p><strong>Race:<\/strong>\u00a0Ch\u00e8vre Alpine<\/p>\t\t\t\t\t<\/div>\n\t\t\t\t\t\t<\/div>\n\t\t\t\t<\/div>\n\t\t\t\t\t\t<\/div>\n\t\t\t\t\t<\/div>\n\t\t<\/div>\n\t\t\t\t\t\t\t\t<\/div>\n\t\t\t\t\t<\/div>\n\t\t<\/section>\n\t\t\t\t<section class=\"elementor-section elementor-inner-section elementor-element elementor-element-75119be4 elementor-section-boxed elementor-section-height-default elementor-section-height-default\" data-id=\"75119be4\" data-element_type=\"section\">\n\t\t\t\t\t\t<div class=\"elementor-container elementor-column-gap-default\">\n\t\t\t\t\t\t\t<div class=\"elementor-row\">\n\t\t\t\t\t<div class=\"elementor-column elementor-col-50 elementor-inner-column elementor-element elementor-element-5cffaa31\" data-id=\"5cffaa31\" data-element_type=\"column\">\n\t\t\t<div class=\"elementor-column-wrap elementor-element-populated\">\n\t\t\t\t\t\t\t<div class=\"elementor-widget-wrap\">\n\t\t\t\t\t\t<div class=\"elementor-element elementor-element-118e8f16 elementor-widget elementor-widget-image\" data-id=\"118e8f16\" data-element_type=\"widget\" data-widget_type=\"image.default\">\n\t\t\t\t<div class=\"elementor-widget-container\">\n\t\t\t\t\t\t\t\t<div class=\"elementor-image\">\n\t\t\t\t\t\t\t\t\t\t\t\t<img decoding=\"async\" width=\"683\" height=\"1024\" src=\"http:\/\/muditasanctuary.org\/wp-content\/uploads\/2019\/11\/DSF1055-683x1024.jpg\" class=\"attachment-large size-large wp-image-2012\" alt=\"\" loading=\"lazy\" srcset=\"http:\/\/muditasanctuary.org\/wp-content\/uploads\/2019\/11\/DSF1055-683x1024.jpg 683w, http:\/\/muditasanctuary.org\/wp-content\/uploads\/2019\/11\/DSF1055-200x300.jpg 200w, http:\/\/muditasanctuary.org\/wp-content\/uploads\/2019\/11\/DSF1055-768x1152.jpg 768w, http:\/\/muditasanctuary.org\/wp-content\/uploads\/2019\/11\/DSF1055.jpg 1365w\" sizes=\"(max-width: 683px) 100vw, 683px\" \/>\t\t\t\t\t\t\t\t\t\t\t\t\t\t<\/div>\n\t\t\t\t\t\t<\/div>\n\t\t\t\t<\/div>\n\t\t\t\t\t\t<\/div>\n\t\t\t\t\t<\/div>\n\t\t<\/div>\n\t\t\t\t<div class=\"elementor-column elementor-col-50 elementor-inner-column elementor-element elementor-element-ede41bc\" data-id=\"ede41bc\" data-element_type=\"column\">\n\t\t\t<div class=\"elementor-column-wrap elementor-element-populated\">\n\t\t\t\t\t\t\t<div class=\"elementor-widget-wrap\">\n\t\t\t\t\t\t<div class=\"elementor-element elementor-element-1d24c39d elementor-widget elementor-widget-text-editor\" data-id=\"1d24c39d\" data-element_type=\"widget\" data-widget_type=\"text-editor.default\">\n\t\t\t\t<div class=\"elementor-widget-container\">\n\t\t\t\t\t\t\t\t<div class=\"elementor-text-editor elementor-clearfix\">\n\t\t\t\t<p style=\"font-variant-ligatures: normal; font-variant-caps: normal; font-family: Roboto, sans-serif; font-size: 16px; font-style: normal; font-weight: 300;\">Dans le village voisin, le maire a trouve\u0301 un bouc au milieu de la rue et, ne sachant pas quoi en faire, il nous a te\u0301le\u0301phone\u0301... et le bouc s'est retrouve\u0301 dans notre sanctuaire.<\/p>\n<p style=\"font-variant-ligatures: normal; font-variant-caps: normal; font-family: Roboto, sans-serif; font-size: 16px; font-style: normal; font-weight: 300;\"><span style=\"font-family: Roboto, sans-serif; font-size: 16px; font-style: normal; font-variant-ligatures: normal; font-variant-caps: normal; font-weight: 300;\">Il avait une vilaine blessure tout autour du cou qui provenait su\u0302rement d'un collier qui e\u0301tait devenu trop petit et s\u2019e\u0301tait incruste\u0301 dans la peau. De plus, sa te\u0302te e\u0301tait couverte de gale. Ceci nous a fait penser qu\u2019apre\u0300s avoir remarque\u0301 la gale, les proprie\u0301taires l\u2019ont probablement de\u0301tache\u0301 pour qu\u2019il parte. Comme amener son animal chez le ve\u0301te\u0301rinaire cou\u0302te extre\u0302mement cher dans cette re\u0301gion, la solution de l\u2019abandonner est un choix.<\/span><\/p>\t\t\t\t\t<\/div>\n\t\t\t\t\t\t<\/div>\n\t\t\t\t<\/div>\n\t\t\t\t\t\t<\/div>\n\t\t\t\t\t<\/div>\n\t\t<\/div>\n\t\t\t\t\t\t\t\t<\/div>\n\t\t\t\t\t<\/div>\n\t\t<\/section>\n\t\t\t\t<div class=\"elementor-element elementor-element-4ee6c3d7 elementor-widget elementor-widget-text-editor\" data-id=\"4ee6c3d7\" data-element_type=\"widget\" data-widget_type=\"text-editor.default\">\n\t\t\t\t<div class=\"elementor-widget-container\">\n\t\t\t\t\t\t\t\t<div class=\"elementor-text-editor elementor-clearfix\">\n\t\t\t\t<p style=\"font-variant-ligatures: normal; font-variant-caps: normal; font-family: Roboto, sans-serif; font-size: 16px; font-style: normal; font-weight: 300;\">Nous avons du\u0302 le soigner pendant plusieurs semaines en lui administrant chaque jour une injection contre la gale, une maladie tre\u0300s contagieuse dont les sympto\u0302mes sont la perte de poils, de fortes de\u0301mangeaisons et une e\u0301ruption cutane\u0301e grave. C\u2019est mortel si ce n'est pas traite\u0301.<\/p>\n<p style=\"font-variant-ligatures: normal; font-variant-caps: normal; font-family: Roboto, sans-serif; font-size: 16px; font-style: normal; font-weight: 300;\"><span style=\"font-family: Roboto, sans-serif; font-size: 16px; font-style: normal; font-variant-ligatures: normal; font-variant-caps: normal; font-weight: 300;\">Nous venions de terminer la construction d\u2019une bergerie, car un chevrier des environs e\u0301tait en proce\u0300s avec ses voisins et le maire de sa commune parce qu\u2019ils trouvaient ses che\u0300vres de\u0301rangeantes. Nous nous appre\u0302tions a\u0300 en accueillir quelques-unes. Bucky e\u0301tant arrive\u0301 au sanctuaire avant les che\u0300vres, et ayant e\u0301lu domicile dans la bergerie, pendant un long moment il ne permetta pas aux che\u0300vres d\u2019entrer. Il avait du\u0302 e\u0302tre seul pendant les anne\u0301es pre\u0301ce\u0301dant son arrive\u0301 chez nous, car il est reste\u0301 un solitaire. Les che\u0300vres sont des animaux sociaux et vivent en troupeau. Il ne pre\u0301sente donc pas le comportement typique de son espe\u0300ce. Tout comme\u00a0<\/span><a style=\"font-family: Roboto, sans-serif; font-size: 16px; font-style: normal; font-variant-ligatures: normal; font-variant-caps: normal; font-weight: 300; background-color: #ffffff;\" href=\"http:\/\/muditasanctuary.org\/fr\/guests\/tarabelle\/\">Tarabelle<\/a><span style=\"font-family: Roboto, sans-serif; font-size: 16px; font-style: normal; font-variant-ligatures: normal; font-variant-caps: normal; font-weight: 300;\">, il pre\u0301fe\u0300re e\u0302tre la\u0300 ou\u0300 sont les humains. Cela dit, il ne tole\u0300re pas certaines personnes et, dans ce cas, il se dresse sur ses poste\u0301rieures pour se projeter vers la personne.<\/span><\/p>\t\t\t\t\t<\/div>\n\t\t\t\t\t\t<\/div>\n\t\t\t\t<\/div>\n\t\t\t\t<div class=\"elementor-element elementor-element-77f6f22f elementor-widget elementor-widget-image\" data-id=\"77f6f22f\" data-element_type=\"widget\" data-widget_type=\"image.default\">\n\t\t\t\t<div class=\"elementor-widget-container\">\n\t\t\t\t\t\t\t\t<div class=\"elementor-image\">\n\t\t\t\t\t\t\t\t\t<figure class=\"wp-caption\">\n\t\t\t\t\t\t\t\t\t\t<img decoding=\"async\" width=\"1024\" height=\"683\" src=\"http:\/\/muditasanctuary.org\/wp-content\/uploads\/2019\/11\/IMG_1824-1024x683.jpg\" class=\"attachment-large size-large wp-image-2009\" alt=\"\" loading=\"lazy\" srcset=\"http:\/\/muditasanctuary.org\/wp-content\/uploads\/2019\/11\/IMG_1824-1024x683.jpg 1024w, http:\/\/muditasanctuary.org\/wp-content\/uploads\/2019\/11\/IMG_1824-300x200.jpg 300w, http:\/\/muditasanctuary.org\/wp-content\/uploads\/2019\/11\/IMG_1824-768x512.jpg 768w, http:\/\/muditasanctuary.org\/wp-content\/uploads\/2019\/11\/IMG_1824.jpg 2048w\" sizes=\"(max-width: 1024px) 100vw, 1024px\" \/>\t\t\t\t\t\t\t\t\t\t\t<figcaption class=\"widget-image-caption wp-caption-text\">Il y a une meilleure vue d'ici!<\/figcaption>\n\t\t\t\t\t\t\t\t\t\t<\/figure>\n\t\t\t\t\t\t\t\t<\/div>\n\t\t\t\t\t\t<\/div>\n\t\t\t\t<\/div>\n\t\t\t\t<div class=\"elementor-element elementor-element-224fe6fd elementor-widget elementor-widget-text-editor\" data-id=\"224fe6fd\" data-element_type=\"widget\" data-widget_type=\"text-editor.default\">\n\t\t\t\t<div class=\"elementor-widget-container\">\n\t\t\t\t\t\t\t\t<div class=\"elementor-text-editor elementor-clearfix\">\n\t\t\t\t<p style=\"font-variant-ligatures: normal; font-variant-caps: normal; font-family: Roboto, sans-serif; font-size: 16px; font-style: normal; font-weight: 300;\">Il s\u2019est rapidement fait a\u0300 son nouvel environnement et nous n\u2019avons pas tarde\u0301 a\u0300 nous rendre compte que sa personnalite\u0301 e\u0301tait tre\u0300s forte. Il est pluto\u0302t grincheux et te\u0302tu, mais il est aussi incroyablement dro\u0302le et charismatique.<\/p>\n<p style=\"font-variant-ligatures: normal; font-variant-caps: normal; font-family: Roboto, sans-serif; font-size: 16px; font-style: normal; font-weight: 300;\"><span style=\"font-family: Roboto, sans-serif; font-size: 16px; font-style: normal; font-variant-ligatures: normal; font-variant-caps: normal; font-weight: 300;\">Maintenant il partage la bergerie avec les che\u0300vres, mais c\u2019est lui le chef, bien qu\u2019il soit deux fois plus petit.\u00a0<\/span><\/p>\n<p style=\"font-variant-ligatures: normal; font-variant-caps: normal; font-family: Roboto, sans-serif; font-size: 16px; font-style: normal; font-weight: 300;\"><span style=\"font-family: Roboto, sans-serif; font-size: 16px; font-style: normal; font-variant-ligatures: normal; font-variant-caps: normal; font-weight: 300;\">Il passe du temps avec les che\u0300vres, mais quand nous rentrons dans le pre\u0301, Bucky abandonne ces dames et nous accompagne. Il devient alors tre\u0300s collant et nous suit comme un chien... avec des cornes.<\/span><\/p>\n<p style=\"font-variant-ligatures: normal; font-variant-caps: normal; font-family: Roboto, sans-serif; font-size: 16px; font-style: normal; font-weight: 300;\"><span style=\"font-family: Roboto, sans-serif; font-size: 16px; font-style: normal; font-variant-ligatures: normal; font-variant-caps: normal; font-weight: 300;\">Chaque jour, Bucky attend pr\u00e8s du portail entre le pr\u00e9 o\u00f9 se trouvent\u00a0<\/span><a href=\"http:\/\/muditasanctuary.org\/fr\/guests\/fedj\/\" target=\"_blank\" rel=\"noopener\">Fedj<\/a><span style=\"font-family: Roboto, sans-serif; font-size: 16px; font-style: normal; font-variant-ligatures: normal; font-variant-caps: normal; font-weight: 300;\">\u00a0et\u00a0<\/span><a href=\"http:\/\/muditasanctuary.org\/fr\/guests\/victor\/\" target=\"_blank\" rel=\"noopener\">Victor<\/a><span style=\"font-family: Roboto, sans-serif; font-size: 16px; font-style: normal; font-variant-ligatures: normal; font-variant-caps: normal; font-weight: 300;\">\u00a0et le jardin. Il esp\u00e8re qu'on le laissera sortir dans le jardin, mais nous ne pouvons pas le faire car il mange toutes. les. plantes.\u00a0<\/span><\/p>\t\t\t\t\t<\/div>\n\t\t\t\t\t\t<\/div>\n\t\t\t\t<\/div>\n\t\t\t\t<section class=\"elementor-section elementor-inner-section elementor-element elementor-element-20e77414 elementor-section-height-min-height elementor-section-boxed elementor-section-height-default\" data-id=\"20e77414\" data-element_type=\"section\">\n\t\t\t\t\t\t<div class=\"elementor-container elementor-column-gap-default\">\n\t\t\t\t\t\t\t<div class=\"elementor-row\">\n\t\t\t\t\t<div class=\"elementor-column elementor-col-33 elementor-inner-column elementor-element elementor-element-26966166\" data-id=\"26966166\" data-element_type=\"column\" data-settings=\"{&quot;background_background&quot;:&quot;classic&quot;}\">\n\t\t\t<div class=\"elementor-column-wrap elementor-element-populated\">\n\t\t\t\t\t\t\t<div class=\"elementor-widget-wrap\">\n\t\t\t\t\t\t<div class=\"elementor-element elementor-element-62ab39de elementor-widget elementor-widget-spacer\" data-id=\"62ab39de\" data-element_type=\"widget\" data-widget_type=\"spacer.default\">\n\t\t\t\t<div class=\"elementor-widget-container\">\n\t\t\t\t\t<div class=\"elementor-spacer\">\n\t\t\t<div class=\"elementor-spacer-inner\"><\/div>\n\t\t<\/div>\n\t\t\t\t<\/div>\n\t\t\t\t<\/div>\n\t\t\t\t\t\t<\/div>\n\t\t\t\t\t<\/div>\n\t\t<\/div>\n\t\t\t\t<div class=\"elementor-column elementor-col-33 elementor-inner-column elementor-element elementor-element-437e572c\" data-id=\"437e572c\" data-element_type=\"column\" data-settings=\"{&quot;background_background&quot;:&quot;classic&quot;}\">\n\t\t\t<div class=\"elementor-column-wrap elementor-element-populated\">\n\t\t\t\t\t\t\t<div class=\"elementor-widget-wrap\">\n\t\t\t\t\t\t<div class=\"elementor-element elementor-element-4705cd44 elementor-widget elementor-widget-spacer\" data-id=\"4705cd44\" data-element_type=\"widget\" data-widget_type=\"spacer.default\">\n\t\t\t\t<div class=\"elementor-widget-container\">\n\t\t\t\t\t<div class=\"elementor-spacer\">\n\t\t\t<div class=\"elementor-spacer-inner\"><\/div>\n\t\t<\/div>\n\t\t\t\t<\/div>\n\t\t\t\t<\/div>\n\t\t\t\t\t\t<\/div>\n\t\t\t\t\t<\/div>\n\t\t<\/div>\n\t\t\t\t<div class=\"elementor-column elementor-col-33 elementor-inner-column elementor-element elementor-element-1835cb50\" data-id=\"1835cb50\" data-element_type=\"column\" data-settings=\"{&quot;background_background&quot;:&quot;classic&quot;}\">\n\t\t\t<div class=\"elementor-column-wrap elementor-element-populated\">\n\t\t\t\t\t\t\t<div class=\"elementor-widget-wrap\">\n\t\t\t\t\t\t<div class=\"elementor-element elementor-element-70581102 elementor-widget elementor-widget-spacer\" data-id=\"70581102\" data-element_type=\"widget\" data-widget_type=\"spacer.default\">\n\t\t\t\t<div class=\"elementor-widget-container\">\n\t\t\t\t\t<div class=\"elementor-spacer\">\n\t\t\t<div class=\"elementor-spacer-inner\"><\/div>\n\t\t<\/div>\n\t\t\t\t<\/div>\n\t\t\t\t<\/div>\n\t\t\t\t\t\t<\/div>\n\t\t\t\t\t<\/div>\n\t\t<\/div>\n\t\t\t\t\t\t\t\t<\/div>\n\t\t\t\t\t<\/div>\n\t\t<\/section>\n\t\t\t\t\t\t<\/div>\n\t\t\t\t\t<\/div>\n\t\t<\/div>\n\t\t\t\t\t\t\t\t<\/div>\n\t\t\t\t\t<\/div>\n\t\t<\/section>\n\t\t\t\t\t\t\t\t\t<\/div>\n\t\t\t<\/div>\n\t\t\t\t\t<\/div>","protected":false},"excerpt":{"rendered":"<p>Bucky Date of Birth:\u00a0\u00b1 2012 Gender: Male Gotcha Day:\u00a0late 2015 Breed:\u00a0Alpine Goat In the next village over, the mayor found a billy goat in the middle of the street and, not knowing what to do with him, and as things go around this neck of the woods, he ended up in our sanctuary. He had [&hellip;]<\/p>","protected":false},"author":2,"featured_media":657,"parent":1534,"menu_order":4,"comment_status":"closed","ping_status":"closed","template":"","meta":{"_mi_skip_tracking":false,"_monsterinsights_sitenote_active":false,"_monsterinsights_sitenote_note":"","_monsterinsights_sitenote_category":0,"_wp_rev_ctl_limit":""},"aioseo_notices":[],"_links":{"self":[{"href":"http:\/\/muditasanctuary.org\/fr\/wp-json\/wp\/v2\/pages\/455"}],"collection":[{"href":"http:\/\/muditasanctuary.org\/fr\/wp-json\/wp\/v2\/pages"}],"about":[{"href":"http:\/\/muditasanctuary.org\/fr\/wp-json\/wp\/v2\/types\/page"}],"author":[{"embeddable":true,"href":"http:\/\/muditasanctuary.org\/fr\/wp-json\/wp\/v2\/users\/2"}],"replies":[{"embeddable":true,"href":"http:\/\/muditasanctuary.org\/fr\/wp-json\/wp\/v2\/comments?post=455"}],"version-history":[{"count":0,"href":"http:\/\/muditasanctuary.org\/fr\/wp-json\/wp\/v2\/pages\/455\/revisions"}],"up":[{"embeddable":true,"href":"http:\/\/muditasanctuary.org\/fr\/wp-json\/wp\/v2\/pages\/1534"}],"wp:featuredmedia":[{"embeddable":true,"href":"http:\/\/muditasanctuary.org\/fr\/wp-json\/wp\/v2\/media\/657"}],"wp:attachment":[{"href":"http:\/\/muditasanctuary.org\/fr\/wp-json\/wp\/v2\/media?parent=455"}],"curies":[{"name":"wp","href":"https:\/\/api.w.org\/{rel}","templated":true}]}}