{"id":3402,"date":"2021-06-26T12:05:24","date_gmt":"2021-06-26T10:05:24","guid":{"rendered":"http:\/\/muditasanctuary.org\/?page_id=3402"},"modified":"2021-06-26T12:05:48","modified_gmt":"2021-06-26T10:05:48","slug":"amon","status":"publish","type":"page","link":"http:\/\/muditasanctuary.org\/fr\/guests\/amon\/","title":{"rendered":"Amon"},"content":{"rendered":"<div data-elementor-type=\"wp-page\" data-elementor-id=\"3402\" class=\"elementor elementor-3402\">\n\t\t\t\t\t\t<div class=\"elementor-inner\">\n\t\t\t\t<div class=\"elementor-section-wrap\">\n\t\t\t\t\t\t\t\t\t<section class=\"elementor-section elementor-top-section elementor-element elementor-element-2f9fa194 elementor-section-boxed elementor-section-height-default elementor-section-height-default\" data-id=\"2f9fa194\" data-element_type=\"section\">\n\t\t\t\t\t\t<div class=\"elementor-container elementor-column-gap-default\">\n\t\t\t\t\t\t\t<div class=\"elementor-row\">\n\t\t\t\t\t<div class=\"elementor-column elementor-col-100 elementor-top-column elementor-element elementor-element-23c60287\" data-id=\"23c60287\" data-element_type=\"column\">\n\t\t\t<div class=\"elementor-column-wrap elementor-element-populated\">\n\t\t\t\t\t\t\t<div class=\"elementor-widget-wrap\">\n\t\t\t\t\t\t<div class=\"elementor-element elementor-element-28edcb4 elementor-widget elementor-widget-heading\" data-id=\"28edcb4\" data-element_type=\"widget\" data-widget_type=\"heading.default\">\n\t\t\t\t<div class=\"elementor-widget-container\">\n\t\t\t<h2 class=\"elementor-heading-title elementor-size-xxl\">Amon<\/h2>\t\t<\/div>\n\t\t\t\t<\/div>\n\t\t\t\t<div class=\"elementor-element elementor-element-30132601 elementor-widget elementor-widget-image\" data-id=\"30132601\" data-element_type=\"widget\" data-widget_type=\"image.default\">\n\t\t\t\t<div class=\"elementor-widget-container\">\n\t\t\t\t\t\t\t\t<div class=\"elementor-image\">\n\t\t\t\t\t\t\t\t\t\t\t\t<img decoding=\"async\" width=\"1024\" height=\"680\" src=\"http:\/\/muditasanctuary.org\/wp-content\/uploads\/2018\/07\/Screen-Shot-2016-08-10-at-23.42.55-1024x680.png\" class=\"attachment-large size-large wp-image-7\" alt=\"\" loading=\"lazy\" srcset=\"http:\/\/muditasanctuary.org\/wp-content\/uploads\/2018\/07\/Screen-Shot-2016-08-10-at-23.42.55-1024x680.png 1024w, http:\/\/muditasanctuary.org\/wp-content\/uploads\/2018\/07\/Screen-Shot-2016-08-10-at-23.42.55-300x199.png 300w, http:\/\/muditasanctuary.org\/wp-content\/uploads\/2018\/07\/Screen-Shot-2016-08-10-at-23.42.55-768x510.png 768w, http:\/\/muditasanctuary.org\/wp-content\/uploads\/2018\/07\/Screen-Shot-2016-08-10-at-23.42.55-700x465.png 700w, http:\/\/muditasanctuary.org\/wp-content\/uploads\/2018\/07\/Screen-Shot-2016-08-10-at-23.42.55-520x345.png 520w, http:\/\/muditasanctuary.org\/wp-content\/uploads\/2018\/07\/Screen-Shot-2016-08-10-at-23.42.55-360x239.png 360w, http:\/\/muditasanctuary.org\/wp-content\/uploads\/2018\/07\/Screen-Shot-2016-08-10-at-23.42.55-250x166.png 250w, http:\/\/muditasanctuary.org\/wp-content\/uploads\/2018\/07\/Screen-Shot-2016-08-10-at-23.42.55-100x66.png 100w, http:\/\/muditasanctuary.org\/wp-content\/uploads\/2018\/07\/Screen-Shot-2016-08-10-at-23.42.55.png 2048w\" sizes=\"(max-width: 1024px) 100vw, 1024px\" \/>\t\t\t\t\t\t\t\t\t\t\t\t\t\t<\/div>\n\t\t\t\t\t\t<\/div>\n\t\t\t\t<\/div>\n\t\t\t\t<section class=\"elementor-section elementor-inner-section elementor-element elementor-element-18f3b28a elementor-section-boxed elementor-section-height-default elementor-section-height-default\" data-id=\"18f3b28a\" data-element_type=\"section\">\n\t\t\t\t\t\t<div class=\"elementor-container elementor-column-gap-default\">\n\t\t\t\t\t\t\t<div class=\"elementor-row\">\n\t\t\t\t\t<div class=\"elementor-column elementor-col-50 elementor-inner-column elementor-element elementor-element-2177edcd\" data-id=\"2177edcd\" data-element_type=\"column\">\n\t\t\t<div class=\"elementor-column-wrap elementor-element-populated\">\n\t\t\t\t\t\t\t<div class=\"elementor-widget-wrap\">\n\t\t\t\t\t\t<div class=\"elementor-element elementor-element-46f608fa elementor-widget elementor-widget-text-editor\" data-id=\"46f608fa\" data-element_type=\"widget\" data-widget_type=\"text-editor.default\">\n\t\t\t\t<div class=\"elementor-widget-container\">\n\t\t\t\t\t\t\t\t<div class=\"elementor-text-editor elementor-clearfix\">\n\t\t\t\t<p><strong>Date de Naissance:<\/strong>\u00a0 01\/01\/20\u00a0<\/p><p><strong>Sexe:<\/strong>\u00a0Femelle<\/p>\t\t\t\t\t<\/div>\n\t\t\t\t\t\t<\/div>\n\t\t\t\t<\/div>\n\t\t\t\t\t\t<\/div>\n\t\t\t\t\t<\/div>\n\t\t<\/div>\n\t\t\t\t<div class=\"elementor-column elementor-col-50 elementor-inner-column elementor-element elementor-element-46e413b9\" data-id=\"46e413b9\" data-element_type=\"column\">\n\t\t\t<div class=\"elementor-column-wrap elementor-element-populated\">\n\t\t\t\t\t\t\t<div class=\"elementor-widget-wrap\">\n\t\t\t\t\t\t<div class=\"elementor-element elementor-element-3acdcd4b elementor-widget elementor-widget-text-editor\" data-id=\"3acdcd4b\" data-element_type=\"widget\" data-widget_type=\"text-editor.default\">\n\t\t\t\t<div class=\"elementor-widget-container\">\n\t\t\t\t\t\t\t\t<div class=\"elementor-text-editor elementor-clearfix\">\n\t\t\t\t<p><strong>Accueil le:<\/strong> 02\/01\/20<\/p><p><strong style=\"font-size: 20px;\">Race:<\/strong><span style=\"font-size: 20px;\"> Animal<\/span><\/p>\t\t\t\t\t<\/div>\n\t\t\t\t\t\t<\/div>\n\t\t\t\t<\/div>\n\t\t\t\t\t\t<\/div>\n\t\t\t\t\t<\/div>\n\t\t<\/div>\n\t\t\t\t\t\t\t\t<\/div>\n\t\t\t\t\t<\/div>\n\t\t<\/section>\n\t\t\t\t<section class=\"elementor-section elementor-inner-section elementor-element elementor-element-11b06c4b elementor-section-boxed elementor-section-height-default elementor-section-height-default\" data-id=\"11b06c4b\" data-element_type=\"section\">\n\t\t\t\t\t\t<div class=\"elementor-container elementor-column-gap-default\">\n\t\t\t\t\t\t\t<div class=\"elementor-row\">\n\t\t\t\t\t<div class=\"elementor-column elementor-col-50 elementor-inner-column elementor-element elementor-element-18ab35b2\" data-id=\"18ab35b2\" data-element_type=\"column\">\n\t\t\t<div class=\"elementor-column-wrap elementor-element-populated\">\n\t\t\t\t\t\t\t<div class=\"elementor-widget-wrap\">\n\t\t\t\t\t\t<div class=\"elementor-element elementor-element-4b14e3e1 elementor-widget elementor-widget-image\" data-id=\"4b14e3e1\" data-element_type=\"widget\" data-widget_type=\"image.default\">\n\t\t\t\t<div class=\"elementor-widget-container\">\n\t\t\t\t\t\t\t\t<div class=\"elementor-image\">\n\t\t\t\t\t\t\t\t\t\t\t\t<img decoding=\"async\" width=\"1024\" height=\"680\" src=\"http:\/\/muditasanctuary.org\/wp-content\/uploads\/2018\/07\/Screen-Shot-2016-08-10-at-23.42.55-1024x680.png\" class=\"attachment-large size-large wp-image-7\" alt=\"\" loading=\"lazy\" srcset=\"http:\/\/muditasanctuary.org\/wp-content\/uploads\/2018\/07\/Screen-Shot-2016-08-10-at-23.42.55-1024x680.png 1024w, http:\/\/muditasanctuary.org\/wp-content\/uploads\/2018\/07\/Screen-Shot-2016-08-10-at-23.42.55-300x199.png 300w, http:\/\/muditasanctuary.org\/wp-content\/uploads\/2018\/07\/Screen-Shot-2016-08-10-at-23.42.55-768x510.png 768w, http:\/\/muditasanctuary.org\/wp-content\/uploads\/2018\/07\/Screen-Shot-2016-08-10-at-23.42.55-700x465.png 700w, http:\/\/muditasanctuary.org\/wp-content\/uploads\/2018\/07\/Screen-Shot-2016-08-10-at-23.42.55-520x345.png 520w, http:\/\/muditasanctuary.org\/wp-content\/uploads\/2018\/07\/Screen-Shot-2016-08-10-at-23.42.55-360x239.png 360w, http:\/\/muditasanctuary.org\/wp-content\/uploads\/2018\/07\/Screen-Shot-2016-08-10-at-23.42.55-250x166.png 250w, http:\/\/muditasanctuary.org\/wp-content\/uploads\/2018\/07\/Screen-Shot-2016-08-10-at-23.42.55-100x66.png 100w, http:\/\/muditasanctuary.org\/wp-content\/uploads\/2018\/07\/Screen-Shot-2016-08-10-at-23.42.55.png 2048w\" sizes=\"(max-width: 1024px) 100vw, 1024px\" \/>\t\t\t\t\t\t\t\t\t\t\t\t\t\t<\/div>\n\t\t\t\t\t\t<\/div>\n\t\t\t\t<\/div>\n\t\t\t\t\t\t<\/div>\n\t\t\t\t\t<\/div>\n\t\t<\/div>\n\t\t\t\t<div class=\"elementor-column elementor-col-50 elementor-inner-column elementor-element elementor-element-4c9d07f6\" data-id=\"4c9d07f6\" data-element_type=\"column\">\n\t\t\t<div class=\"elementor-column-wrap elementor-element-populated\">\n\t\t\t\t\t\t\t<div class=\"elementor-widget-wrap\">\n\t\t\t\t\t\t<div class=\"elementor-element elementor-element-508f87ec elementor-widget elementor-widget-text-editor\" data-id=\"508f87ec\" data-element_type=\"widget\" data-widget_type=\"text-editor.default\">\n\t\t\t\t<div class=\"elementor-widget-container\">\n\t\t\t\t\t\t\t\t<div class=\"elementor-text-editor elementor-clearfix\">\n\t\t\t\t<p style=\"font-variant-ligatures: normal; font-variant-caps: normal; font-family: Roboto, sans-serif; font-size: 16px; font-style: normal; font-weight: 300;\">We are currently writing this guest&#8217;s story.<\/p><p style=\"font-variant-ligatures: normal; font-variant-caps: normal; font-family: Roboto, sans-serif; font-size: 16px; font-style: normal; font-weight: 300;\"><span style=\"font-family: Roboto, sans-serif; font-size: 16px; font-style: normal; font-variant-ligatures: normal; font-variant-caps: normal; font-weight: 300;\">Veuillez \u00eatre patients avec nous!<\/span><\/p>\t\t\t\t\t<\/div>\n\t\t\t\t\t\t<\/div>\n\t\t\t\t<\/div>\n\t\t\t\t\t\t<\/div>\n\t\t\t\t\t<\/div>\n\t\t<\/div>\n\t\t\t\t\t\t\t\t<\/div>\n\t\t\t\t\t<\/div>\n\t\t<\/section>\n\t\t\t\t<div class=\"elementor-element elementor-element-5c580784 elementor-widget elementor-widget-text-editor\" data-id=\"5c580784\" data-element_type=\"widget\" data-widget_type=\"text-editor.default\">\n\t\t\t\t<div class=\"elementor-widget-container\">\n\t\t\t\t\t\t\t\t<div class=\"elementor-text-editor elementor-clearfix\">\n\t\t\t\t<p><span style=\"font-family: Roboto, sans-serif; font-size: 16px; font-style: normal; font-variant-ligatures: normal; font-variant-caps: normal; font-weight: 300;\">Ce n'est pas facile de jongler les soins des animaux et la pr\u00e9sence en ligne. La personne responsable du site web \u00e0 aussi un travail \u00e0 plein temps. Merci de votre compr\u00e9hension.<\/span><\/p>\t\t\t\t\t<\/div>\n\t\t\t\t\t\t<\/div>\n\t\t\t\t<\/div>\n\t\t\t\t<div class=\"elementor-element elementor-element-4d8088b9 elementor-widget elementor-widget-image\" data-id=\"4d8088b9\" data-element_type=\"widget\" data-widget_type=\"image.default\">\n\t\t\t\t<div class=\"elementor-widget-container\">\n\t\t\t\t\t\t\t\t<div class=\"elementor-image\">\n\t\t\t\t\t\t\t\t\t<figure class=\"wp-caption\">\n\t\t\t\t\t\t\t\t\t\t<img decoding=\"async\" width=\"1024\" height=\"680\" src=\"http:\/\/muditasanctuary.org\/wp-content\/uploads\/2018\/07\/Screen-Shot-2016-08-10-at-23.42.55-1024x680.png\" class=\"attachment-large size-large wp-image-7\" alt=\"\" loading=\"lazy\" srcset=\"http:\/\/muditasanctuary.org\/wp-content\/uploads\/2018\/07\/Screen-Shot-2016-08-10-at-23.42.55-1024x680.png 1024w, http:\/\/muditasanctuary.org\/wp-content\/uploads\/2018\/07\/Screen-Shot-2016-08-10-at-23.42.55-300x199.png 300w, http:\/\/muditasanctuary.org\/wp-content\/uploads\/2018\/07\/Screen-Shot-2016-08-10-at-23.42.55-768x510.png 768w, http:\/\/muditasanctuary.org\/wp-content\/uploads\/2018\/07\/Screen-Shot-2016-08-10-at-23.42.55-700x465.png 700w, http:\/\/muditasanctuary.org\/wp-content\/uploads\/2018\/07\/Screen-Shot-2016-08-10-at-23.42.55-520x345.png 520w, http:\/\/muditasanctuary.org\/wp-content\/uploads\/2018\/07\/Screen-Shot-2016-08-10-at-23.42.55-360x239.png 360w, http:\/\/muditasanctuary.org\/wp-content\/uploads\/2018\/07\/Screen-Shot-2016-08-10-at-23.42.55-250x166.png 250w, http:\/\/muditasanctuary.org\/wp-content\/uploads\/2018\/07\/Screen-Shot-2016-08-10-at-23.42.55-100x66.png 100w, http:\/\/muditasanctuary.org\/wp-content\/uploads\/2018\/07\/Screen-Shot-2016-08-10-at-23.42.55.png 2048w\" sizes=\"(max-width: 1024px) 100vw, 1024px\" \/>\t\t\t\t\t\t\t\t\t\t\t<figcaption class=\"widget-image-caption wp-caption-text\"><\/figcaption>\n\t\t\t\t\t\t\t\t\t\t<\/figure>\n\t\t\t\t\t\t\t\t<\/div>\n\t\t\t\t\t\t<\/div>\n\t\t\t\t<\/div>\n\t\t\t\t<div class=\"elementor-element elementor-element-46367952 elementor-widget elementor-widget-text-editor\" data-id=\"46367952\" data-element_type=\"widget\" data-widget_type=\"text-editor.default\">\n\t\t\t\t<div class=\"elementor-widget-container\">\n\t\t\t\t\t\t\t\t<div class=\"elementor-text-editor elementor-clearfix\">\n\t\t\t\t<p style=\"font-variant-ligatures: normal; font-variant-caps: normal; font-family: Roboto, sans-serif; font-size: 16px; font-style: normal; font-weight: 300;\">En attendant, d\u00e9couvrez les histoires de nos autres animaux r\u00e9sidents et voyez comment vous pouvez <a href=\"http:\/\/muditasanctuary.org\/fr\/join-us\/\">nous aider<\/a> ou <a href=\"http:\/\/muditasanctuary.org\/fr\/volunteer\/\">faire du b\u00e9n\u00e9volat<\/a>.<\/p>\t\t\t\t\t<\/div>\n\t\t\t\t\t\t<\/div>\n\t\t\t\t<\/div>\n\t\t\t\t<section class=\"elementor-section elementor-inner-section elementor-element elementor-element-3bbe0f72 elementor-section-height-min-height elementor-section-boxed elementor-section-height-default\" data-id=\"3bbe0f72\" data-element_type=\"section\">\n\t\t\t\t\t\t<div class=\"elementor-container elementor-column-gap-default\">\n\t\t\t\t\t\t\t<div class=\"elementor-row\">\n\t\t\t\t\t<div class=\"elementor-column elementor-col-33 elementor-inner-column elementor-element elementor-element-714d9341\" data-id=\"714d9341\" data-element_type=\"column\" data-settings=\"{&quot;background_background&quot;:&quot;classic&quot;}\">\n\t\t\t<div class=\"elementor-column-wrap elementor-element-populated\">\n\t\t\t\t\t\t\t<div class=\"elementor-widget-wrap\">\n\t\t\t\t\t\t<div class=\"elementor-element elementor-element-4f1e8e2d elementor-widget elementor-widget-spacer\" data-id=\"4f1e8e2d\" data-element_type=\"widget\" data-widget_type=\"spacer.default\">\n\t\t\t\t<div class=\"elementor-widget-container\">\n\t\t\t\t\t<div class=\"elementor-spacer\">\n\t\t\t<div class=\"elementor-spacer-inner\"><\/div>\n\t\t<\/div>\n\t\t\t\t<\/div>\n\t\t\t\t<\/div>\n\t\t\t\t\t\t<\/div>\n\t\t\t\t\t<\/div>\n\t\t<\/div>\n\t\t\t\t<div class=\"elementor-column elementor-col-33 elementor-inner-column elementor-element elementor-element-51f0728b\" data-id=\"51f0728b\" data-element_type=\"column\" data-settings=\"{&quot;background_background&quot;:&quot;classic&quot;}\">\n\t\t\t<div class=\"elementor-column-wrap elementor-element-populated\">\n\t\t\t\t\t\t\t<div class=\"elementor-widget-wrap\">\n\t\t\t\t\t\t<div class=\"elementor-element elementor-element-e3b795e elementor-widget elementor-widget-spacer\" data-id=\"e3b795e\" data-element_type=\"widget\" data-widget_type=\"spacer.default\">\n\t\t\t\t<div class=\"elementor-widget-container\">\n\t\t\t\t\t<div class=\"elementor-spacer\">\n\t\t\t<div class=\"elementor-spacer-inner\"><\/div>\n\t\t<\/div>\n\t\t\t\t<\/div>\n\t\t\t\t<\/div>\n\t\t\t\t\t\t<\/div>\n\t\t\t\t\t<\/div>\n\t\t<\/div>\n\t\t\t\t<div class=\"elementor-column elementor-col-33 elementor-inner-column elementor-element elementor-element-12d227c2\" data-id=\"12d227c2\" data-element_type=\"column\" data-settings=\"{&quot;background_background&quot;:&quot;classic&quot;}\">\n\t\t\t<div class=\"elementor-column-wrap elementor-element-populated\">\n\t\t\t\t\t\t\t<div class=\"elementor-widget-wrap\">\n\t\t\t\t\t\t<div class=\"elementor-element elementor-element-31cb71ba elementor-widget elementor-widget-spacer\" data-id=\"31cb71ba\" data-element_type=\"widget\" data-widget_type=\"spacer.default\">\n\t\t\t\t<div class=\"elementor-widget-container\">\n\t\t\t\t\t<div class=\"elementor-spacer\">\n\t\t\t<div class=\"elementor-spacer-inner\"><\/div>\n\t\t<\/div>\n\t\t\t\t<\/div>\n\t\t\t\t<\/div>\n\t\t\t\t\t\t<\/div>\n\t\t\t\t\t<\/div>\n\t\t<\/div>\n\t\t\t\t\t\t\t\t<\/div>\n\t\t\t\t\t<\/div>\n\t\t<\/section>\n\t\t\t\t\t\t<\/div>\n\t\t\t\t\t<\/div>\n\t\t<\/div>\n\t\t\t\t\t\t\t\t<\/div>\n\t\t\t\t\t<\/div>\n\t\t<\/section>\n\t\t\t\t\t\t\t\t\t<\/div>\n\t\t\t<\/div>\n\t\t\t\t\t<\/div>","protected":false},"excerpt":{"rendered":"<p>Amon Date of Birth:\u00a0 01\/01\/20\u00a0 Gender:\u00a0Female Gotcha Day: 02\/01\/20 Breed: Animal We are currently writing this guest&#8217;s story. Please be patient with us! It&#8217;s not easy juggling animal care and online presence. We are a just a small team of volunteers. The person responsible for the website also has a full time job. Thank you [&hellip;]<\/p>","protected":false},"author":2,"featured_media":0,"parent":1534,"menu_order":0,"comment_status":"closed","ping_status":"closed","template":"","meta":{"_mi_skip_tracking":false,"_monsterinsights_sitenote_active":false,"_monsterinsights_sitenote_note":"","_monsterinsights_sitenote_category":0,"_wp_rev_ctl_limit":""},"aioseo_notices":[],"_links":{"self":[{"href":"http:\/\/muditasanctuary.org\/fr\/wp-json\/wp\/v2\/pages\/3402"}],"collection":[{"href":"http:\/\/muditasanctuary.org\/fr\/wp-json\/wp\/v2\/pages"}],"about":[{"href":"http:\/\/muditasanctuary.org\/fr\/wp-json\/wp\/v2\/types\/page"}],"author":[{"embeddable":true,"href":"http:\/\/muditasanctuary.org\/fr\/wp-json\/wp\/v2\/users\/2"}],"replies":[{"embeddable":true,"href":"http:\/\/muditasanctuary.org\/fr\/wp-json\/wp\/v2\/comments?post=3402"}],"version-history":[{"count":2,"href":"http:\/\/muditasanctuary.org\/fr\/wp-json\/wp\/v2\/pages\/3402\/revisions"}],"predecessor-version":[{"id":3405,"href":"http:\/\/muditasanctuary.org\/fr\/wp-json\/wp\/v2\/pages\/3402\/revisions\/3405"}],"up":[{"embeddable":true,"href":"http:\/\/muditasanctuary.org\/fr\/wp-json\/wp\/v2\/pages\/1534"}],"wp:attachment":[{"href":"http:\/\/muditasanctuary.org\/fr\/wp-json\/wp\/v2\/media?parent=3402"}],"curies":[{"name":"wp","href":"https:\/\/api.w.org\/{rel}","templated":true}]}}