{"id":3348,"date":"2021-02-10T17:05:52","date_gmt":"2021-02-10T16:05:52","guid":{"rendered":"http:\/\/muditasanctuary.org\/?page_id=3348"},"modified":"2021-02-10T17:06:54","modified_gmt":"2021-02-10T16:06:54","slug":"roxy","status":"publish","type":"page","link":"http:\/\/muditasanctuary.org\/fr\/roxy\/","title":{"rendered":"Roxy"},"content":{"rendered":"<div data-elementor-type=\"wp-page\" data-elementor-id=\"3348\" class=\"elementor elementor-3348\">\n\t\t\t\t\t\t<div class=\"elementor-inner\">\n\t\t\t\t<div class=\"elementor-section-wrap\">\n\t\t\t\t\t\t\t\t\t<section class=\"elementor-section elementor-top-section elementor-element elementor-element-374f96d9 elementor-section-boxed elementor-section-height-default elementor-section-height-default\" data-id=\"374f96d9\" data-element_type=\"section\">\n\t\t\t\t\t\t<div class=\"elementor-container elementor-column-gap-default\">\n\t\t\t\t\t\t\t<div class=\"elementor-row\">\n\t\t\t\t\t<div class=\"elementor-column elementor-col-100 elementor-top-column elementor-element elementor-element-1bf77c52\" data-id=\"1bf77c52\" data-element_type=\"column\">\n\t\t\t<div class=\"elementor-column-wrap elementor-element-populated\">\n\t\t\t\t\t\t\t<div class=\"elementor-widget-wrap\">\n\t\t\t\t\t\t<div class=\"elementor-element elementor-element-7568ef98 elementor-widget elementor-widget-heading\" data-id=\"7568ef98\" data-element_type=\"widget\" data-widget_type=\"heading.default\">\n\t\t\t\t<div class=\"elementor-widget-container\">\n\t\t\t<h2 class=\"elementor-heading-title elementor-size-xxl\">Roxy<\/h2>\t\t<\/div>\n\t\t\t\t<\/div>\n\t\t\t\t<div class=\"elementor-element elementor-element-45f9c0da elementor-widget elementor-widget-image\" data-id=\"45f9c0da\" data-element_type=\"widget\" data-widget_type=\"image.default\">\n\t\t\t\t<div class=\"elementor-widget-container\">\n\t\t\t\t\t\t\t\t<div class=\"elementor-image\">\n\t\t\t\t\t\t\t\t\t\t\t\t<img decoding=\"async\" width=\"1024\" height=\"680\" src=\"http:\/\/muditasanctuary.org\/wp-content\/uploads\/2018\/07\/Screen-Shot-2016-08-10-at-23.42.55-1024x680.png\" class=\"attachment-large size-large wp-image-7\" alt=\"\" loading=\"lazy\" srcset=\"http:\/\/muditasanctuary.org\/wp-content\/uploads\/2018\/07\/Screen-Shot-2016-08-10-at-23.42.55-1024x680.png 1024w, http:\/\/muditasanctuary.org\/wp-content\/uploads\/2018\/07\/Screen-Shot-2016-08-10-at-23.42.55-300x199.png 300w, http:\/\/muditasanctuary.org\/wp-content\/uploads\/2018\/07\/Screen-Shot-2016-08-10-at-23.42.55-768x510.png 768w, http:\/\/muditasanctuary.org\/wp-content\/uploads\/2018\/07\/Screen-Shot-2016-08-10-at-23.42.55-700x465.png 700w, http:\/\/muditasanctuary.org\/wp-content\/uploads\/2018\/07\/Screen-Shot-2016-08-10-at-23.42.55-520x345.png 520w, http:\/\/muditasanctuary.org\/wp-content\/uploads\/2018\/07\/Screen-Shot-2016-08-10-at-23.42.55-360x239.png 360w, http:\/\/muditasanctuary.org\/wp-content\/uploads\/2018\/07\/Screen-Shot-2016-08-10-at-23.42.55-250x166.png 250w, http:\/\/muditasanctuary.org\/wp-content\/uploads\/2018\/07\/Screen-Shot-2016-08-10-at-23.42.55-100x66.png 100w, http:\/\/muditasanctuary.org\/wp-content\/uploads\/2018\/07\/Screen-Shot-2016-08-10-at-23.42.55.png 2048w\" sizes=\"(max-width: 1024px) 100vw, 1024px\" \/>\t\t\t\t\t\t\t\t\t\t\t\t\t\t<\/div>\n\t\t\t\t\t\t<\/div>\n\t\t\t\t<\/div>\n\t\t\t\t<section class=\"elementor-section elementor-inner-section elementor-element elementor-element-5fd1166d elementor-section-boxed elementor-section-height-default elementor-section-height-default\" data-id=\"5fd1166d\" data-element_type=\"section\">\n\t\t\t\t\t\t<div class=\"elementor-container elementor-column-gap-default\">\n\t\t\t\t\t\t\t<div class=\"elementor-row\">\n\t\t\t\t\t<div class=\"elementor-column elementor-col-50 elementor-inner-column elementor-element elementor-element-37fa2152\" data-id=\"37fa2152\" data-element_type=\"column\">\n\t\t\t<div class=\"elementor-column-wrap elementor-element-populated\">\n\t\t\t\t\t\t\t<div class=\"elementor-widget-wrap\">\n\t\t\t\t\t\t<div class=\"elementor-element elementor-element-496f4dc3 elementor-widget elementor-widget-text-editor\" data-id=\"496f4dc3\" data-element_type=\"widget\" data-widget_type=\"text-editor.default\">\n\t\t\t\t<div class=\"elementor-widget-container\">\n\t\t\t\t\t\t\t\t<div class=\"elementor-text-editor elementor-clearfix\">\n\t\t\t\t<p><strong>Date de Naissance:<\/strong>\u00a0 01\/01\/2020\u00a0<\/p><p><strong>Sexe:<\/strong>\u00a0Femelle<\/p>\t\t\t\t\t<\/div>\n\t\t\t\t\t\t<\/div>\n\t\t\t\t<\/div>\n\t\t\t\t\t\t<\/div>\n\t\t\t\t\t<\/div>\n\t\t<\/div>\n\t\t\t\t<div class=\"elementor-column elementor-col-50 elementor-inner-column elementor-element elementor-element-10295bdc\" data-id=\"10295bdc\" data-element_type=\"column\">\n\t\t\t<div class=\"elementor-column-wrap elementor-element-populated\">\n\t\t\t\t\t\t\t<div class=\"elementor-widget-wrap\">\n\t\t\t\t\t\t<div class=\"elementor-element elementor-element-40221972 elementor-widget elementor-widget-text-editor\" data-id=\"40221972\" data-element_type=\"widget\" data-widget_type=\"text-editor.default\">\n\t\t\t\t<div class=\"elementor-widget-container\">\n\t\t\t\t\t\t\t\t<div class=\"elementor-text-editor elementor-clearfix\">\n\t\t\t\t<p><strong>Accueil le:<\/strong>\u00a009\/02\/2021<\/p><p><strong style=\"font-size: 20px;\">Race:<\/strong><span style=\"font-size: 20px;\">\u00a0Cochon Kune Kune<\/span><\/p>\t\t\t\t\t<\/div>\n\t\t\t\t\t\t<\/div>\n\t\t\t\t<\/div>\n\t\t\t\t\t\t<\/div>\n\t\t\t\t\t<\/div>\n\t\t<\/div>\n\t\t\t\t\t\t\t\t<\/div>\n\t\t\t\t\t<\/div>\n\t\t<\/section>\n\t\t\t\t<section class=\"elementor-section elementor-inner-section elementor-element elementor-element-291e3c33 elementor-section-boxed elementor-section-height-default elementor-section-height-default\" data-id=\"291e3c33\" data-element_type=\"section\">\n\t\t\t\t\t\t<div class=\"elementor-container elementor-column-gap-default\">\n\t\t\t\t\t\t\t<div class=\"elementor-row\">\n\t\t\t\t\t<div class=\"elementor-column elementor-col-50 elementor-inner-column elementor-element elementor-element-2f62156a\" data-id=\"2f62156a\" data-element_type=\"column\">\n\t\t\t<div class=\"elementor-column-wrap elementor-element-populated\">\n\t\t\t\t\t\t\t<div class=\"elementor-widget-wrap\">\n\t\t\t\t\t\t<div class=\"elementor-element elementor-element-7965001a elementor-widget elementor-widget-image\" data-id=\"7965001a\" data-element_type=\"widget\" data-widget_type=\"image.default\">\n\t\t\t\t<div class=\"elementor-widget-container\">\n\t\t\t\t\t\t\t\t<div class=\"elementor-image\">\n\t\t\t\t\t\t\t\t\t\t\t\t<img decoding=\"async\" width=\"1024\" height=\"680\" src=\"http:\/\/muditasanctuary.org\/wp-content\/uploads\/2018\/07\/Screen-Shot-2016-08-10-at-23.42.55-1024x680.png\" class=\"attachment-large size-large wp-image-7\" alt=\"\" loading=\"lazy\" srcset=\"http:\/\/muditasanctuary.org\/wp-content\/uploads\/2018\/07\/Screen-Shot-2016-08-10-at-23.42.55-1024x680.png 1024w, http:\/\/muditasanctuary.org\/wp-content\/uploads\/2018\/07\/Screen-Shot-2016-08-10-at-23.42.55-300x199.png 300w, http:\/\/muditasanctuary.org\/wp-content\/uploads\/2018\/07\/Screen-Shot-2016-08-10-at-23.42.55-768x510.png 768w, http:\/\/muditasanctuary.org\/wp-content\/uploads\/2018\/07\/Screen-Shot-2016-08-10-at-23.42.55-700x465.png 700w, http:\/\/muditasanctuary.org\/wp-content\/uploads\/2018\/07\/Screen-Shot-2016-08-10-at-23.42.55-520x345.png 520w, http:\/\/muditasanctuary.org\/wp-content\/uploads\/2018\/07\/Screen-Shot-2016-08-10-at-23.42.55-360x239.png 360w, http:\/\/muditasanctuary.org\/wp-content\/uploads\/2018\/07\/Screen-Shot-2016-08-10-at-23.42.55-250x166.png 250w, http:\/\/muditasanctuary.org\/wp-content\/uploads\/2018\/07\/Screen-Shot-2016-08-10-at-23.42.55-100x66.png 100w, http:\/\/muditasanctuary.org\/wp-content\/uploads\/2018\/07\/Screen-Shot-2016-08-10-at-23.42.55.png 2048w\" sizes=\"(max-width: 1024px) 100vw, 1024px\" \/>\t\t\t\t\t\t\t\t\t\t\t\t\t\t<\/div>\n\t\t\t\t\t\t<\/div>\n\t\t\t\t<\/div>\n\t\t\t\t\t\t<\/div>\n\t\t\t\t\t<\/div>\n\t\t<\/div>\n\t\t\t\t<div class=\"elementor-column elementor-col-50 elementor-inner-column elementor-element elementor-element-3d6bf32e\" data-id=\"3d6bf32e\" data-element_type=\"column\">\n\t\t\t<div class=\"elementor-column-wrap elementor-element-populated\">\n\t\t\t\t\t\t\t<div class=\"elementor-widget-wrap\">\n\t\t\t\t\t\t<div class=\"elementor-element elementor-element-60d312d9 elementor-widget elementor-widget-text-editor\" data-id=\"60d312d9\" data-element_type=\"widget\" data-widget_type=\"text-editor.default\">\n\t\t\t\t<div class=\"elementor-widget-container\">\n\t\t\t\t\t\t\t\t<div class=\"elementor-text-editor elementor-clearfix\">\n\t\t\t\t<p style=\"font-variant-ligatures: normal; font-variant-caps: normal; font-family: Roboto, sans-serif; font-size: 16px; font-style: normal; font-weight: 300;\">Nous sommes en train de r\u00e9diger l'histoire de Roxy<\/p>\n<p style=\"font-variant-ligatures: normal; font-variant-caps: normal; font-family: Roboto, sans-serif; font-size: 16px; font-style: normal; font-weight: 300;\"><span style=\"font-family: Roboto, sans-serif; font-size: 16px; font-style: normal; font-variant-ligatures: normal; font-variant-caps: normal; font-weight: 300;\">Veuillez \u00eatre patients avec nous!<\/span><\/p>\t\t\t\t\t<\/div>\n\t\t\t\t\t\t<\/div>\n\t\t\t\t<\/div>\n\t\t\t\t\t\t<\/div>\n\t\t\t\t\t<\/div>\n\t\t<\/div>\n\t\t\t\t\t\t\t\t<\/div>\n\t\t\t\t\t<\/div>\n\t\t<\/section>\n\t\t\t\t<div class=\"elementor-element elementor-element-4523c15f elementor-widget elementor-widget-text-editor\" data-id=\"4523c15f\" data-element_type=\"widget\" data-widget_type=\"text-editor.default\">\n\t\t\t\t<div class=\"elementor-widget-container\">\n\t\t\t\t\t\t\t\t<div class=\"elementor-text-editor elementor-clearfix\">\n\t\t\t\t<p><span style=\"font-family: Roboto, sans-serif; font-size: 16px; font-style: normal; font-variant-ligatures: normal; font-variant-caps: normal; font-weight: 300;\">Ce n'est pas facile de jongler les soins des animaux et la pr\u00e9sence en ligne. La personne responsable du site web \u00e0 aussi un travail \u00e0 plein temps. Merci de votre compr\u00e9hension.<\/span><\/p>\t\t\t\t\t<\/div>\n\t\t\t\t\t\t<\/div>\n\t\t\t\t<\/div>\n\t\t\t\t<div class=\"elementor-element elementor-element-204da912 elementor-widget elementor-widget-image\" data-id=\"204da912\" data-element_type=\"widget\" data-widget_type=\"image.default\">\n\t\t\t\t<div class=\"elementor-widget-container\">\n\t\t\t\t\t\t\t\t<div class=\"elementor-image\">\n\t\t\t\t\t\t\t\t\t<figure class=\"wp-caption\">\n\t\t\t\t\t\t\t\t\t\t<img decoding=\"async\" width=\"1024\" height=\"680\" src=\"http:\/\/muditasanctuary.org\/wp-content\/uploads\/2018\/07\/Screen-Shot-2016-08-10-at-23.42.55-1024x680.png\" class=\"attachment-large size-large wp-image-7\" alt=\"\" loading=\"lazy\" srcset=\"http:\/\/muditasanctuary.org\/wp-content\/uploads\/2018\/07\/Screen-Shot-2016-08-10-at-23.42.55-1024x680.png 1024w, http:\/\/muditasanctuary.org\/wp-content\/uploads\/2018\/07\/Screen-Shot-2016-08-10-at-23.42.55-300x199.png 300w, http:\/\/muditasanctuary.org\/wp-content\/uploads\/2018\/07\/Screen-Shot-2016-08-10-at-23.42.55-768x510.png 768w, http:\/\/muditasanctuary.org\/wp-content\/uploads\/2018\/07\/Screen-Shot-2016-08-10-at-23.42.55-700x465.png 700w, http:\/\/muditasanctuary.org\/wp-content\/uploads\/2018\/07\/Screen-Shot-2016-08-10-at-23.42.55-520x345.png 520w, http:\/\/muditasanctuary.org\/wp-content\/uploads\/2018\/07\/Screen-Shot-2016-08-10-at-23.42.55-360x239.png 360w, http:\/\/muditasanctuary.org\/wp-content\/uploads\/2018\/07\/Screen-Shot-2016-08-10-at-23.42.55-250x166.png 250w, http:\/\/muditasanctuary.org\/wp-content\/uploads\/2018\/07\/Screen-Shot-2016-08-10-at-23.42.55-100x66.png 100w, http:\/\/muditasanctuary.org\/wp-content\/uploads\/2018\/07\/Screen-Shot-2016-08-10-at-23.42.55.png 2048w\" sizes=\"(max-width: 1024px) 100vw, 1024px\" \/>\t\t\t\t\t\t\t\t\t\t\t<figcaption class=\"widget-image-caption wp-caption-text\"><\/figcaption>\n\t\t\t\t\t\t\t\t\t\t<\/figure>\n\t\t\t\t\t\t\t\t<\/div>\n\t\t\t\t\t\t<\/div>\n\t\t\t\t<\/div>\n\t\t\t\t<div class=\"elementor-element elementor-element-16078fff elementor-widget elementor-widget-text-editor\" data-id=\"16078fff\" data-element_type=\"widget\" data-widget_type=\"text-editor.default\">\n\t\t\t\t<div class=\"elementor-widget-container\">\n\t\t\t\t\t\t\t\t<div class=\"elementor-text-editor elementor-clearfix\">\n\t\t\t\t<p style=\"font-variant-ligatures: normal; font-variant-caps: normal; font-family: Roboto, sans-serif; font-size: 16px; font-style: normal; font-weight: 300;\">En attendant, d\u00e9couvrez les histoires de nos autres animaux r\u00e9sidents et voyez comment vous pouvez <a href=\"http:\/\/muditasanctuary.org\/fr\/join-us\/\">nous aider<\/a> ou <a href=\"http:\/\/muditasanctuary.org\/fr\/volunteer\/\">faire du b\u00e9n\u00e9volat<\/a>.<\/p>\t\t\t\t\t<\/div>\n\t\t\t\t\t\t<\/div>\n\t\t\t\t<\/div>\n\t\t\t\t<section class=\"elementor-section elementor-inner-section elementor-element elementor-element-2ac596a0 elementor-section-height-min-height elementor-section-boxed elementor-section-height-default\" data-id=\"2ac596a0\" data-element_type=\"section\">\n\t\t\t\t\t\t<div class=\"elementor-container elementor-column-gap-default\">\n\t\t\t\t\t\t\t<div class=\"elementor-row\">\n\t\t\t\t\t<div class=\"elementor-column elementor-col-33 elementor-inner-column elementor-element elementor-element-43ad80c7\" data-id=\"43ad80c7\" data-element_type=\"column\" data-settings=\"{&quot;background_background&quot;:&quot;classic&quot;}\">\n\t\t\t<div class=\"elementor-column-wrap elementor-element-populated\">\n\t\t\t\t\t\t\t<div class=\"elementor-widget-wrap\">\n\t\t\t\t\t\t<div class=\"elementor-element elementor-element-38ec627a elementor-widget elementor-widget-spacer\" data-id=\"38ec627a\" data-element_type=\"widget\" data-widget_type=\"spacer.default\">\n\t\t\t\t<div class=\"elementor-widget-container\">\n\t\t\t\t\t<div class=\"elementor-spacer\">\n\t\t\t<div class=\"elementor-spacer-inner\"><\/div>\n\t\t<\/div>\n\t\t\t\t<\/div>\n\t\t\t\t<\/div>\n\t\t\t\t\t\t<\/div>\n\t\t\t\t\t<\/div>\n\t\t<\/div>\n\t\t\t\t<div class=\"elementor-column elementor-col-33 elementor-inner-column elementor-element elementor-element-6e4439d7\" data-id=\"6e4439d7\" data-element_type=\"column\" data-settings=\"{&quot;background_background&quot;:&quot;classic&quot;}\">\n\t\t\t<div class=\"elementor-column-wrap elementor-element-populated\">\n\t\t\t\t\t\t\t<div class=\"elementor-widget-wrap\">\n\t\t\t\t\t\t<div class=\"elementor-element elementor-element-460ba3fd elementor-widget elementor-widget-spacer\" data-id=\"460ba3fd\" data-element_type=\"widget\" data-widget_type=\"spacer.default\">\n\t\t\t\t<div class=\"elementor-widget-container\">\n\t\t\t\t\t<div class=\"elementor-spacer\">\n\t\t\t<div class=\"elementor-spacer-inner\"><\/div>\n\t\t<\/div>\n\t\t\t\t<\/div>\n\t\t\t\t<\/div>\n\t\t\t\t\t\t<\/div>\n\t\t\t\t\t<\/div>\n\t\t<\/div>\n\t\t\t\t<div class=\"elementor-column elementor-col-33 elementor-inner-column elementor-element elementor-element-42fefdaa\" data-id=\"42fefdaa\" data-element_type=\"column\" data-settings=\"{&quot;background_background&quot;:&quot;classic&quot;}\">\n\t\t\t<div class=\"elementor-column-wrap elementor-element-populated\">\n\t\t\t\t\t\t\t<div class=\"elementor-widget-wrap\">\n\t\t\t\t\t\t<div class=\"elementor-element elementor-element-516e27d2 elementor-widget elementor-widget-spacer\" data-id=\"516e27d2\" data-element_type=\"widget\" data-widget_type=\"spacer.default\">\n\t\t\t\t<div class=\"elementor-widget-container\">\n\t\t\t\t\t<div class=\"elementor-spacer\">\n\t\t\t<div class=\"elementor-spacer-inner\"><\/div>\n\t\t<\/div>\n\t\t\t\t<\/div>\n\t\t\t\t<\/div>\n\t\t\t\t\t\t<\/div>\n\t\t\t\t\t<\/div>\n\t\t<\/div>\n\t\t\t\t\t\t\t\t<\/div>\n\t\t\t\t\t<\/div>\n\t\t<\/section>\n\t\t\t\t\t\t<\/div>\n\t\t\t\t\t<\/div>\n\t\t<\/div>\n\t\t\t\t\t\t\t\t<\/div>\n\t\t\t\t\t<\/div>\n\t\t<\/section>\n\t\t\t\t\t\t\t\t\t<\/div>\n\t\t\t<\/div>\n\t\t\t\t\t<\/div>","protected":false},"excerpt":{"rendered":"<p>Roxy Date of Birth:\u00a0 01\/01\/2020\u00a0 Gender:\u00a0Female Gotcha Day:\u00a009\/02\/2021 Breed:\u00a0Kune Kune Pig We are currently writing Roxy&#8217;s story. Please be patient with us! It&#8217;s not easy juggling animal care and online presence. We are a just a small team of volunteers. The person responsible for the website also has a full time job. Thank you for [&hellip;]<\/p>","protected":false},"author":2,"featured_media":0,"parent":0,"menu_order":0,"comment_status":"closed","ping_status":"closed","template":"","meta":{"_mi_skip_tracking":false,"_monsterinsights_sitenote_active":false,"_monsterinsights_sitenote_note":"","_monsterinsights_sitenote_category":0,"_wp_rev_ctl_limit":""},"aioseo_notices":[],"_links":{"self":[{"href":"http:\/\/muditasanctuary.org\/fr\/wp-json\/wp\/v2\/pages\/3348"}],"collection":[{"href":"http:\/\/muditasanctuary.org\/fr\/wp-json\/wp\/v2\/pages"}],"about":[{"href":"http:\/\/muditasanctuary.org\/fr\/wp-json\/wp\/v2\/types\/page"}],"author":[{"embeddable":true,"href":"http:\/\/muditasanctuary.org\/fr\/wp-json\/wp\/v2\/users\/2"}],"replies":[{"embeddable":true,"href":"http:\/\/muditasanctuary.org\/fr\/wp-json\/wp\/v2\/comments?post=3348"}],"version-history":[{"count":2,"href":"http:\/\/muditasanctuary.org\/fr\/wp-json\/wp\/v2\/pages\/3348\/revisions"}],"predecessor-version":[{"id":3350,"href":"http:\/\/muditasanctuary.org\/fr\/wp-json\/wp\/v2\/pages\/3348\/revisions\/3350"}],"wp:attachment":[{"href":"http:\/\/muditasanctuary.org\/fr\/wp-json\/wp\/v2\/media?parent=3348"}],"curies":[{"name":"wp","href":"https:\/\/api.w.org\/{rel}","templated":true}]}}