{"id":3085,"date":"2020-10-19T13:06:34","date_gmt":"2020-10-19T11:06:34","guid":{"rendered":"http:\/\/muditasanctuary.org\/?page_id=3085"},"modified":"2020-10-19T13:41:35","modified_gmt":"2020-10-19T11:41:35","slug":"mentor","status":"publish","type":"page","link":"http:\/\/muditasanctuary.org\/fr\/guests\/mentor\/","title":{"rendered":"Mentor"},"content":{"rendered":"<div data-elementor-type=\"wp-page\" data-elementor-id=\"3085\" class=\"elementor elementor-3085\">\n\t\t\t\t\t\t<div class=\"elementor-inner\">\n\t\t\t\t<div class=\"elementor-section-wrap\">\n\t\t\t\t\t\t\t\t\t<section class=\"elementor-section elementor-top-section elementor-element elementor-element-4858b1a6 elementor-section-boxed elementor-section-height-default elementor-section-height-default\" data-id=\"4858b1a6\" data-element_type=\"section\">\n\t\t\t\t\t\t<div class=\"elementor-container elementor-column-gap-default\">\n\t\t\t\t\t\t\t<div class=\"elementor-row\">\n\t\t\t\t\t<div class=\"elementor-column elementor-col-100 elementor-top-column elementor-element elementor-element-4c003380\" data-id=\"4c003380\" data-element_type=\"column\">\n\t\t\t<div class=\"elementor-column-wrap elementor-element-populated\">\n\t\t\t\t\t\t\t<div class=\"elementor-widget-wrap\">\n\t\t\t\t\t\t<div class=\"elementor-element elementor-element-20d084e6 elementor-widget elementor-widget-heading\" data-id=\"20d084e6\" data-element_type=\"widget\" data-widget_type=\"heading.default\">\n\t\t\t\t<div class=\"elementor-widget-container\">\n\t\t\t<h2 class=\"elementor-heading-title elementor-size-xxl\">Mentor<\/h2>\t\t<\/div>\n\t\t\t\t<\/div>\n\t\t\t\t<div class=\"elementor-element elementor-element-7cc4005f elementor-widget elementor-widget-image\" data-id=\"7cc4005f\" data-element_type=\"widget\" data-widget_type=\"image.default\">\n\t\t\t\t<div class=\"elementor-widget-container\">\n\t\t\t\t\t\t\t\t<div class=\"elementor-image\">\n\t\t\t\t\t\t\t\t\t\t\t\t<img decoding=\"async\" width=\"1024\" height=\"680\" src=\"http:\/\/muditasanctuary.org\/wp-content\/uploads\/2018\/07\/Screen-Shot-2016-08-10-at-23.42.55-1024x680.png\" class=\"attachment-large size-large wp-image-7\" alt=\"\" loading=\"lazy\" srcset=\"http:\/\/muditasanctuary.org\/wp-content\/uploads\/2018\/07\/Screen-Shot-2016-08-10-at-23.42.55-1024x680.png 1024w, http:\/\/muditasanctuary.org\/wp-content\/uploads\/2018\/07\/Screen-Shot-2016-08-10-at-23.42.55-300x199.png 300w, http:\/\/muditasanctuary.org\/wp-content\/uploads\/2018\/07\/Screen-Shot-2016-08-10-at-23.42.55-768x510.png 768w, http:\/\/muditasanctuary.org\/wp-content\/uploads\/2018\/07\/Screen-Shot-2016-08-10-at-23.42.55-700x465.png 700w, http:\/\/muditasanctuary.org\/wp-content\/uploads\/2018\/07\/Screen-Shot-2016-08-10-at-23.42.55-520x345.png 520w, http:\/\/muditasanctuary.org\/wp-content\/uploads\/2018\/07\/Screen-Shot-2016-08-10-at-23.42.55-360x239.png 360w, http:\/\/muditasanctuary.org\/wp-content\/uploads\/2018\/07\/Screen-Shot-2016-08-10-at-23.42.55-250x166.png 250w, http:\/\/muditasanctuary.org\/wp-content\/uploads\/2018\/07\/Screen-Shot-2016-08-10-at-23.42.55-100x66.png 100w, http:\/\/muditasanctuary.org\/wp-content\/uploads\/2018\/07\/Screen-Shot-2016-08-10-at-23.42.55.png 2048w\" sizes=\"(max-width: 1024px) 100vw, 1024px\" \/>\t\t\t\t\t\t\t\t\t\t\t\t\t\t<\/div>\n\t\t\t\t\t\t<\/div>\n\t\t\t\t<\/div>\n\t\t\t\t<section class=\"elementor-section elementor-inner-section elementor-element elementor-element-2a89ad6e elementor-section-boxed elementor-section-height-default elementor-section-height-default\" data-id=\"2a89ad6e\" data-element_type=\"section\">\n\t\t\t\t\t\t<div class=\"elementor-container elementor-column-gap-default\">\n\t\t\t\t\t\t\t<div class=\"elementor-row\">\n\t\t\t\t\t<div class=\"elementor-column elementor-col-50 elementor-inner-column elementor-element elementor-element-7fcca81d\" data-id=\"7fcca81d\" data-element_type=\"column\">\n\t\t\t<div class=\"elementor-column-wrap elementor-element-populated\">\n\t\t\t\t\t\t\t<div class=\"elementor-widget-wrap\">\n\t\t\t\t\t\t<div class=\"elementor-element elementor-element-5a05464d elementor-widget elementor-widget-text-editor\" data-id=\"5a05464d\" data-element_type=\"widget\" data-widget_type=\"text-editor.default\">\n\t\t\t\t<div class=\"elementor-widget-container\">\n\t\t\t\t\t\t\t\t<div class=\"elementor-text-editor elementor-clearfix\">\n\t\t\t\t<p><strong>Date de Naissance:<\/strong>\u00a0 01\/01\/20\u00a0<\/p><p><strong>Sexe:<\/strong>\u00a0Femelle<\/p>\t\t\t\t\t<\/div>\n\t\t\t\t\t\t<\/div>\n\t\t\t\t<\/div>\n\t\t\t\t\t\t<\/div>\n\t\t\t\t\t<\/div>\n\t\t<\/div>\n\t\t\t\t<div class=\"elementor-column elementor-col-50 elementor-inner-column elementor-element elementor-element-51944b13\" data-id=\"51944b13\" data-element_type=\"column\">\n\t\t\t<div class=\"elementor-column-wrap elementor-element-populated\">\n\t\t\t\t\t\t\t<div class=\"elementor-widget-wrap\">\n\t\t\t\t\t\t<div class=\"elementor-element elementor-element-8d707f0 elementor-widget elementor-widget-text-editor\" data-id=\"8d707f0\" data-element_type=\"widget\" data-widget_type=\"text-editor.default\">\n\t\t\t\t<div class=\"elementor-widget-container\">\n\t\t\t\t\t\t\t\t<div class=\"elementor-text-editor elementor-clearfix\">\n\t\t\t\t<p><strong>Accueil le:<\/strong> 02\/01\/20<\/p><p><strong style=\"font-size: 20px;\">Race:<\/strong><span style=\"font-size: 20px;\"> Animal<\/span><\/p>\t\t\t\t\t<\/div>\n\t\t\t\t\t\t<\/div>\n\t\t\t\t<\/div>\n\t\t\t\t\t\t<\/div>\n\t\t\t\t\t<\/div>\n\t\t<\/div>\n\t\t\t\t\t\t\t\t<\/div>\n\t\t\t\t\t<\/div>\n\t\t<\/section>\n\t\t\t\t<section class=\"elementor-section elementor-inner-section elementor-element elementor-element-6acca505 elementor-section-boxed elementor-section-height-default elementor-section-height-default\" data-id=\"6acca505\" data-element_type=\"section\">\n\t\t\t\t\t\t<div class=\"elementor-container elementor-column-gap-default\">\n\t\t\t\t\t\t\t<div class=\"elementor-row\">\n\t\t\t\t\t<div class=\"elementor-column elementor-col-50 elementor-inner-column elementor-element elementor-element-29e8ec50\" data-id=\"29e8ec50\" data-element_type=\"column\">\n\t\t\t<div class=\"elementor-column-wrap elementor-element-populated\">\n\t\t\t\t\t\t\t<div class=\"elementor-widget-wrap\">\n\t\t\t\t\t\t<div class=\"elementor-element elementor-element-53a2f186 elementor-widget elementor-widget-image\" data-id=\"53a2f186\" data-element_type=\"widget\" data-widget_type=\"image.default\">\n\t\t\t\t<div class=\"elementor-widget-container\">\n\t\t\t\t\t\t\t\t<div class=\"elementor-image\">\n\t\t\t\t\t\t\t\t\t\t\t\t<img decoding=\"async\" width=\"1024\" height=\"680\" src=\"http:\/\/muditasanctuary.org\/wp-content\/uploads\/2018\/07\/Screen-Shot-2016-08-10-at-23.42.55-1024x680.png\" class=\"attachment-large size-large wp-image-7\" alt=\"\" loading=\"lazy\" srcset=\"http:\/\/muditasanctuary.org\/wp-content\/uploads\/2018\/07\/Screen-Shot-2016-08-10-at-23.42.55-1024x680.png 1024w, http:\/\/muditasanctuary.org\/wp-content\/uploads\/2018\/07\/Screen-Shot-2016-08-10-at-23.42.55-300x199.png 300w, http:\/\/muditasanctuary.org\/wp-content\/uploads\/2018\/07\/Screen-Shot-2016-08-10-at-23.42.55-768x510.png 768w, http:\/\/muditasanctuary.org\/wp-content\/uploads\/2018\/07\/Screen-Shot-2016-08-10-at-23.42.55-700x465.png 700w, http:\/\/muditasanctuary.org\/wp-content\/uploads\/2018\/07\/Screen-Shot-2016-08-10-at-23.42.55-520x345.png 520w, http:\/\/muditasanctuary.org\/wp-content\/uploads\/2018\/07\/Screen-Shot-2016-08-10-at-23.42.55-360x239.png 360w, http:\/\/muditasanctuary.org\/wp-content\/uploads\/2018\/07\/Screen-Shot-2016-08-10-at-23.42.55-250x166.png 250w, http:\/\/muditasanctuary.org\/wp-content\/uploads\/2018\/07\/Screen-Shot-2016-08-10-at-23.42.55-100x66.png 100w, http:\/\/muditasanctuary.org\/wp-content\/uploads\/2018\/07\/Screen-Shot-2016-08-10-at-23.42.55.png 2048w\" sizes=\"(max-width: 1024px) 100vw, 1024px\" \/>\t\t\t\t\t\t\t\t\t\t\t\t\t\t<\/div>\n\t\t\t\t\t\t<\/div>\n\t\t\t\t<\/div>\n\t\t\t\t\t\t<\/div>\n\t\t\t\t\t<\/div>\n\t\t<\/div>\n\t\t\t\t<div class=\"elementor-column elementor-col-50 elementor-inner-column elementor-element elementor-element-87ecb9c\" data-id=\"87ecb9c\" data-element_type=\"column\">\n\t\t\t<div class=\"elementor-column-wrap elementor-element-populated\">\n\t\t\t\t\t\t\t<div class=\"elementor-widget-wrap\">\n\t\t\t\t\t\t<div class=\"elementor-element elementor-element-50b56e0a elementor-widget elementor-widget-text-editor\" data-id=\"50b56e0a\" data-element_type=\"widget\" data-widget_type=\"text-editor.default\">\n\t\t\t\t<div class=\"elementor-widget-container\">\n\t\t\t\t\t\t\t\t<div class=\"elementor-text-editor elementor-clearfix\">\n\t\t\t\t<p style=\"font-variant-ligatures: normal; font-variant-caps: normal; font-family: Roboto, sans-serif; font-size: 16px; font-style: normal; font-weight: 300;\">We are currently writing this guest&#8217;s story.<\/p><p style=\"font-variant-ligatures: normal; font-variant-caps: normal; font-family: Roboto, sans-serif; font-size: 16px; font-style: normal; font-weight: 300;\"><span style=\"font-family: Roboto, sans-serif; font-size: 16px; font-style: normal; font-variant-ligatures: normal; font-variant-caps: normal; font-weight: 300;\">Veuillez \u00eatre patients avec nous!<\/span><\/p>\t\t\t\t\t<\/div>\n\t\t\t\t\t\t<\/div>\n\t\t\t\t<\/div>\n\t\t\t\t\t\t<\/div>\n\t\t\t\t\t<\/div>\n\t\t<\/div>\n\t\t\t\t\t\t\t\t<\/div>\n\t\t\t\t\t<\/div>\n\t\t<\/section>\n\t\t\t\t<div class=\"elementor-element elementor-element-43824dd3 elementor-widget elementor-widget-text-editor\" data-id=\"43824dd3\" data-element_type=\"widget\" data-widget_type=\"text-editor.default\">\n\t\t\t\t<div class=\"elementor-widget-container\">\n\t\t\t\t\t\t\t\t<div class=\"elementor-text-editor elementor-clearfix\">\n\t\t\t\t<p><span style=\"font-family: Roboto, sans-serif; font-size: 16px; font-style: normal; font-variant-ligatures: normal; font-variant-caps: normal; font-weight: 300;\">Ce n'est pas facile de jongler les soins des animaux et la pr\u00e9sence en ligne. La personne responsable du site web \u00e0 aussi un travail \u00e0 plein temps. Merci de votre compr\u00e9hension.<\/span><\/p>\t\t\t\t\t<\/div>\n\t\t\t\t\t\t<\/div>\n\t\t\t\t<\/div>\n\t\t\t\t<div class=\"elementor-element elementor-element-3bf59c09 elementor-widget elementor-widget-image\" data-id=\"3bf59c09\" data-element_type=\"widget\" data-widget_type=\"image.default\">\n\t\t\t\t<div class=\"elementor-widget-container\">\n\t\t\t\t\t\t\t\t<div class=\"elementor-image\">\n\t\t\t\t\t\t\t\t\t<figure class=\"wp-caption\">\n\t\t\t\t\t\t\t\t\t\t<img decoding=\"async\" width=\"1024\" height=\"680\" src=\"http:\/\/muditasanctuary.org\/wp-content\/uploads\/2018\/07\/Screen-Shot-2016-08-10-at-23.42.55-1024x680.png\" class=\"attachment-large size-large wp-image-7\" alt=\"\" loading=\"lazy\" srcset=\"http:\/\/muditasanctuary.org\/wp-content\/uploads\/2018\/07\/Screen-Shot-2016-08-10-at-23.42.55-1024x680.png 1024w, http:\/\/muditasanctuary.org\/wp-content\/uploads\/2018\/07\/Screen-Shot-2016-08-10-at-23.42.55-300x199.png 300w, http:\/\/muditasanctuary.org\/wp-content\/uploads\/2018\/07\/Screen-Shot-2016-08-10-at-23.42.55-768x510.png 768w, http:\/\/muditasanctuary.org\/wp-content\/uploads\/2018\/07\/Screen-Shot-2016-08-10-at-23.42.55-700x465.png 700w, http:\/\/muditasanctuary.org\/wp-content\/uploads\/2018\/07\/Screen-Shot-2016-08-10-at-23.42.55-520x345.png 520w, http:\/\/muditasanctuary.org\/wp-content\/uploads\/2018\/07\/Screen-Shot-2016-08-10-at-23.42.55-360x239.png 360w, http:\/\/muditasanctuary.org\/wp-content\/uploads\/2018\/07\/Screen-Shot-2016-08-10-at-23.42.55-250x166.png 250w, http:\/\/muditasanctuary.org\/wp-content\/uploads\/2018\/07\/Screen-Shot-2016-08-10-at-23.42.55-100x66.png 100w, http:\/\/muditasanctuary.org\/wp-content\/uploads\/2018\/07\/Screen-Shot-2016-08-10-at-23.42.55.png 2048w\" sizes=\"(max-width: 1024px) 100vw, 1024px\" \/>\t\t\t\t\t\t\t\t\t\t\t<figcaption class=\"widget-image-caption wp-caption-text\"><\/figcaption>\n\t\t\t\t\t\t\t\t\t\t<\/figure>\n\t\t\t\t\t\t\t\t<\/div>\n\t\t\t\t\t\t<\/div>\n\t\t\t\t<\/div>\n\t\t\t\t<div class=\"elementor-element elementor-element-1bd3b59b elementor-widget elementor-widget-text-editor\" data-id=\"1bd3b59b\" data-element_type=\"widget\" data-widget_type=\"text-editor.default\">\n\t\t\t\t<div class=\"elementor-widget-container\">\n\t\t\t\t\t\t\t\t<div class=\"elementor-text-editor elementor-clearfix\">\n\t\t\t\t<p style=\"font-variant-ligatures: normal; font-variant-caps: normal; font-family: Roboto, sans-serif; font-size: 16px; font-style: normal; font-weight: 300;\">En attendant, d\u00e9couvrez les histoires de nos autres animaux r\u00e9sidents et voyez comment vous pouvez <a href=\"http:\/\/muditasanctuary.org\/fr\/join-us\/\">nous aider<\/a> ou <a href=\"http:\/\/muditasanctuary.org\/fr\/volunteer\/\">faire du b\u00e9n\u00e9volat<\/a>.<\/p>\t\t\t\t\t<\/div>\n\t\t\t\t\t\t<\/div>\n\t\t\t\t<\/div>\n\t\t\t\t<section class=\"elementor-section elementor-inner-section elementor-element elementor-element-422e0ca2 elementor-section-height-min-height elementor-section-boxed elementor-section-height-default\" data-id=\"422e0ca2\" data-element_type=\"section\">\n\t\t\t\t\t\t<div class=\"elementor-container elementor-column-gap-default\">\n\t\t\t\t\t\t\t<div class=\"elementor-row\">\n\t\t\t\t\t<div class=\"elementor-column elementor-col-33 elementor-inner-column elementor-element elementor-element-407573a\" data-id=\"407573a\" data-element_type=\"column\" data-settings=\"{&quot;background_background&quot;:&quot;classic&quot;}\">\n\t\t\t<div class=\"elementor-column-wrap elementor-element-populated\">\n\t\t\t\t\t\t\t<div class=\"elementor-widget-wrap\">\n\t\t\t\t\t\t<div class=\"elementor-element elementor-element-528f7007 elementor-widget elementor-widget-spacer\" data-id=\"528f7007\" data-element_type=\"widget\" data-widget_type=\"spacer.default\">\n\t\t\t\t<div class=\"elementor-widget-container\">\n\t\t\t\t\t<div class=\"elementor-spacer\">\n\t\t\t<div class=\"elementor-spacer-inner\"><\/div>\n\t\t<\/div>\n\t\t\t\t<\/div>\n\t\t\t\t<\/div>\n\t\t\t\t\t\t<\/div>\n\t\t\t\t\t<\/div>\n\t\t<\/div>\n\t\t\t\t<div class=\"elementor-column elementor-col-33 elementor-inner-column elementor-element elementor-element-5d2c5c21\" data-id=\"5d2c5c21\" data-element_type=\"column\" data-settings=\"{&quot;background_background&quot;:&quot;classic&quot;}\">\n\t\t\t<div class=\"elementor-column-wrap elementor-element-populated\">\n\t\t\t\t\t\t\t<div class=\"elementor-widget-wrap\">\n\t\t\t\t\t\t<div class=\"elementor-element elementor-element-47589f9e elementor-widget elementor-widget-spacer\" data-id=\"47589f9e\" data-element_type=\"widget\" data-widget_type=\"spacer.default\">\n\t\t\t\t<div class=\"elementor-widget-container\">\n\t\t\t\t\t<div class=\"elementor-spacer\">\n\t\t\t<div class=\"elementor-spacer-inner\"><\/div>\n\t\t<\/div>\n\t\t\t\t<\/div>\n\t\t\t\t<\/div>\n\t\t\t\t\t\t<\/div>\n\t\t\t\t\t<\/div>\n\t\t<\/div>\n\t\t\t\t<div class=\"elementor-column elementor-col-33 elementor-inner-column elementor-element elementor-element-27e9da48\" data-id=\"27e9da48\" data-element_type=\"column\" data-settings=\"{&quot;background_background&quot;:&quot;classic&quot;}\">\n\t\t\t<div class=\"elementor-column-wrap elementor-element-populated\">\n\t\t\t\t\t\t\t<div class=\"elementor-widget-wrap\">\n\t\t\t\t\t\t<div class=\"elementor-element elementor-element-6955a02e elementor-widget elementor-widget-spacer\" data-id=\"6955a02e\" data-element_type=\"widget\" data-widget_type=\"spacer.default\">\n\t\t\t\t<div class=\"elementor-widget-container\">\n\t\t\t\t\t<div class=\"elementor-spacer\">\n\t\t\t<div class=\"elementor-spacer-inner\"><\/div>\n\t\t<\/div>\n\t\t\t\t<\/div>\n\t\t\t\t<\/div>\n\t\t\t\t\t\t<\/div>\n\t\t\t\t\t<\/div>\n\t\t<\/div>\n\t\t\t\t\t\t\t\t<\/div>\n\t\t\t\t\t<\/div>\n\t\t<\/section>\n\t\t\t\t\t\t<\/div>\n\t\t\t\t\t<\/div>\n\t\t<\/div>\n\t\t\t\t\t\t\t\t<\/div>\n\t\t\t\t\t<\/div>\n\t\t<\/section>\n\t\t\t\t\t\t\t\t\t<\/div>\n\t\t\t<\/div>\n\t\t\t\t\t<\/div>","protected":false},"excerpt":{"rendered":"<p>Mentor Date of Birth:\u00a0 01\/01\/20\u00a0 Gender:\u00a0Female Gotcha Day: 02\/01\/20 Breed: Animal We are currently writing this guest&#8217;s story. Please be patient with us! It&#8217;s not easy juggling animal care and online presence. We are a just a small team of volunteers. The person responsible for the website also has a full time job. Thank you [&hellip;]<\/p>","protected":false},"author":2,"featured_media":0,"parent":1534,"menu_order":0,"comment_status":"closed","ping_status":"closed","template":"","meta":{"_mi_skip_tracking":false,"_monsterinsights_sitenote_active":false,"_monsterinsights_sitenote_note":"","_monsterinsights_sitenote_category":0,"_wp_rev_ctl_limit":""},"aioseo_notices":[],"_links":{"self":[{"href":"http:\/\/muditasanctuary.org\/fr\/wp-json\/wp\/v2\/pages\/3085"}],"collection":[{"href":"http:\/\/muditasanctuary.org\/fr\/wp-json\/wp\/v2\/pages"}],"about":[{"href":"http:\/\/muditasanctuary.org\/fr\/wp-json\/wp\/v2\/types\/page"}],"author":[{"embeddable":true,"href":"http:\/\/muditasanctuary.org\/fr\/wp-json\/wp\/v2\/users\/2"}],"replies":[{"embeddable":true,"href":"http:\/\/muditasanctuary.org\/fr\/wp-json\/wp\/v2\/comments?post=3085"}],"version-history":[{"count":4,"href":"http:\/\/muditasanctuary.org\/fr\/wp-json\/wp\/v2\/pages\/3085\/revisions"}],"predecessor-version":[{"id":3146,"href":"http:\/\/muditasanctuary.org\/fr\/wp-json\/wp\/v2\/pages\/3085\/revisions\/3146"}],"up":[{"embeddable":true,"href":"http:\/\/muditasanctuary.org\/fr\/wp-json\/wp\/v2\/pages\/1534"}],"wp:attachment":[{"href":"http:\/\/muditasanctuary.org\/fr\/wp-json\/wp\/v2\/media?parent=3085"}],"curies":[{"name":"wp","href":"https:\/\/api.w.org\/{rel}","templated":true}]}}