{"id":280,"date":"2016-02-16T15:05:20","date_gmt":"2016-02-16T14:05:20","guid":{"rendered":"http:\/\/demo.athemes.com\/astrid\/?page_id=116"},"modified":"2019-11-30T22:39:26","modified_gmt":"2019-11-30T21:39:26","slug":"tarabelle","status":"publish","type":"page","link":"http:\/\/muditasanctuary.org\/fr\/guests\/tarabelle\/","title":{"rendered":"Tarabelle"},"content":{"rendered":"<div data-elementor-type=\"wp-page\" data-elementor-id=\"280\" class=\"elementor elementor-280\">\n\t\t\t\t\t\t<div class=\"elementor-inner\">\n\t\t\t\t<div class=\"elementor-section-wrap\">\n\t\t\t\t\t\t\t\t\t<section class=\"elementor-section elementor-top-section elementor-element elementor-element-16e507c1 elementor-section-boxed elementor-section-height-default elementor-section-height-default\" data-id=\"16e507c1\" data-element_type=\"section\">\n\t\t\t\t\t\t<div class=\"elementor-container elementor-column-gap-default\">\n\t\t\t\t\t\t\t<div class=\"elementor-row\">\n\t\t\t\t\t<div class=\"elementor-column elementor-col-100 elementor-top-column elementor-element elementor-element-4f7a90af\" data-id=\"4f7a90af\" data-element_type=\"column\">\n\t\t\t<div class=\"elementor-column-wrap elementor-element-populated\">\n\t\t\t\t\t\t\t<div class=\"elementor-widget-wrap\">\n\t\t\t\t\t\t<div class=\"elementor-element elementor-element-66ae2070 elementor-widget elementor-widget-heading\" data-id=\"66ae2070\" data-element_type=\"widget\" data-widget_type=\"heading.default\">\n\t\t\t\t<div class=\"elementor-widget-container\">\n\t\t\t<h2 class=\"elementor-heading-title elementor-size-xxl\">Tarabelle<\/h2>\t\t<\/div>\n\t\t\t\t<\/div>\n\t\t\t\t<div class=\"elementor-element elementor-element-11303064 elementor-widget elementor-widget-image\" data-id=\"11303064\" data-element_type=\"widget\" data-widget_type=\"image.default\">\n\t\t\t\t<div class=\"elementor-widget-container\">\n\t\t\t\t\t\t\t\t<div class=\"elementor-image\">\n\t\t\t\t\t\t\t\t\t\t\t\t<img decoding=\"async\" width=\"1024\" height=\"678\" src=\"http:\/\/muditasanctuary.org\/wp-content\/uploads\/2019\/02\/DSF1458-1024x678.jpg\" class=\"attachment-large size-large wp-image-862\" alt=\"Tarabelle\" loading=\"lazy\" srcset=\"http:\/\/muditasanctuary.org\/wp-content\/uploads\/2019\/02\/DSF1458-e1575817794395.jpg 1024w, http:\/\/muditasanctuary.org\/wp-content\/uploads\/2019\/02\/DSF1458-300x199.jpg 300w, http:\/\/muditasanctuary.org\/wp-content\/uploads\/2019\/02\/DSF1458-768x509.jpg 768w, http:\/\/muditasanctuary.org\/wp-content\/uploads\/2019\/02\/DSF1458-700x464.jpg 700w, http:\/\/muditasanctuary.org\/wp-content\/uploads\/2019\/02\/DSF1458-520x344.jpg 520w, http:\/\/muditasanctuary.org\/wp-content\/uploads\/2019\/02\/DSF1458-360x238.jpg 360w, http:\/\/muditasanctuary.org\/wp-content\/uploads\/2019\/02\/DSF1458-250x166.jpg 250w, http:\/\/muditasanctuary.org\/wp-content\/uploads\/2019\/02\/DSF1458-100x66.jpg 100w\" sizes=\"(max-width: 1024px) 100vw, 1024px\" \/>\t\t\t\t\t\t\t\t\t\t\t\t\t\t<\/div>\n\t\t\t\t\t\t<\/div>\n\t\t\t\t<\/div>\n\t\t\t\t<section class=\"elementor-section elementor-inner-section elementor-element elementor-element-2a45b037 elementor-section-boxed elementor-section-height-default elementor-section-height-default\" data-id=\"2a45b037\" data-element_type=\"section\">\n\t\t\t\t\t\t<div class=\"elementor-container elementor-column-gap-default\">\n\t\t\t\t\t\t\t<div class=\"elementor-row\">\n\t\t\t\t\t<div class=\"elementor-column elementor-col-50 elementor-inner-column elementor-element elementor-element-4300ab1b\" data-id=\"4300ab1b\" data-element_type=\"column\">\n\t\t\t<div class=\"elementor-column-wrap elementor-element-populated\">\n\t\t\t\t\t\t\t<div class=\"elementor-widget-wrap\">\n\t\t\t\t\t\t<div class=\"elementor-element elementor-element-8c71fb4 elementor-widget elementor-widget-text-editor\" data-id=\"8c71fb4\" data-element_type=\"widget\" data-widget_type=\"text-editor.default\">\n\t\t\t\t<div class=\"elementor-widget-container\">\n\t\t\t\t\t\t\t\t<div class=\"elementor-text-editor elementor-clearfix\">\n\t\t\t\t<p><strong>Date de Naissance:<\/strong>\u00a0\u00b1 2000<\/p><p><strong>Sexe:<\/strong>\u00a0Femelle<\/p>\t\t\t\t\t<\/div>\n\t\t\t\t\t\t<\/div>\n\t\t\t\t<\/div>\n\t\t\t\t\t\t<\/div>\n\t\t\t\t\t<\/div>\n\t\t<\/div>\n\t\t\t\t<div class=\"elementor-column elementor-col-50 elementor-inner-column elementor-element elementor-element-373fea2a\" data-id=\"373fea2a\" data-element_type=\"column\">\n\t\t\t<div class=\"elementor-column-wrap elementor-element-populated\">\n\t\t\t\t\t\t\t<div class=\"elementor-widget-wrap\">\n\t\t\t\t\t\t<div class=\"elementor-element elementor-element-48f8de93 elementor-widget elementor-widget-text-editor\" data-id=\"48f8de93\" data-element_type=\"widget\" data-widget_type=\"text-editor.default\">\n\t\t\t\t<div class=\"elementor-widget-container\">\n\t\t\t\t\t\t\t\t<div class=\"elementor-text-editor elementor-clearfix\">\n\t\t\t\t<p><strong>Accueil le:<\/strong>\u00a023\/01\/2017<\/p>\n<p><strong>Race:<\/strong> \u00c2ne Andalou<\/p>\t\t\t\t\t<\/div>\n\t\t\t\t\t\t<\/div>\n\t\t\t\t<\/div>\n\t\t\t\t\t\t<\/div>\n\t\t\t\t\t<\/div>\n\t\t<\/div>\n\t\t\t\t\t\t\t\t<\/div>\n\t\t\t\t\t<\/div>\n\t\t<\/section>\n\t\t\t\t<section class=\"elementor-section elementor-inner-section elementor-element elementor-element-5bf76d51 elementor-section-boxed elementor-section-height-default elementor-section-height-default\" data-id=\"5bf76d51\" data-element_type=\"section\">\n\t\t\t\t\t\t<div class=\"elementor-container elementor-column-gap-default\">\n\t\t\t\t\t\t\t<div class=\"elementor-row\">\n\t\t\t\t\t<div class=\"elementor-column elementor-col-50 elementor-inner-column elementor-element elementor-element-27700cd8\" data-id=\"27700cd8\" data-element_type=\"column\">\n\t\t\t<div class=\"elementor-column-wrap elementor-element-populated\">\n\t\t\t\t\t\t\t<div class=\"elementor-widget-wrap\">\n\t\t\t\t\t\t<div class=\"elementor-element elementor-element-2f18f8a elementor-widget elementor-widget-image\" data-id=\"2f18f8a\" data-element_type=\"widget\" data-widget_type=\"image.default\">\n\t\t\t\t<div class=\"elementor-widget-container\">\n\t\t\t\t\t\t\t\t<div class=\"elementor-image\">\n\t\t\t\t\t\t\t\t\t\t\t\t<img decoding=\"async\" width=\"683\" height=\"1024\" src=\"http:\/\/muditasanctuary.org\/wp-content\/uploads\/2019\/11\/DSF1234-683x1024.jpg\" class=\"attachment-large size-large wp-image-1968\" alt=\"\" loading=\"lazy\" srcset=\"http:\/\/muditasanctuary.org\/wp-content\/uploads\/2019\/11\/DSF1234-683x1024.jpg 683w, http:\/\/muditasanctuary.org\/wp-content\/uploads\/2019\/11\/DSF1234-200x300.jpg 200w, http:\/\/muditasanctuary.org\/wp-content\/uploads\/2019\/11\/DSF1234-768x1152.jpg 768w, http:\/\/muditasanctuary.org\/wp-content\/uploads\/2019\/11\/DSF1234.jpg 1366w\" sizes=\"(max-width: 683px) 100vw, 683px\" \/>\t\t\t\t\t\t\t\t\t\t\t\t\t\t<\/div>\n\t\t\t\t\t\t<\/div>\n\t\t\t\t<\/div>\n\t\t\t\t\t\t<\/div>\n\t\t\t\t\t<\/div>\n\t\t<\/div>\n\t\t\t\t<div class=\"elementor-column elementor-col-50 elementor-inner-column elementor-element elementor-element-7c3bf16d\" data-id=\"7c3bf16d\" data-element_type=\"column\">\n\t\t\t<div class=\"elementor-column-wrap elementor-element-populated\">\n\t\t\t\t\t\t\t<div class=\"elementor-widget-wrap\">\n\t\t\t\t\t\t<div class=\"elementor-element elementor-element-5f66c2ef elementor-widget elementor-widget-text-editor\" data-id=\"5f66c2ef\" data-element_type=\"widget\" data-widget_type=\"text-editor.default\">\n\t\t\t\t<div class=\"elementor-widget-container\">\n\t\t\t\t\t\t\t\t<div class=\"elementor-text-editor elementor-clearfix\">\n\t\t\t\tTarabelle appartenait a\u0300 un couple de personnes a\u0302ge\u0301es. Le mari, qui e\u0301tait celui qui s\u2019occupait d\u2019elle, a e\u0301te\u0301 victime d'un accident vasculaire ce\u0301re\u0301bral. Suite a\u0300 c\u0327a il avait difficile a\u0300 marcher et ne pouvait plus prendre soin d\u2019elle. Il avait ga\u0302te\u0301 l'a\u0302ne avec beaucoup de friandises et de caresses quotidiennes. Elle vivait avec une petite che\u0300vre, qui de\u0301ceda. Se retrouvant seule sans attention, Tarabelle de\u0301prima. On nous a donc demande\u0301 si elle pouvait rejoindre nos r\u00e9sidents.<\/span><\/p>\t\t\t\t\t<\/div>\n\t\t\t\t\t\t<\/div>\n\t\t\t\t<\/div>\n\t\t\t\t\t\t<\/div>\n\t\t\t\t\t<\/div>\n\t\t<\/div>\n\t\t\t\t\t\t\t\t<\/div>\n\t\t\t\t\t<\/div>\n\t\t<\/section>\n\t\t\t\t<div class=\"elementor-element elementor-element-72151c90 elementor-widget elementor-widget-text-editor\" data-id=\"72151c90\" data-element_type=\"widget\" data-widget_type=\"text-editor.default\">\n\t\t\t\t<div class=\"elementor-widget-container\">\n\t\t\t\t\t\t\t\t<div class=\"elementor-text-editor elementor-clearfix\">\n\t\t\t\t<p><span style=\"font-family: Roboto, sans-serif; font-size: 16px; font-style: normal; font-variant-ligatures: normal; font-variant-caps: normal; font-weight: 300;\">Tarabelle n'est pas inte\u0301resse\u0301e par notre famille e\u0301quine. Elle ne cherche que l'attention, le soin et l'amour des humains. Elle ne semble heureuse que lorsqu'elle n'est pas dans les pre\u0301s. Tarabelle adore passer du temps dans le jardin ou rester pre\u0300s de la table pendant que les humains de\u0301jeunent. Elle a me\u0302me aide\u0301 notre fondatrice a\u0300 appliquer la ce\u0301le\u0300bre me\u0301thode de de\u0301sencombrement KonMari dans la cave. Par une chaude journe\u0301e d'e\u0301te\u0301, elle s'est invite\u0301e a\u0300 l'inte\u0301rieur de la salle a\u0300 manger pour fuir de la chaleur mais surtout les mouches. Elle resta dans la salle a\u0300 manger pendant des heures, se reposant et se promenant avec pre\u0301caution. Elle n'a rien de\u0301truit ou me\u0302me de\u0301place\u0301.<\/span><\/p>\t\t\t\t\t<\/div>\n\t\t\t\t\t\t<\/div>\n\t\t\t\t<\/div>\n\t\t\t\t<div class=\"elementor-element elementor-element-44167f12 elementor-widget elementor-widget-image\" data-id=\"44167f12\" data-element_type=\"widget\" data-widget_type=\"image.default\">\n\t\t\t\t<div class=\"elementor-widget-container\">\n\t\t\t\t\t\t\t\t<div class=\"elementor-image\">\n\t\t\t\t\t\t\t\t\t<figure class=\"wp-caption\">\n\t\t\t\t\t\t\t\t\t\t<img decoding=\"async\" width=\"1024\" height=\"683\" src=\"http:\/\/muditasanctuary.org\/wp-content\/uploads\/2019\/11\/DSF1315-1024x683.jpg\" class=\"attachment-large size-large wp-image-1969\" alt=\"\" loading=\"lazy\" srcset=\"http:\/\/muditasanctuary.org\/wp-content\/uploads\/2019\/11\/DSF1315-1024x683.jpg 1024w, http:\/\/muditasanctuary.org\/wp-content\/uploads\/2019\/11\/DSF1315-300x200.jpg 300w, http:\/\/muditasanctuary.org\/wp-content\/uploads\/2019\/11\/DSF1315-768x512.jpg 768w, http:\/\/muditasanctuary.org\/wp-content\/uploads\/2019\/11\/DSF1315.jpg 2048w\" sizes=\"(max-width: 1024px) 100vw, 1024px\" \/>\t\t\t\t\t\t\t\t\t\t\t<figcaption class=\"widget-image-caption wp-caption-text\">Quoi? Vous n'aviez encore jamais vu une \u00e2nesse dans une salle \u00e0 manger?<\/figcaption>\n\t\t\t\t\t\t\t\t\t\t<\/figure>\n\t\t\t\t\t\t\t\t<\/div>\n\t\t\t\t\t\t<\/div>\n\t\t\t\t<\/div>\n\t\t\t\t<div class=\"elementor-element elementor-element-4510b07b elementor-widget elementor-widget-text-editor\" data-id=\"4510b07b\" data-element_type=\"widget\" data-widget_type=\"text-editor.default\">\n\t\t\t\t<div class=\"elementor-widget-container\">\n\t\t\t\t\t\t\t\t<div class=\"elementor-text-editor elementor-clearfix\">\n\t\t\t\t<p class=\"p1\" style=\"font-variant-ligatures: normal; font-variant-caps: normal; font-family: Roboto, sans-serif; font-size: 16px; font-style: normal; font-weight: 300;\">Re\u0301cemment, elle semble se lier d\u2019amitie\u0301 avec\u00a0<a style=\"font-size: 16px;\" href=\"http:\/\/muditasanctuary.org\/fr\/guests\/tintin\/\">Tintin<\/a>\u00a0et\u00a0<a style=\"font-size: 16px;\" href=\"http:\/\/muditasanctuary.org\/fr\/guests\/victor\/\">Victor<\/a>, nos deux autres a\u0302nes. On l'entend braire pour\u00a0<a style=\"font-size: 16px;\" href=\"http:\/\/muditasanctuary.org\/fr\/guests\/victor\/\">Victor<\/a>\u00a0quand elle est dans le pr\u00e9 mais lui pas, et vice versa.<\/p>\n<p class=\"p1\" style=\"font-variant-ligatures: normal; font-variant-caps: normal; font-family: Roboto, sans-serif; font-size: 16px; font-style: normal; font-weight: 300;\">Elle est tre\u0300s gentille et charmante avec nous et est parfaitement heureuse d'e\u0302tre soigne\u0301e, manipule\u0301e et brosse\u0301e. On cherche \u00e0 sauver un humain pour lui tenir compagnie dans le pr\u00e9 mais on n'a pas encore eu beaucoup de succ\u00e8s.<\/p>\n<p style=\"font-variant-ligatures: normal; font-variant-caps: normal; font-family: Roboto, sans-serif; font-size: 16px; font-style: normal; font-weight: 300; text-align: center;\"><em style=\"font-size: 16px;\">Il est important que les personnes (a\u0302ge\u0301es) prennent des dispositions pour leurs animaux de compagnie au cas ou\u0300 elles tomberaient malades ou de\u0301ce\u0301deraient. Sinon, les animaux en souffriront.<\/em><\/p>\t\t\t\t\t<\/div>\n\t\t\t\t\t\t<\/div>\n\t\t\t\t<\/div>\n\t\t\t\t<section class=\"elementor-section elementor-inner-section elementor-element elementor-element-48a0aa5d elementor-section-height-min-height elementor-section-boxed elementor-section-height-default\" data-id=\"48a0aa5d\" data-element_type=\"section\">\n\t\t\t\t\t\t<div class=\"elementor-container elementor-column-gap-default\">\n\t\t\t\t\t\t\t<div class=\"elementor-row\">\n\t\t\t\t\t<div class=\"elementor-column elementor-col-33 elementor-inner-column elementor-element elementor-element-75cfbe8a\" data-id=\"75cfbe8a\" data-element_type=\"column\" data-settings=\"{&quot;background_background&quot;:&quot;classic&quot;}\">\n\t\t\t<div class=\"elementor-column-wrap elementor-element-populated\">\n\t\t\t\t\t\t\t<div class=\"elementor-widget-wrap\">\n\t\t\t\t\t\t<div class=\"elementor-element elementor-element-51824c7f elementor-widget elementor-widget-spacer\" data-id=\"51824c7f\" data-element_type=\"widget\" data-widget_type=\"spacer.default\">\n\t\t\t\t<div class=\"elementor-widget-container\">\n\t\t\t\t\t<div class=\"elementor-spacer\">\n\t\t\t<div class=\"elementor-spacer-inner\"><\/div>\n\t\t<\/div>\n\t\t\t\t<\/div>\n\t\t\t\t<\/div>\n\t\t\t\t\t\t<\/div>\n\t\t\t\t\t<\/div>\n\t\t<\/div>\n\t\t\t\t<div class=\"elementor-column elementor-col-33 elementor-inner-column elementor-element elementor-element-21162bc7\" data-id=\"21162bc7\" data-element_type=\"column\" data-settings=\"{&quot;background_background&quot;:&quot;classic&quot;}\">\n\t\t\t<div class=\"elementor-column-wrap elementor-element-populated\">\n\t\t\t\t\t\t\t<div class=\"elementor-widget-wrap\">\n\t\t\t\t\t\t<div class=\"elementor-element elementor-element-3bab35d8 elementor-widget elementor-widget-spacer\" data-id=\"3bab35d8\" data-element_type=\"widget\" data-widget_type=\"spacer.default\">\n\t\t\t\t<div class=\"elementor-widget-container\">\n\t\t\t\t\t<div class=\"elementor-spacer\">\n\t\t\t<div class=\"elementor-spacer-inner\"><\/div>\n\t\t<\/div>\n\t\t\t\t<\/div>\n\t\t\t\t<\/div>\n\t\t\t\t\t\t<\/div>\n\t\t\t\t\t<\/div>\n\t\t<\/div>\n\t\t\t\t<div class=\"elementor-column elementor-col-33 elementor-inner-column elementor-element elementor-element-46a08874\" data-id=\"46a08874\" data-element_type=\"column\" data-settings=\"{&quot;background_background&quot;:&quot;classic&quot;}\">\n\t\t\t<div class=\"elementor-column-wrap elementor-element-populated\">\n\t\t\t\t\t\t\t<div class=\"elementor-widget-wrap\">\n\t\t\t\t\t\t<div class=\"elementor-element elementor-element-61304902 elementor-widget elementor-widget-spacer\" data-id=\"61304902\" data-element_type=\"widget\" data-widget_type=\"spacer.default\">\n\t\t\t\t<div class=\"elementor-widget-container\">\n\t\t\t\t\t<div class=\"elementor-spacer\">\n\t\t\t<div class=\"elementor-spacer-inner\"><\/div>\n\t\t<\/div>\n\t\t\t\t<\/div>\n\t\t\t\t<\/div>\n\t\t\t\t\t\t<\/div>\n\t\t\t\t\t<\/div>\n\t\t<\/div>\n\t\t\t\t\t\t\t\t<\/div>\n\t\t\t\t\t<\/div>\n\t\t<\/section>\n\t\t\t\t\t\t<\/div>\n\t\t\t\t\t<\/div>\n\t\t<\/div>\n\t\t\t\t\t\t\t\t<\/div>\n\t\t\t\t\t<\/div>\n\t\t<\/section>\n\t\t\t\t\t\t\t\t\t<\/div>\n\t\t\t<\/div>\n\t\t\t\t\t<\/div>","protected":false},"excerpt":{"rendered":"<p>Tarabelle Date of Birth:\u00a0\u00b1 2000 Gender:\u00a0Female Gotcha Day:\u00a023\/01\/2017 Breed: Andalusian Donkey Tarabelle was owned by an elderly couple. The husband, who was her primary caretaker, suffered a stroke which meant he had a tough time walking and could no longer care for her. However, he was the kind of person who had spoiled the donkey [&hellip;]<\/p>","protected":false},"author":2,"featured_media":862,"parent":1534,"menu_order":2,"comment_status":"closed","ping_status":"closed","template":"","meta":{"_mi_skip_tracking":false,"_monsterinsights_sitenote_active":false,"_monsterinsights_sitenote_note":"","_monsterinsights_sitenote_category":0,"_wp_rev_ctl_limit":""},"aioseo_notices":[],"_links":{"self":[{"href":"http:\/\/muditasanctuary.org\/fr\/wp-json\/wp\/v2\/pages\/280"}],"collection":[{"href":"http:\/\/muditasanctuary.org\/fr\/wp-json\/wp\/v2\/pages"}],"about":[{"href":"http:\/\/muditasanctuary.org\/fr\/wp-json\/wp\/v2\/types\/page"}],"author":[{"embeddable":true,"href":"http:\/\/muditasanctuary.org\/fr\/wp-json\/wp\/v2\/users\/2"}],"replies":[{"embeddable":true,"href":"http:\/\/muditasanctuary.org\/fr\/wp-json\/wp\/v2\/comments?post=280"}],"version-history":[{"count":0,"href":"http:\/\/muditasanctuary.org\/fr\/wp-json\/wp\/v2\/pages\/280\/revisions"}],"up":[{"embeddable":true,"href":"http:\/\/muditasanctuary.org\/fr\/wp-json\/wp\/v2\/pages\/1534"}],"wp:featuredmedia":[{"embeddable":true,"href":"http:\/\/muditasanctuary.org\/fr\/wp-json\/wp\/v2\/media\/862"}],"wp:attachment":[{"href":"http:\/\/muditasanctuary.org\/fr\/wp-json\/wp\/v2\/media?parent=280"}],"curies":[{"name":"wp","href":"https:\/\/api.w.org\/{rel}","templated":true}]}}