{"id":272,"date":"2016-02-16T14:42:40","date_gmt":"2016-02-16T13:42:40","guid":{"rendered":"http:\/\/demo.athemes.com\/astrid\/?page_id=98"},"modified":"2020-01-18T13:18:24","modified_gmt":"2020-01-18T12:18:24","slug":"chronos","status":"publish","type":"page","link":"http:\/\/muditasanctuary.org\/fr\/guests\/chronos\/","title":{"rendered":"Chronos"},"content":{"rendered":"<div data-elementor-type=\"wp-page\" data-elementor-id=\"272\" class=\"elementor elementor-272\">\n\t\t\t\t\t\t<div class=\"elementor-inner\">\n\t\t\t\t<div class=\"elementor-section-wrap\">\n\t\t\t\t\t\t\t\t\t<section class=\"elementor-section elementor-top-section elementor-element elementor-element-f69f7d2 elementor-section-boxed elementor-section-height-default elementor-section-height-default\" data-id=\"f69f7d2\" data-element_type=\"section\">\n\t\t\t\t\t\t<div class=\"elementor-container elementor-column-gap-default\">\n\t\t\t\t\t\t\t<div class=\"elementor-row\">\n\t\t\t\t\t<div class=\"elementor-column elementor-col-100 elementor-top-column elementor-element elementor-element-222f4ea\" data-id=\"222f4ea\" data-element_type=\"column\">\n\t\t\t<div class=\"elementor-column-wrap elementor-element-populated\">\n\t\t\t\t\t\t\t<div class=\"elementor-widget-wrap\">\n\t\t\t\t\t\t<div class=\"elementor-element elementor-element-03d70fb elementor-widget elementor-widget-heading\" data-id=\"03d70fb\" data-element_type=\"widget\" data-widget_type=\"heading.default\">\n\t\t\t\t<div class=\"elementor-widget-container\">\n\t\t\t<h2 class=\"elementor-heading-title elementor-size-xxl\">Chronos<\/h2>\t\t<\/div>\n\t\t\t\t<\/div>\n\t\t\t\t<div class=\"elementor-element elementor-element-f3381b7 elementor-widget elementor-widget-image\" data-id=\"f3381b7\" data-element_type=\"widget\" data-widget_type=\"image.default\">\n\t\t\t\t<div class=\"elementor-widget-container\">\n\t\t\t\t\t\t\t\t<div class=\"elementor-image\">\n\t\t\t\t\t\t\t\t\t\t\t\t<img decoding=\"async\" width=\"1024\" height=\"730\" src=\"http:\/\/muditasanctuary.org\/wp-content\/uploads\/2019\/02\/DSF0968.jpg\" class=\"attachment-large size-large wp-image-881\" alt=\"\" loading=\"lazy\" srcset=\"http:\/\/muditasanctuary.org\/wp-content\/uploads\/2019\/02\/DSF0968.jpg 2048w, http:\/\/muditasanctuary.org\/wp-content\/uploads\/2019\/02\/DSF0968-700x499.jpg 700w, http:\/\/muditasanctuary.org\/wp-content\/uploads\/2019\/02\/DSF0968-520x370.jpg 520w, http:\/\/muditasanctuary.org\/wp-content\/uploads\/2019\/02\/DSF0968-360x256.jpg 360w, http:\/\/muditasanctuary.org\/wp-content\/uploads\/2019\/02\/DSF0968-250x178.jpg 250w, http:\/\/muditasanctuary.org\/wp-content\/uploads\/2019\/02\/DSF0968-100x71.jpg 100w\" sizes=\"(max-width: 1024px) 100vw, 1024px\" \/>\t\t\t\t\t\t\t\t\t\t\t\t\t\t<\/div>\n\t\t\t\t\t\t<\/div>\n\t\t\t\t<\/div>\n\t\t\t\t<section class=\"elementor-section elementor-inner-section elementor-element elementor-element-8d0f26e elementor-section-boxed elementor-section-height-default elementor-section-height-default\" data-id=\"8d0f26e\" data-element_type=\"section\">\n\t\t\t\t\t\t<div class=\"elementor-container elementor-column-gap-default\">\n\t\t\t\t\t\t\t<div class=\"elementor-row\">\n\t\t\t\t\t<div class=\"elementor-column elementor-col-50 elementor-inner-column elementor-element elementor-element-b87b654\" data-id=\"b87b654\" data-element_type=\"column\">\n\t\t\t<div class=\"elementor-column-wrap elementor-element-populated\">\n\t\t\t\t\t\t\t<div class=\"elementor-widget-wrap\">\n\t\t\t\t\t\t<div class=\"elementor-element elementor-element-fbf6579 elementor-widget elementor-widget-text-editor\" data-id=\"fbf6579\" data-element_type=\"widget\" data-widget_type=\"text-editor.default\">\n\t\t\t\t<div class=\"elementor-widget-container\">\n\t\t\t\t\t\t\t\t<div class=\"elementor-text-editor elementor-clearfix\">\n\t\t\t\t<p><strong>Date de Naissance:<\/strong> 17\/05\/2015<\/p><p><strong>Sexe:<\/strong> M\u00e2le<\/p>\t\t\t\t\t<\/div>\n\t\t\t\t\t\t<\/div>\n\t\t\t\t<\/div>\n\t\t\t\t\t\t<\/div>\n\t\t\t\t\t<\/div>\n\t\t<\/div>\n\t\t\t\t<div class=\"elementor-column elementor-col-50 elementor-inner-column elementor-element elementor-element-dde2233\" data-id=\"dde2233\" data-element_type=\"column\">\n\t\t\t<div class=\"elementor-column-wrap elementor-element-populated\">\n\t\t\t\t\t\t\t<div class=\"elementor-widget-wrap\">\n\t\t\t\t\t\t<div class=\"elementor-element elementor-element-1241ba6 elementor-widget elementor-widget-text-editor\" data-id=\"1241ba6\" data-element_type=\"widget\" data-widget_type=\"text-editor.default\">\n\t\t\t\t<div class=\"elementor-widget-container\">\n\t\t\t\t\t\t\t\t<div class=\"elementor-text-editor elementor-clearfix\">\n\t\t\t\t<p><strong>Accueil le:<\/strong> 12\/06\/2015<\/p>\n<p><strong>Race:<\/strong> Frisonne Holstein<\/p>\t\t\t\t\t<\/div>\n\t\t\t\t\t\t<\/div>\n\t\t\t\t<\/div>\n\t\t\t\t\t\t<\/div>\n\t\t\t\t\t<\/div>\n\t\t<\/div>\n\t\t\t\t\t\t\t\t<\/div>\n\t\t\t\t\t<\/div>\n\t\t<\/section>\n\t\t\t\t<section class=\"elementor-section elementor-inner-section elementor-element elementor-element-5605450 elementor-section-boxed elementor-section-height-default elementor-section-height-default\" data-id=\"5605450\" data-element_type=\"section\">\n\t\t\t\t\t\t<div class=\"elementor-container elementor-column-gap-default\">\n\t\t\t\t\t\t\t<div class=\"elementor-row\">\n\t\t\t\t\t<div class=\"elementor-column elementor-col-50 elementor-inner-column elementor-element elementor-element-78212a3\" data-id=\"78212a3\" data-element_type=\"column\">\n\t\t\t<div class=\"elementor-column-wrap elementor-element-populated\">\n\t\t\t\t\t\t\t<div class=\"elementor-widget-wrap\">\n\t\t\t\t\t\t<div class=\"elementor-element elementor-element-c73248c elementor-widget elementor-widget-image\" data-id=\"c73248c\" data-element_type=\"widget\" data-widget_type=\"image.default\">\n\t\t\t\t<div class=\"elementor-widget-container\">\n\t\t\t\t\t\t\t\t<div class=\"elementor-image\">\n\t\t\t\t\t\t\t\t\t\t\t\t<img decoding=\"async\" width=\"683\" height=\"1024\" src=\"http:\/\/muditasanctuary.org\/wp-content\/uploads\/2018\/08\/Q6A9960-683x1024.jpg\" class=\"attachment-large size-large wp-image-23\" alt=\"\" loading=\"lazy\" srcset=\"http:\/\/muditasanctuary.org\/wp-content\/uploads\/2018\/08\/Q6A9960-683x1024.jpg 683w, http:\/\/muditasanctuary.org\/wp-content\/uploads\/2018\/08\/Q6A9960-200x300.jpg 200w, http:\/\/muditasanctuary.org\/wp-content\/uploads\/2018\/08\/Q6A9960-768x1152.jpg 768w, http:\/\/muditasanctuary.org\/wp-content\/uploads\/2018\/08\/Q6A9960-700x1050.jpg 700w, http:\/\/muditasanctuary.org\/wp-content\/uploads\/2018\/08\/Q6A9960-520x780.jpg 520w, http:\/\/muditasanctuary.org\/wp-content\/uploads\/2018\/08\/Q6A9960-360x540.jpg 360w, http:\/\/muditasanctuary.org\/wp-content\/uploads\/2018\/08\/Q6A9960-250x375.jpg 250w, http:\/\/muditasanctuary.org\/wp-content\/uploads\/2018\/08\/Q6A9960-100x150.jpg 100w, http:\/\/muditasanctuary.org\/wp-content\/uploads\/2018\/08\/Q6A9960.jpg 1000w\" sizes=\"(max-width: 683px) 100vw, 683px\" \/>\t\t\t\t\t\t\t\t\t\t\t\t\t\t<\/div>\n\t\t\t\t\t\t<\/div>\n\t\t\t\t<\/div>\n\t\t\t\t\t\t<\/div>\n\t\t\t\t\t<\/div>\n\t\t<\/div>\n\t\t\t\t<div class=\"elementor-column elementor-col-50 elementor-inner-column elementor-element elementor-element-804573d\" data-id=\"804573d\" data-element_type=\"column\">\n\t\t\t<div class=\"elementor-column-wrap elementor-element-populated\">\n\t\t\t\t\t\t\t<div class=\"elementor-widget-wrap\">\n\t\t\t\t\t\t<div class=\"elementor-element elementor-element-6b7ca9a elementor-widget elementor-widget-text-editor\" data-id=\"6b7ca9a\" data-element_type=\"widget\" data-widget_type=\"text-editor.default\">\n\t\t\t\t<div class=\"elementor-widget-container\">\n\t\t\t\t\t\t\t\t<div class=\"elementor-text-editor elementor-clearfix\">\n\t\t\t\t<p>Ariane, notre fondatrice, cherchait l'un de ses voisins et alla dans une grange ou\u0300 elle n'e\u0301tait jamais alle\u0301e auparavant. Elle a vu une douzaine de veaux Holstein individuellement attache\u0301s au mur avec des chai\u0302nes. Les chai\u0302nes ne de\u0301passant pas 50 cm de long. C\u2019e\u0301tait juste assez pour leur permettre de se retourner ou de se coucher. Il y avait de la paille au sol mais elle n'avaient clairement pas e\u0301te\u0301 change\u0301s depuis tre\u0300s longtemps, la paille e\u0301taient donc recouvertes d'urine et de matie\u0300res fe\u0301cales. L'acide de l'urine avait bru\u0302le\u0301 des parties du corps qui e\u0301taient entre\u0301e en contact avec la paille, de sorte que beaucoup de veaux avaient des taches chauves et une peau irrite\u0301e.<\/p><p>Lorsqu'elle a rencontre\u0301 l'agriculteur, il lui a dit que les 3 ma\u0302les seraient envoye\u0301s en Espagne pour y e\u0302tre engraisse\u0301s et ensuite abattus.<\/p>\t\t\t\t\t<\/div>\n\t\t\t\t\t\t<\/div>\n\t\t\t\t<\/div>\n\t\t\t\t\t\t<\/div>\n\t\t\t\t\t<\/div>\n\t\t<\/div>\n\t\t\t\t\t\t\t\t<\/div>\n\t\t\t\t\t<\/div>\n\t\t<\/section>\n\t\t\t\t<div class=\"elementor-element elementor-element-90d232a elementor-widget elementor-widget-text-editor\" data-id=\"90d232a\" data-element_type=\"widget\" data-widget_type=\"text-editor.default\">\n\t\t\t\t<div class=\"elementor-widget-container\">\n\t\t\t\t\t\t\t\t<div class=\"elementor-text-editor elementor-clearfix\">\n\t\t\t\t<p><span style=\"font-size: 16px;\">Les vaches Holstein (vaches laitie\u0300res) sont utilise\u0301es pour la production laitie\u0300re et leurs veaux ma\u0302les sont si maigres que l\u2019industrie de la viande en Belgique ou en France ne les veut pas, en raison de la faible quantite\u0301 de viande disponible. Dans certaines fermes, les veaux Holstein ma\u0302les sont simplement jete\u0301s vivants dans de grandes poubelles, e\u0301tiquete\u0301s comme des de\u0301chets. Ce fermier les vend cependant a\u0300 l'Espagne. Ils sont destine\u0301s a\u0300 voyager pendant au moins 38 heures entasse\u0301s dans un camion sans nourriture ni eau. 25% des veaux sont de\u0301ce\u0301de\u0301s au moment ou\u0300 ils atteignent leur destination. Les femelles, par contre, sont garde\u0301s pour remplacer leur me\u0300re une fois que celle-ci est comple\u0300tement e\u0301puise\u0301e, vers 6 ans, puis ils sont e\u0301galement envoye\u0301s a\u0300 l'abattoir.&nbsp;<\/span><br><\/p>\n<p>Sans he\u0301siter, Ariane a demande\u0301 au fermier si elle pouvait acheter les trois ma\u0302les. Le lendemain, nous sommes alle\u0301s les chercher pour les emmener dans le sanctuaire ou ils vivront paisiblement.&nbsp;<\/p>\t\t\t\t\t<\/div>\n\t\t\t\t\t\t<\/div>\n\t\t\t\t<\/div>\n\t\t\t\t<div class=\"elementor-element elementor-element-fe6c167 elementor-widget elementor-widget-image\" data-id=\"fe6c167\" data-element_type=\"widget\" data-widget_type=\"image.default\">\n\t\t\t\t<div class=\"elementor-widget-container\">\n\t\t\t\t\t\t\t\t<div class=\"elementor-image\">\n\t\t\t\t\t\t\t\t\t<figure class=\"wp-caption\">\n\t\t\t\t\t\t\t\t\t\t<img decoding=\"async\" width=\"1024\" height=\"684\" src=\"http:\/\/muditasanctuary.org\/wp-content\/uploads\/2019\/11\/DSF3980-1024x684.jpg\" class=\"attachment-large size-large wp-image-1909\" alt=\"\" loading=\"lazy\" srcset=\"http:\/\/muditasanctuary.org\/wp-content\/uploads\/2019\/11\/DSF3980-1024x684.jpg 1024w, http:\/\/muditasanctuary.org\/wp-content\/uploads\/2019\/11\/DSF3980-300x200.jpg 300w, http:\/\/muditasanctuary.org\/wp-content\/uploads\/2019\/11\/DSF3980-768x513.jpg 768w, http:\/\/muditasanctuary.org\/wp-content\/uploads\/2019\/11\/DSF3980.jpg 2048w\" sizes=\"(max-width: 1024px) 100vw, 1024px\" \/>\t\t\t\t\t\t\t\t\t\t\t<figcaption class=\"widget-image-caption wp-caption-text\">Jamais trop loin de son fr\u00e8re Herm\u00e8s<\/figcaption>\n\t\t\t\t\t\t\t\t\t\t<\/figure>\n\t\t\t\t\t\t\t\t<\/div>\n\t\t\t\t\t\t<\/div>\n\t\t\t\t<\/div>\n\t\t\t\t<div class=\"elementor-element elementor-element-e8bbce9 elementor-widget elementor-widget-text-editor\" data-id=\"e8bbce9\" data-element_type=\"widget\" data-widget_type=\"text-editor.default\">\n\t\t\t\t<div class=\"elementor-widget-container\">\n\t\t\t\t\t\t\t\t<div class=\"elementor-text-editor elementor-clearfix\">\n\t\t\t\t<p>A\u0300 la ferme, les veaux boivent du lait en poudre dans un seau comme un chien (bien su\u0302r, le lait de la me\u0300re est exclusivement re\u0301serve\u0301 a\u0300 la consommation humaine!). Les veaux sont suppose\u0301s te\u0301ter et boire du lait avec la te\u0302te tourne\u0301e vers le haut, conforme\u0301ment a\u0300 la nature. Cela facilite leur digestion.&nbsp;<\/p>\n<p>Nous avons donc achete\u0301 des biberons et une pre\u0301paration spe\u0301ciale. Nous les avons nourris 6 fois par jour, d'abord a\u0300 la main, puis nous avons mis au point un moyen de bien accrocher les biberons au mur. &nbsp;<\/p>\n<p>Nous avions une vache, Pluche, a\u0302ge\u0301e de plus de 19 ans, qui n'avait jamais eu de veau auparavant, elle a pris Chronos et les autres ma\u0302les sous son aile. Elle leur a beaucoup appris et les a pris en charge.&nbsp;<\/p>\n<p>Chronos est devenu un grand taureau en bonne sante\u0301 de 1,2 tonne avec de belles cornes qu'il porte fie\u0300rement. Vous ne le verrez jamais sans son fr\u00e8re&nbsp;<a href=\"http:\/\/muditasanctuary.org\/fr\/guests\/hermes\/\">Hermes<\/a>. Ils sont ins\u00e9parables. Il aime e\u0302tre caresse\u0301, brosse\u0301 et gratte\u0301, en particulier autour du cou et des oreilles. Si vous frottez son ventre, il se retourne presque sur le dos comme un chien. (Il ne le fait pas car il est \u00e9norme, et non parce qu'il ne d\u00e9sire pas le faire!)<\/p><p><br><\/p>\n<p style=\"text-align: center;\"><em style=\"font-variant-ligatures: normal; font-variant-caps: normal; font-family: Roboto, sans-serif; font-size: 16px; font-weight: 300; text-align: center;\">Bien que la pens\u00e9e commune soit qu'aucun animal n'est tu\u00e9 pour fabriquer du lait ou du fromage, cela ne pourrait pas \u00eatre plus \u00e9loign\u00e9 de la v\u00e9rit\u00e9. A la fin, chaque animal meurt bien avant son heure. Veuillez ne pas soutenir ces industries cruelles et abandonner les produits laitiers&nbsp;<\/em><em style=\"font-variant-ligatures: normal; font-variant-caps: normal; font-family: Roboto, sans-serif; font-size: 16px; font-weight: 300; text-align: center;\">en faveur<\/em><em style=\"font-variant-ligatures: normal; font-variant-caps: normal; font-family: Roboto, sans-serif; font-size: 16px; font-weight: 300; text-align: center;\">&nbsp;du&nbsp;<\/em><em style=\"font-variant-ligatures: normal; font-variant-caps: normal; font-family: Roboto, sans-serif; font-size: 16px; font-weight: 300; text-align: center;\">v\u00e9g\u00e9taliennes \u00e0 base de<\/em><em style=\"font-variant-ligatures: normal; font-variant-caps: normal; font-family: Roboto, sans-serif; font-size: 16px; font-weight: 300; text-align: center;\">&nbsp;plantes.<\/em><\/p>\t\t\t\t\t<\/div>\n\t\t\t\t\t\t<\/div>\n\t\t\t\t<\/div>\n\t\t\t\t<section class=\"elementor-section elementor-inner-section elementor-element elementor-element-c94898d elementor-section-height-min-height elementor-section-boxed elementor-section-height-default\" data-id=\"c94898d\" data-element_type=\"section\">\n\t\t\t\t\t\t<div class=\"elementor-container elementor-column-gap-default\">\n\t\t\t\t\t\t\t<div class=\"elementor-row\">\n\t\t\t\t\t<div class=\"elementor-column elementor-col-33 elementor-inner-column elementor-element elementor-element-c30f81d\" data-id=\"c30f81d\" data-element_type=\"column\" data-settings=\"{&quot;background_background&quot;:&quot;classic&quot;}\">\n\t\t\t<div class=\"elementor-column-wrap elementor-element-populated\">\n\t\t\t\t\t\t\t<div class=\"elementor-widget-wrap\">\n\t\t\t\t\t\t<div class=\"elementor-element elementor-element-0b20061 elementor-widget elementor-widget-spacer\" data-id=\"0b20061\" data-element_type=\"widget\" data-widget_type=\"spacer.default\">\n\t\t\t\t<div class=\"elementor-widget-container\">\n\t\t\t\t\t<div class=\"elementor-spacer\">\n\t\t\t<div class=\"elementor-spacer-inner\"><\/div>\n\t\t<\/div>\n\t\t\t\t<\/div>\n\t\t\t\t<\/div>\n\t\t\t\t\t\t<\/div>\n\t\t\t\t\t<\/div>\n\t\t<\/div>\n\t\t\t\t<div class=\"elementor-column elementor-col-33 elementor-inner-column elementor-element elementor-element-1f2b2e2\" data-id=\"1f2b2e2\" data-element_type=\"column\" data-settings=\"{&quot;background_background&quot;:&quot;classic&quot;}\">\n\t\t\t<div class=\"elementor-column-wrap elementor-element-populated\">\n\t\t\t\t\t\t\t<div class=\"elementor-widget-wrap\">\n\t\t\t\t\t\t<div class=\"elementor-element elementor-element-1a7efd0 elementor-widget elementor-widget-spacer\" data-id=\"1a7efd0\" data-element_type=\"widget\" data-widget_type=\"spacer.default\">\n\t\t\t\t<div class=\"elementor-widget-container\">\n\t\t\t\t\t<div class=\"elementor-spacer\">\n\t\t\t<div class=\"elementor-spacer-inner\"><\/div>\n\t\t<\/div>\n\t\t\t\t<\/div>\n\t\t\t\t<\/div>\n\t\t\t\t\t\t<\/div>\n\t\t\t\t\t<\/div>\n\t\t<\/div>\n\t\t\t\t<div class=\"elementor-column elementor-col-33 elementor-inner-column elementor-element elementor-element-8ada14e\" data-id=\"8ada14e\" data-element_type=\"column\" data-settings=\"{&quot;background_background&quot;:&quot;classic&quot;}\">\n\t\t\t<div class=\"elementor-column-wrap elementor-element-populated\">\n\t\t\t\t\t\t\t<div class=\"elementor-widget-wrap\">\n\t\t\t\t\t\t<div class=\"elementor-element elementor-element-df55d92 elementor-widget elementor-widget-spacer\" data-id=\"df55d92\" data-element_type=\"widget\" data-widget_type=\"spacer.default\">\n\t\t\t\t<div class=\"elementor-widget-container\">\n\t\t\t\t\t<div class=\"elementor-spacer\">\n\t\t\t<div class=\"elementor-spacer-inner\"><\/div>\n\t\t<\/div>\n\t\t\t\t<\/div>\n\t\t\t\t<\/div>\n\t\t\t\t\t\t<\/div>\n\t\t\t\t\t<\/div>\n\t\t<\/div>\n\t\t\t\t\t\t\t\t<\/div>\n\t\t\t\t\t<\/div>\n\t\t<\/section>\n\t\t\t\t\t\t<\/div>\n\t\t\t\t\t<\/div>\n\t\t<\/div>\n\t\t\t\t\t\t\t\t<\/div>\n\t\t\t\t\t<\/div>\n\t\t<\/section>\n\t\t\t\t\t\t\t\t\t<\/div>\n\t\t\t<\/div>\n\t\t\t\t\t<\/div>","protected":false},"excerpt":{"rendered":"<p>Chronos Date of Birth: 17\/05\/2015 Gender: Male Gotcha Day: 12\/06\/2015 Breed: Holstein Friesian Ariane, our founder, was looking for one of her neighbours and went looking for him inside a barn where she had never stepped in before. She witnessed a dozen Holstein calves individually tied to the wall with shackles and chains that were [&hellip;]<\/p>","protected":false},"author":2,"featured_media":883,"parent":1534,"menu_order":0,"comment_status":"closed","ping_status":"closed","template":"","meta":{"_mi_skip_tracking":false,"_monsterinsights_sitenote_active":false,"_monsterinsights_sitenote_note":"","_monsterinsights_sitenote_category":0,"_wp_rev_ctl_limit":""},"aioseo_notices":[],"_links":{"self":[{"href":"http:\/\/muditasanctuary.org\/fr\/wp-json\/wp\/v2\/pages\/272"}],"collection":[{"href":"http:\/\/muditasanctuary.org\/fr\/wp-json\/wp\/v2\/pages"}],"about":[{"href":"http:\/\/muditasanctuary.org\/fr\/wp-json\/wp\/v2\/types\/page"}],"author":[{"embeddable":true,"href":"http:\/\/muditasanctuary.org\/fr\/wp-json\/wp\/v2\/users\/2"}],"replies":[{"embeddable":true,"href":"http:\/\/muditasanctuary.org\/fr\/wp-json\/wp\/v2\/comments?post=272"}],"version-history":[{"count":2,"href":"http:\/\/muditasanctuary.org\/fr\/wp-json\/wp\/v2\/pages\/272\/revisions"}],"predecessor-version":[{"id":2722,"href":"http:\/\/muditasanctuary.org\/fr\/wp-json\/wp\/v2\/pages\/272\/revisions\/2722"}],"up":[{"embeddable":true,"href":"http:\/\/muditasanctuary.org\/fr\/wp-json\/wp\/v2\/pages\/1534"}],"wp:featuredmedia":[{"embeddable":true,"href":"http:\/\/muditasanctuary.org\/fr\/wp-json\/wp\/v2\/media\/883"}],"wp:attachment":[{"href":"http:\/\/muditasanctuary.org\/fr\/wp-json\/wp\/v2\/media?parent=272"}],"curies":[{"name":"wp","href":"https:\/\/api.w.org\/{rel}","templated":true}]}}